{"id":8196,"date":"2023-01-04T14:20:11","date_gmt":"2023-01-04T13:20:11","guid":{"rendered":"https:\/\/danielgoyone.com\/?post_type=product&#038;p=8196"},"modified":"2023-02-27T10:53:55","modified_gmt":"2023-02-27T09:53:55","slug":"harmoniser-les-rythmes","status":"publish","type":"product","link":"https:\/\/danielgoyone.com\/fr\/product\/harmoniser-les-rythmes\/","title":{"rendered":"HARMONISER LES RYTHMES : Pulsation, Nombres, Claves"},"content":{"rendered":"","protected":false},"excerpt":{"rendered":"<p>&nbsp;<\/p>\n<h2><big><strong>HARMONISER LES RYTHMES (<\/strong><\/big><big><strong>Pulsation, Nombres, Claves)<br \/>\n<\/strong><\/big><\/h2>\n<p>&nbsp;<\/p>\n<p><a href=\"https:\/\/danielgoyone.com\/wp-content\/uploads\/2023\/01\/aperc\u0327u-Harmoniser-les-rythmes-boutique.pdf\" target=\"_blank\" rel=\"noopener\"><strong><span style=\"color: #e13004;\"><big><strong><span style=\"color: #e13004;\">Aper\u00e7u (Sommaire et introduction)<\/span><\/strong><\/big><\/span><\/strong><\/a><\/p>\n<div class=\"page\" title=\"Page 1\">\n<p>Renouveler l&rsquo;approche du rythme, en restant reli\u00e9 \u00e0 ce qui en constitue l&rsquo;essence : la pulsation et le nombre.<\/p>\n<p>Cerner les figures rythmiques essentielles, les arch\u00e9types universels, puis d\u00e9cliner ces mod\u00e8les et les faire interagir.<\/p>\n<p>Tous ces points sont comment\u00e9s et illustr\u00e9s par plusieurs extraits issus de mes compositions.<\/p>\n<\/div>\n<p><span style=\"color: #ff0000;\"><strong>EN VENTE : 16 \u20ac<br \/>\n<\/strong><strong>Pour la FRANCE, uniquement<br \/>\n<\/strong><strong>(Participation aux frais d&rsquo;exp\u00e9dition incluse)<br \/>\n<\/strong><\/span><\/p>\n<p><span style=\"color: #ff0000;\"><strong>Pour l&rsquo;\u00c9TRANGER : <a href=\"https:\/\/www.amazon.fr\/Harmoniser-Rythmes-Pulsation-Nombres-Claves\/dp\/B0BQ94N95H\/\" target=\"_blank\" rel=\"noopener\">Harmoniser les Rythmes<\/a><br \/>\n<\/strong><\/span><\/p>\n<p>&nbsp;<\/p>\n<p>&nbsp;<\/p>\n<p><span style=\"color: #ff0000;\"><strong>\u00a0<\/strong><\/span><\/p>\n<p>&nbsp;<\/p>\n<p>&nbsp;<\/p>\n","protected":false},"featured_media":8200,"template":"","meta":[],"product_cat":[199],"product_tag":[],"_links":{"self":[{"href":"https:\/\/danielgoyone.com\/fr\/wp-json\/wp\/v2\/product\/8196"}],"collection":[{"href":"https:\/\/danielgoyone.com\/fr\/wp-json\/wp\/v2\/product"}],"about":[{"href":"https:\/\/danielgoyone.com\/fr\/wp-json\/wp\/v2\/types\/product"}],"wp:featuredmedia":[{"embeddable":true,"href":"https:\/\/danielgoyone.com\/fr\/wp-json\/wp\/v2\/media\/8200"}],"wp:attachment":[{"href":"https:\/\/danielgoyone.com\/fr\/wp-json\/wp\/v2\/media?parent=8196"}],"wp:term":[{"taxonomy":"product_cat","embeddable":true,"href":"https:\/\/danielgoyone.com\/fr\/wp-json\/wp\/v2\/product_cat?post=8196"},{"taxonomy":"product_tag","embeddable":true,"href":"https:\/\/danielgoyone.com\/fr\/wp-json\/wp\/v2\/product_tag?post=8196"}],"curies":[{"name":"wp","href":"https:\/\/api.w.org\/{rel}","templated":true}]}}