{"id":8037,"date":"2022-07-25T12:19:30","date_gmt":"2022-07-25T10:19:30","guid":{"rendered":"https:\/\/danielgoyone.com\/?post_type=product&#038;p=8037"},"modified":"2022-10-18T11:09:38","modified_gmt":"2022-10-18T09:09:38","slug":"etranges-maneges","status":"publish","type":"product","link":"https:\/\/danielgoyone.com\/fr\/product\/etranges-maneges\/","title":{"rendered":"CD : \u00c9tranges Man\u00e8ges"},"content":{"rendered":"","protected":false},"excerpt":{"rendered":"<p>&nbsp;<\/p>\n<div><big><strong>\u00c9tranges Man\u00e8ges <\/strong>(CC Production 98731) 2004<\/big><\/div>\n<p>&nbsp;<\/p>\n<p><strong>Daniel Goyone<\/strong> : piano<\/p>\n<p><strong>Thierry Bonneaux :<\/strong> vibraphone, marimba, percussions<\/p>\n<p><strong>Chris Hayward :<\/strong> fl\u00fbtes<\/p>\n<p>&nbsp;<\/p>\n<p><strong><i>\u00c9trange Man\u00e8ge : <\/i><\/strong>v\u00e9hicule emprunt\u00e9 par un compositeur pour se rendre dans le domaine de l\u2019imaginaire. Il peut prendre des formes vari\u00e9es et souvent impr\u00e9visibles.<\/p>\n<p>Quelquefois, on le rencontre par hasard, quelquefois on le construit, plus ou moins laborieusement, en m\u00ealant les raisonnements les plus abstraits au bricolage le plus empirique.<\/p>\n<p>En pr\u00e9sence d\u2019un \u00c9trange Man\u00e8ge, il ne reste plus au musicien, comme \u00e0 l\u2019auditeur, qu\u2019\u00e0 se laisser porter, tout en murmurant: \u00ab Silence, on tourne! \u00bb<\/p>\n<p>******<\/p>\n<p>\u00ab\u00a0<i>Une exigence extr\u00eame au niveau de la conception, associ\u00e9e \u00e0 une fluidit\u00e9 d&rsquo;ex\u00e9cution totale, d&rsquo;o\u00f9 naissent un charme et une \u00e9motion uniques<\/i>\u00a0\u00bb<\/p>\n<p><strong>Coup de c\u0153ur, Piano Magazine, Mai-Juin 2004<\/strong><\/p>\n<p>**********************<\/p>\n<p>Titlu, Haute Marne, Introduction \u00e0 Douda\u00ef dance, Douda\u00ef dance, For Morton Feldman, Her Song, Riding on the Wind, Demi-Teintes, Cincando, Tournelune, \u00c9tranges Man\u00e8ges, Boules et Billes, La Ronde, Danse #13, Yellow Circle<\/p>\n","protected":false},"featured_media":7911,"template":"","meta":[],"product_cat":[191],"product_tag":[],"_links":{"self":[{"href":"https:\/\/danielgoyone.com\/fr\/wp-json\/wp\/v2\/product\/8037"}],"collection":[{"href":"https:\/\/danielgoyone.com\/fr\/wp-json\/wp\/v2\/product"}],"about":[{"href":"https:\/\/danielgoyone.com\/fr\/wp-json\/wp\/v2\/types\/product"}],"wp:featuredmedia":[{"embeddable":true,"href":"https:\/\/danielgoyone.com\/fr\/wp-json\/wp\/v2\/media\/7911"}],"wp:attachment":[{"href":"https:\/\/danielgoyone.com\/fr\/wp-json\/wp\/v2\/media?parent=8037"}],"wp:term":[{"taxonomy":"product_cat","embeddable":true,"href":"https:\/\/danielgoyone.com\/fr\/wp-json\/wp\/v2\/product_cat?post=8037"},{"taxonomy":"product_tag","embeddable":true,"href":"https:\/\/danielgoyone.com\/fr\/wp-json\/wp\/v2\/product_tag?post=8037"}],"curies":[{"name":"wp","href":"https:\/\/api.w.org\/{rel}","templated":true}]}}