{"id":7923,"date":"2022-07-06T14:07:22","date_gmt":"2022-07-06T12:07:22","guid":{"rendered":"https:\/\/danielgoyone.com\/fr\/?post_type=product&#038;p=7923"},"modified":"2023-03-28T09:45:37","modified_gmt":"2023-03-28T07:45:37","slug":"recueil-fk-scores-finalise-24-juin","status":"publish","type":"product","link":"https:\/\/danielgoyone.com\/fr\/product\/recueil-fk-scores-finalise-24-juin\/","title":{"rendered":"FRENCH KEYS : Recueil de partitions"},"content":{"rendered":"","protected":false},"excerpt":{"rendered":"<p>&nbsp;<\/p>\n<h2><big><strong>FRENCH KEYS\u00a0 (<\/strong><\/big><big><strong>\u00c0 t\u00e9l\u00e9charger\/ Download)<br \/>\n<\/strong><\/big><\/h2>\n<p>&nbsp;<\/p>\n<p><a href=\"https:\/\/danielgoyone.com\/wp-content\/uploads\/2022\/08\/aperc\u0327u-pour-recueil-French-Keys.pdf\" target=\"_blank\" rel=\"noopener\"><strong><span style=\"color: #e13004;\"><big><strong><span style=\"color: #e13004;\">Aper\u00e7u (extraits de Score et Parties)<\/span><\/strong><\/big><\/span><\/strong><\/a><\/p>\n<p>&nbsp;<\/p>\n<p>&nbsp;<\/p>\n<div><strong>Partitions<\/strong> pour Piano et Vibraphone (ou marimba) extraites du CD <em>French Keys<\/em> (Inou\u00efe Distribution A 442).<\/div>\n<p><a href=\"https:\/\/youtu.be\/4pEJ8lL_7nI\" target=\"_blank\" rel=\"noopener\"><em>Eda Garden<\/em><\/a>, <em>Chit Chat<\/em>, <em><a href=\"https:\/\/youtu.be\/TiiYtiFi4eM\" target=\"_blank\" rel=\"noopener\">Sept de C\u0153ur<\/a>, <\/em><em>Vert Mer<\/em>, <em><a href=\"https:\/\/youtu.be\/VupmPfQ32bQ\" target=\"_blank\" rel=\"noopener\">Baba Rumba<\/a>\u00a0 <\/em>: duo<\/p>\n<p><em>Ainsi Soient \u00celes<\/em>, <em>Evi-Danse <\/em>: piano solo<\/p>\n<p><em>Jeu d\u2019Enfant<\/em>, <em>Lignes de Fuite <\/em>: vibra solo<\/p>\n<div>avec commentaires du compositeur. Textes fran\u00e7ais \/ anglais<\/div>\n<div><em>\u00a0<\/em><\/div>\n<div><strong>2 volumes :<\/strong><\/div>\n<p style=\"color: #003399;\">\u2014 scores (74 pages)<\/p>\n<p style=\"color: #003399;\">\u2014 parties piano et vibraphone (80 pages)<\/p>\n<p>******<\/p>\n<div><strong>Collection of Scores<\/strong> for Piano and Vibraphone (or marimba) from the CD French Keys (Inou\u00efe Distribution A 442).<\/div>\n<p><a href=\"https:\/\/youtu.be\/4pEJ8lL_7nI\" target=\"_blank\" rel=\"noopener\"><em>Eda Garden<\/em><\/a>, <em>Chit Chat<\/em>, <em><a href=\"https:\/\/youtu.be\/TiiYtiFi4eM\" target=\"_blank\" rel=\"noopener\">Sept de C\u0153ur<\/a>, <\/em><em>Vert Mer<\/em>, <em><a href=\"https:\/\/youtu.be\/VupmPfQ32bQ\" target=\"_blank\" rel=\"noopener\">Baba Rumba<\/a>\u00a0 <\/em>: duo<\/p>\n<p><em>Ainsi Soient \u00celes<\/em>, <em>Evi-Danse <\/em>: piano solo<\/p>\n<p><em>Jeu d\u2019Enfant<\/em>, <em>Lignes de Fuite <\/em>: vibra solo<\/p>\n<div><span style=\"color: #ede8e8;\">&#8212;<\/span><\/div>\n<div><strong>2 volumes :<\/strong><\/div>\n<p style=\"color: #003399;\">\u2014 scores (74 pages)<\/p>\n<p style=\"color: #003399;\">&#8211; piano and vibraphone parts (80 pages)<\/p>\n<p>******<\/p>\n<p><a href=\"https:\/\/danielgoyone.com\/fr\/frenchkeys\/\" target=\"_blank\" rel=\"noopener\"><big><strong><span style=\"color: #e13004;\">Plus d&rsquo;info \/ More : Audio, vid\u00e9o, interview, presse<\/span><\/strong><\/big><\/a><\/p>\n","protected":false},"featured_media":8068,"template":"","meta":[],"product_cat":[184],"product_tag":[],"_links":{"self":[{"href":"https:\/\/danielgoyone.com\/fr\/wp-json\/wp\/v2\/product\/7923"}],"collection":[{"href":"https:\/\/danielgoyone.com\/fr\/wp-json\/wp\/v2\/product"}],"about":[{"href":"https:\/\/danielgoyone.com\/fr\/wp-json\/wp\/v2\/types\/product"}],"wp:featuredmedia":[{"embeddable":true,"href":"https:\/\/danielgoyone.com\/fr\/wp-json\/wp\/v2\/media\/8068"}],"wp:attachment":[{"href":"https:\/\/danielgoyone.com\/fr\/wp-json\/wp\/v2\/media?parent=7923"}],"wp:term":[{"taxonomy":"product_cat","embeddable":true,"href":"https:\/\/danielgoyone.com\/fr\/wp-json\/wp\/v2\/product_cat?post=7923"},{"taxonomy":"product_tag","embeddable":true,"href":"https:\/\/danielgoyone.com\/fr\/wp-json\/wp\/v2\/product_tag?post=7923"}],"curies":[{"name":"wp","href":"https:\/\/api.w.org\/{rel}","templated":true}]}}