{"id":9059,"date":"2025-03-09T16:54:44","date_gmt":"2025-03-09T15:54:44","guid":{"rendered":"https:\/\/danielgoyone.com\/?page_id=9059"},"modified":"2025-03-09T21:51:00","modified_gmt":"2025-03-09T20:51:00","slug":"accueil-2","status":"publish","type":"page","link":"https:\/\/danielgoyone.com\/fr\/accueil-2\/","title":{"rendered":"Accueil-2"},"content":{"rendered":"<p>[vc_row equal_height=\u00a0\u00bbyes\u00a0\u00bb content_placement=\u00a0\u00bbmiddle\u00a0\u00bb css_animation=\u00a0\u00bbtop-to-bottom\u00a0\u00bb iron_row_type=\u00a0\u00bbfull_width\u00a0\u00bb iron_remove_padding_medium=\u00a0\u00bb\u00a0\u00bb iron_remove_padding_small=\u00a0\u00bb\u00a0\u00bb iron_overlay_pattern=\u00a0\u00bb\u00a0\u00bb iron_parallax=\u00a0\u00bb\u00a0\u00bb iron_bg_video=\u00a0\u00bb\u00a0\u00bb iron_bg_video_poster=\u00a0\u00bb9&Prime; css=\u00a0\u00bb.vc_custom_1720338085481{border-top-width: 30px !important;border-bottom-width: 40px !important;border-left-width: px !important;background-color: #000000 !important;background-position: center !important;background-repeat: no-repeat !important;background-size: cover !important;}\u00a0\u00bb el_class=\u00a0\u00bbbg-align-right\u00a0\u00bb][vc_column css=\u00a0\u00bb.vc_custom_1679986865882{background-position: center !important;background-repeat: no-repeat !important;background-size: cover !important;}\u00a0\u00bb]<link href=\"https:\/\/fonts.googleapis.com\/css?family=ABeeZee:400\" rel=\"stylesheet\" property=\"stylesheet\" type=\"text\/css\" media=\"all\">\n<div id=\"rev_slider_1_1_wrapper\" class=\"rev_slider_wrapper fullwidthbanner-container\" data-source=\"gallery\" style=\"margin:0px auto;background:#FFFFFF;padding:0px;margin-top:0px;margin-bottom:0px;\">\n<!-- START REVOLUTION SLIDER 5.4.7.3 auto mode -->\n\t<div id=\"rev_slider_1_1\" class=\"rev_slider fullwidthabanner\" style=\"display:none;\" data-version=\"5.4.7.3\">\n<ul>\t<!-- SLIDE  -->\n\t<li data-index=\"rs-16\" data-transition=\"fade\" data-slotamount=\"default\" data-hideafterloop=\"0\" data-hideslideonmobile=\"off\"  data-easein=\"default\" data-easeout=\"default\" data-masterspeed=\"300\"  data-thumb=\"https:\/\/danielgoyone.com\/wp-content\/uploads\/2018\/08\/Duo-TBDG4-copie-100x50.jpg\"  data-rotate=\"0\"  data-saveperformance=\"off\"  data-title=\"Slide\" data-param1=\"\" data-param2=\"\" data-param3=\"\" data-param4=\"\" data-param5=\"\" data-param6=\"\" data-param7=\"\" data-param8=\"\" data-param9=\"\" data-param10=\"\" data-description=\"\">\n\t\t<!-- MAIN IMAGE -->\n\t\t<img src=\"https:\/\/danielgoyone.com\/wp-content\/uploads\/2018\/08\/Duo-TBDG4-copie.jpg\"  alt=\"\" title=\"Duo TB:DG4 &#8211; copie\"  width=\"4914\" height=\"3276\" data-bgposition=\"center center\" data-bgfit=\"cover\" data-bgrepeat=\"no-repeat\" class=\"rev-slidebg\" data-no-retina>\n\t\t<!-- LAYERS -->\n\n\t\t<!-- LAYER NR. 1 -->\n\t\t<div class=\"tp-caption   tp-resizeme\" \n\t\t\t id=\"slide-16-layer-1\" \n\t\t\t data-x=\"239\" \n\t\t\t data-y=\"364\" \n\t\t\t\t\t\tdata-width=\"['auto']\"\n\t\t\tdata-height=\"['auto']\"\n \n\t\t\tdata-type=\"text\" \n\t\t\tdata-responsive_offset=\"on\" \n\n\t\t\tdata-frames='[{\"delay\":0,\"speed\":300,\"frame\":\"0\",\"from\":\"opacity:0;\",\"to\":\"o:1;\",\"ease\":\"Power3.easeInOut\"},{\"delay\":\"wait\",\"speed\":300,\"frame\":\"999\",\"to\":\"opacity:0;\",\"ease\":\"Power3.easeInOut\"}]'\n\t\t\tdata-textAlign=\"['inherit','inherit','inherit','inherit']\"\n\t\t\tdata-paddingtop=\"[0,0,0,0]\"\n\t\t\tdata-paddingright=\"[0,0,0,0]\"\n\t\t\tdata-paddingbottom=\"[0,0,0,0]\"\n\t\t\tdata-paddingleft=\"[0,0,0,0]\"\n\n\t\t\tstyle=\"z-index: 5; white-space: nowrap; font-size: 70px; line-height: 22px; font-weight: 400; color: #ffffff; letter-spacing: 0px;font-family:ABeeZee;\">DANIEL GOYONE <\/div>\n\t<\/li>\n<\/ul>\n<div class=\"tp-bannertimer tp-bottom\" style=\"visibility: hidden !important;\"><\/div>\t<\/div>\n<script>var htmlDiv = document.getElementById(\"rs-plugin-settings-inline-css\"); var htmlDivCss=\"\";\r\n\t\t\t\tif(htmlDiv) {\r\n\t\t\t\t\thtmlDiv.innerHTML = htmlDiv.innerHTML + htmlDivCss;\r\n\t\t\t\t}else{\r\n\t\t\t\t\tvar htmlDiv = document.createElement(\"div\");\r\n\t\t\t\t\thtmlDiv.innerHTML = \"<style>\" + htmlDivCss + \"<\/style>\";\r\n\t\t\t\t\tdocument.getElementsByTagName(\"head\")[0].appendChild(htmlDiv.childNodes[0]);\r\n\t\t\t\t}\r\n\t\t\t<\/script>\n\t\t<script type=\"text\/javascript\">\r\nif (setREVStartSize!==undefined) setREVStartSize(\r\n\t{c: '#rev_slider_1_1', gridwidth: [1024], gridheight: [850], sliderLayout: 'auto'});\r\n\t\t\t\r\nvar revapi1,\r\n\ttpj;\t\r\n(function() {\t\t\t\r\n\tif (!\/loaded|interactive|complete\/.test(document.readyState)) document.addEventListener(\"DOMContentLoaded\",onLoad); else onLoad();\t\r\n\tfunction onLoad() {\t\t\t\t\r\n\t\tif (tpj===undefined) { tpj = jQuery; if(\"off\" == \"on\") tpj.noConflict();}\r\n\tif(tpj(\"#rev_slider_1_1\").revolution == undefined){\n\t\trevslider_showDoubleJqueryError(\"#rev_slider_1_1\");\n\t}else{\n\t\trevapi1 = tpj(\"#rev_slider_1_1\").show().revolution({\n\t\t\tsliderType:\"hero\",\n\t\t\tjsFileLocation:\"\/\/danielgoyone.com\/wp-content\/plugins\/revslider\/public\/assets\/js\/\",\n\t\t\tsliderLayout:\"auto\",\n\t\t\tdottedOverlay:\"none\",\n\t\t\tdelay:9000,\n\t\t\tvisibilityLevels:[1240,1024,778,480],\n\t\t\tgridwidth:1024,\n\t\t\tgridheight:850,\n\t\t\tlazyType:\"none\",\n\t\t\tshadow:0,\n\t\t\tspinner:\"spinner3\",\n\t\t\tautoHeight:\"off\",\n\t\t\tdisableProgressBar:\"on\",\n\t\t\thideThumbsOnMobile:\"off\",\n\t\t\thideSliderAtLimit:0,\n\t\t\thideCaptionAtLimit:0,\n\t\t\thideAllCaptionAtLilmit:0,\n\t\t\tdebugMode:false,\n\t\t\tfallbacks: {\n\t\t\t\tsimplifyAll:\"off\",\n\t\t\t\tdisableFocusListener:false,\n\t\t\t}\n\t\t});\n\t}; \/* END OF revapi call *\/\n\t\n }; \/* END OF ON LOAD FUNCTION *\/\r\n}()); \/* END OF WRAPPING FUNCTION *\/\r\n<\/script>\r\n\t\t<script>\r\n\t\t\t\t\tvar htmlDivCss = '\t#rev_slider_1_1_wrapper .tp-loader.spinner3 div { background-color: #FFFFFF !important; } ';\r\n\t\t\t\t\tvar htmlDiv = document.getElementById('rs-plugin-settings-inline-css');\r\n\t\t\t\t\tif(htmlDiv) {\r\n\t\t\t\t\t\thtmlDiv.innerHTML = htmlDiv.innerHTML + htmlDivCss;\r\n\t\t\t\t\t}\r\n\t\t\t\t\telse{\r\n\t\t\t\t\t\tvar htmlDiv = document.createElement('div');\r\n\t\t\t\t\t\thtmlDiv.innerHTML = '<style>' + htmlDivCss + '<\/style>';\r\n\t\t\t\t\t\tdocument.getElementsByTagName('head')[0].appendChild(htmlDiv.childNodes[0]);\r\n\t\t\t\t\t}\r\n\t\t\t\t\t<\/script>\r\n\t\t\t\t\t<\/div><!-- END REVOLUTION SLIDER -->[vc_custom_heading text=\u00a0\u00bbBienvenue sur mon site\u00a0\u00bb font_container=\u00a0\u00bbtag:h5|font_size:20px|text_align:center|color:%23ffffff|line_height:47px\u00a0\u00bb google_fonts=\u00a0\u00bbfont_family:Lato%3A100%2C100italic%2C300%2C300italic%2Cregular%2Citalic%2C700%2C700italic%2C900%2C900italic|font_style:400%20italic%3A400%3Aitalic\u00a0\u00bb fit_bg_text=\u00a0\u00bb0&Prime; el_class=\u00a0\u00bb.costumespacing0&Prime; link=\u00a0\u00bb||target:%20_blank|\u00a0\u00bb][vc_empty_space height=\u00a0\u00bb15px\u00a0\u00bb][vc_row_inner iron_bg_video=\u00a0\u00bb\u00a0\u00bb][vc_column_inner width=\u00a0\u00bb1\/6&Prime;][\/vc_column_inner][vc_column_inner width=\u00a0\u00bb2\/3&Prime; css=\u00a0\u00bb.vc_custom_1741534222092{background-color: #000000 !important;}\u00a0\u00bb][vc_custom_heading text=\u00a0\u00bbJ\u2019y pr\u00e9sente mon travail de compositeur (et aussi pianiste et auteur de livres p\u00e9dagogiques). Je le m\u00e8ne depuis plus de 45 ans, avec le souhait de construire un univers musical ind\u00e9pendant des conditionnements et des classifications.<\/p>\n<p>\u00a0\u00bb font_container=\u00a0\u00bbtag:p|font_size:14|text_align:justify|color:%23ffffff\u00a0\u00bb google_fonts=\u00a0\u00bbfont_family:Lato%3A100%2C100italic%2C300%2C300italic%2Cregular%2Citalic%2C700%2C700italic%2C900%2C900italic|font_style:300%20italic%3A300%3Aitalic\u00a0\u00bb fit_bg_text=\u00a0\u00bb0&Prime;][vc_custom_heading text=\u00a0\u00bbOn y retrouve mon go\u00fbt pour des personnalit\u00e9s musicales hors norme comme Erik Satie ou Thelonious Monk, mon int\u00e9r\u00eat pour des compositeurs br\u00e9siliens comme Egberto Gismonti, Milton Nascimento ou Tavinho Moura, ainsi que mon affinit\u00e9 avec une musique classique fran\u00e7aise raffin\u00e9e et ouverte vers le monde.<\/p>\n<p>\u00a0\u00bb font_container=\u00a0\u00bbtag:p|font_size:14|text_align:justify|color:%23ffffff\u00a0\u00bb google_fonts=\u00a0\u00bbfont_family:Lato%3A100%2C100italic%2C300%2C300italic%2Cregular%2Citalic%2C700%2C700italic%2C900%2C900italic|font_style:300%20italic%3A300%3Aitalic\u00a0\u00bb fit_bg_text=\u00a0\u00bb0&Prime;][vc_custom_heading text=\u00a0\u00bbMon credo :<br \/>\nretenir les valeurs universelles pr\u00e9sentes dans les musiques que j\u2019ai pratiqu\u00e9es.<br \/>\nLa musique n&rsquo;est jamais aussi forte que lorsqu\u2019elle transcende les styles.\u00a0\u00bb font_container=\u00a0\u00bbtag:p|font_size:14|text_align:center|color:%23ffffff\u00a0\u00bb google_fonts=\u00a0\u00bbfont_family:Lato%3A100%2C100italic%2C300%2C300italic%2Cregular%2Citalic%2C700%2C700italic%2C900%2C900italic|font_style:300%20italic%3A300%3Aitalic\u00a0\u00bb fit_bg_text=\u00a0\u00bb0&Prime;][\/vc_column_inner][vc_column_inner width=\u00a0\u00bb1\/6&Prime;][\/vc_column_inner][\/vc_row_inner][vc_empty_space height=\u00a0\u00bb70px\u00a0\u00bb][vc_custom_heading text=\u00a0\u00bbDerni\u00e8res parutions\u00a0\u00bb font_container=\u00a0\u00bbtag:h3|font_size:30px|text_align:center|color:%23ffffff|line_height:47px\u00a0\u00bb google_fonts=\u00a0\u00bbfont_family:Lato%3A100%2C100italic%2C300%2C300italic%2Cregular%2Citalic%2C700%2C700italic%2C900%2C900italic|font_style:400%20italic%3A400%3Aitalic\u00a0\u00bb fit_bg_text=\u00a0\u00bb0&Prime; el_class=\u00a0\u00bb.costumespacing0&Prime; link=\u00a0\u00bb||target:%20_blank|\u00a0\u00bb]\t<div class=\"dividerwrap\" style=\"padding-top:px; padding-bottom:px;\">\r\n\t\t<div class=\"imagedivider center\">\r\n\t\t<img src=\"https:\/\/danielgoyone.com\/wp-content\/uploads\/2015\/05\/divider_bottom3.jpg\" class=\"imagedividerpic\" alt=\"divider\">\r\n\t\t<\/div>\r\n\t\t<div class=\"clear\"><\/div>\r\n\t<\/div>[vc_empty_space height=\u00a0\u00bb15px\u00a0\u00bb][vc_row_inner iron_bg_video=\u00a0\u00bb\u00a0\u00bb][vc_column_inner width=\u00a0\u00bb1\/6&Prime;][vc_single_image image=\u00a0\u00bb8834&Prime; img_size=\u00a0\u00bbmedium\u00a0\u00bb alignment=\u00a0\u00bbcenter\u00a0\u00bb onclick=\u00a0\u00bbcustom_link\u00a0\u00bb img_link_target=\u00a0\u00bb_blank\u00a0\u00bb img_fullwidth=\u00a0\u00bb0&Prime; link=\u00a0\u00bbhttps:\/\/danielgoyone.com\/fr\/carnets-2&Prime;][vc_empty_space height=\u00a0\u00bb10px\u00a0\u00bb]\t<div class=\"dividerwrap\" style=\"padding-top:px; padding-bottom:px;\">\r\n\t\t<div class=\"imagedivider center\">\r\n\t\t<img src=\"https:\/\/danielgoyone.com\/wp-content\/uploads\/2015\/05\/divider_bottom3.jpg\" class=\"imagedividerpic\" alt=\"divider\">\r\n\t\t<\/div>\r\n\t\t<div class=\"clear\"><\/div>\r\n\t<\/div>[vc_custom_heading text=\u00a0\u00bbCarnets du Compositeur\u00a0\u00bb font_container=\u00a0\u00bbtag:h2|font_size:20|text_align:center|color:%23ffffff\u00a0\u00bb google_fonts=\u00a0\u00bbfont_family:ABeeZee%3Aregular%2Citalic|font_style:400%20regular%3A400%3Anormal\u00a0\u00bb fit_bg_text=\u00a0\u00bb0&Prime;][vc_custom_heading text=\u00a0\u00bbLivre\u00a0\u00bb font_container=\u00a0\u00bbtag:h2|text_align:center|color:%23ffffff\u00a0\u00bb google_fonts=\u00a0\u00bbfont_family:Open%20Sans%3A300%2Cregular%2C500%2C600%2C700%2C800%2C300italic%2Citalic%2C500italic%2C600italic%2C700italic%2C800italic|font_style:400%20regular%3A400%3Anormal\u00a0\u00bb fit_bg_text=\u00a0\u00bb0&Prime;][\/vc_column_inner][vc_column_inner width=\u00a0\u00bb1\/6&Prime;][vc_single_image image=\u00a0\u00bb8838&Prime; img_size=\u00a0\u00bbmedium\u00a0\u00bb alignment=\u00a0\u00bbcenter\u00a0\u00bb onclick=\u00a0\u00bbcustom_link\u00a0\u00bb img_link_target=\u00a0\u00bb_blank\u00a0\u00bb img_fullwidth=\u00a0\u00bb0&Prime; link=\u00a0\u00bbhttps:\/\/danielgoyone.com\/fr\/bibliographie\u00a0\u00bb][vc_empty_space height=\u00a0\u00bb10px\u00a0\u00bb]\t<div class=\"dividerwrap\" style=\"padding-top:px; padding-bottom:px;\">\r\n\t\t<div class=\"imagedivider center\">\r\n\t\t<img src=\"https:\/\/danielgoyone.com\/wp-content\/uploads\/2015\/05\/divider_bottom3.jpg\" class=\"imagedividerpic\" alt=\"divider\">\r\n\t\t<\/div>\r\n\t\t<div class=\"clear\"><\/div>\r\n\t<\/div>[vc_custom_heading text=\u00a0\u00bbHarmoniser les Rythmes\u00a0\u00bb font_container=\u00a0\u00bbtag:h2|font_size:20|text_align:center|color:%23ffffff\u00a0\u00bb google_fonts=\u00a0\u00bbfont_family:ABeeZee%3Aregular%2Citalic|font_style:400%20regular%3A400%3Anormal\u00a0\u00bb fit_bg_text=\u00a0\u00bb0&Prime;][vc_custom_heading text=\u00a0\u00bbLivre\u00a0\u00bb font_container=\u00a0\u00bbtag:h2|text_align:center|color:%23ffffff\u00a0\u00bb google_fonts=\u00a0\u00bbfont_family:Open%20Sans%3A300%2Cregular%2C500%2C600%2C700%2C800%2C300italic%2Citalic%2C500italic%2C600italic%2C700italic%2C800italic|font_style:400%20regular%3A400%3Anormal\u00a0\u00bb fit_bg_text=\u00a0\u00bb0&Prime;][\/vc_column_inner][vc_column_inner width=\u00a0\u00bb1\/6&Prime;][vc_single_image image=\u00a0\u00bb8842&Prime; img_size=\u00a0\u00bbmedium\u00a0\u00bb alignment=\u00a0\u00bbcenter\u00a0\u00bb onclick=\u00a0\u00bbcustom_link\u00a0\u00bb img_link_target=\u00a0\u00bb_blank\u00a0\u00bb img_fullwidth=\u00a0\u00bb0&Prime; link=\u00a0\u00bbhttps:\/\/danielgoyone.com\/fr\/bibliographie\/\u00a0\u00bb][vc_empty_space height=\u00a0\u00bb10px\u00a0\u00bb]\t<div class=\"dividerwrap\" style=\"padding-top:px; padding-bottom:px;\">\r\n\t\t<div class=\"imagedivider center\">\r\n\t\t<img src=\"https:\/\/danielgoyone.com\/wp-content\/uploads\/2015\/05\/divider_bottom3.jpg\" class=\"imagedividerpic\" alt=\"divider\">\r\n\t\t<\/div>\r\n\t\t<div class=\"clear\"><\/div>\r\n\t<\/div>[vc_custom_heading text=\u00a0\u00bbRythmer les Harmonies\u00a0\u00bb font_container=\u00a0\u00bbtag:h2|font_size:20|text_align:center|color:%23ffffff\u00a0\u00bb google_fonts=\u00a0\u00bbfont_family:ABeeZee%3Aregular%2Citalic|font_style:400%20regular%3A400%3Anormal\u00a0\u00bb fit_bg_text=\u00a0\u00bb0&Prime;][vc_custom_heading text=\u00a0\u00bbLivre\u00a0\u00bb font_container=\u00a0\u00bbtag:h2|text_align:center|color:%23ffffff\u00a0\u00bb google_fonts=\u00a0\u00bbfont_family:Open%20Sans%3A300%2Cregular%2C500%2C600%2C700%2C800%2C300italic%2Citalic%2C500italic%2C600italic%2C700italic%2C800italic|font_style:400%20regular%3A400%3Anormal\u00a0\u00bb fit_bg_text=\u00a0\u00bb0&Prime;][\/vc_column_inner][vc_column_inner width=\u00a0\u00bb1\/6&Prime;][vc_single_image image=\u00a0\u00bb8501&Prime; img_size=\u00a0\u00bbmedium\u00a0\u00bb alignment=\u00a0\u00bbcenter\u00a0\u00bb style=\u00a0\u00bbvc_box_border\u00a0\u00bb border_color=\u00a0\u00bbblack\u00a0\u00bb onclick=\u00a0\u00bbcustom_link\u00a0\u00bb img_link_target=\u00a0\u00bb_blank\u00a0\u00bb img_fullwidth=\u00a0\u00bb0&Prime; link=\u00a0\u00bbhttps:\/\/danielgoyone.com\/fr\/jeunes-lunes-2\/\u00a0\u00bb][vc_empty_space height=\u00a0\u00bb10px\u00a0\u00bb]\t<div class=\"dividerwrap\" style=\"padding-top:px; padding-bottom:px;\">\r\n\t\t<div class=\"imagedivider center\">\r\n\t\t<img src=\"https:\/\/danielgoyone.com\/wp-content\/uploads\/2015\/05\/divider_bottom3.jpg\" class=\"imagedividerpic\" alt=\"divider\">\r\n\t\t<\/div>\r\n\t\t<div class=\"clear\"><\/div>\r\n\t<\/div>[vc_custom_heading text=\u00a0\u00bbJeunes Lunes\u00a0\u00bb font_container=\u00a0\u00bbtag:h2|font_size:20|text_align:center|color:%23ffffff\u00a0\u00bb google_fonts=\u00a0\u00bbfont_family:ABeeZee%3Aregular%2Citalic|font_style:400%20regular%3A400%3Anormal\u00a0\u00bb fit_bg_text=\u00a0\u00bb0&Prime; link=\u00a0\u00bburl:https%3A%2F%2Fdanielgoyone.com%2Ffr%2Fjeunes-lunes-2%2F|||\u00a0\u00bb][vc_custom_heading text=\u00a0\u00bb(CD et Streaming)\u00a0\u00bb font_container=\u00a0\u00bbtag:h2|text_align:center|color:%23ffffff\u00a0\u00bb google_fonts=\u00a0\u00bbfont_family:Open%20Sans%3A300%2Cregular%2C500%2C600%2C700%2C800%2C300italic%2Citalic%2C500italic%2C600italic%2C700italic%2C800italic|font_style:400%20regular%3A400%3Anormal\u00a0\u00bb fit_bg_text=\u00a0\u00bb0&Prime; link=\u00a0\u00bburl:https%3A%2F%2Fdanielgoyone.com%2Ffr%2Fjeunes-lunes-2%2F|||\u00a0\u00bb][\/vc_column_inner][vc_column_inner width=\u00a0\u00bb1\/6&Prime;][vc_single_image image=\u00a0\u00bb6252&Prime; img_size=\u00a0\u00bbmedium\u00a0\u00bb alignment=\u00a0\u00bbcenter\u00a0\u00bb style=\u00a0\u00bbvc_box_border\u00a0\u00bb border_color=\u00a0\u00bbblack\u00a0\u00bb onclick=\u00a0\u00bbcustom_link\u00a0\u00bb img_link_target=\u00a0\u00bb_blank\u00a0\u00bb img_fullwidth=\u00a0\u00bb0&Prime; link=\u00a0\u00bbhttps:\/\/danielgoyone.com\/fr\/frenchkeys\u00a0\u00bb][vc_empty_space height=\u00a0\u00bb10px\u00a0\u00bb]\t<div class=\"dividerwrap\" style=\"padding-top:px; padding-bottom:px;\">\r\n\t\t<div class=\"imagedivider center\">\r\n\t\t<img src=\"https:\/\/danielgoyone.com\/wp-content\/uploads\/2015\/05\/divider_bottom3.jpg\" class=\"imagedividerpic\" alt=\"divider\">\r\n\t\t<\/div>\r\n\t\t<div class=\"clear\"><\/div>\r\n\t<\/div>[vc_custom_heading text=\u00a0\u00bbFrench Keys\u00a0\u00bb font_container=\u00a0\u00bbtag:h2|font_size:20|text_align:center|color:%23ffffff\u00a0\u00bb google_fonts=\u00a0\u00bbfont_family:ABeeZee%3Aregular%2Citalic|font_style:400%20regular%3A400%3Anormal\u00a0\u00bb fit_bg_text=\u00a0\u00bb0&Prime; link=\u00a0\u00bburl:https%3A%2F%2Fdanielgoyone.com%2Ffr%2Fjeunes-lunes-2%2F|||\u00a0\u00bb][vc_custom_heading text=\u00a0\u00bb(CD et Streaming)\u00a0\u00bb font_container=\u00a0\u00bbtag:h2|text_align:center|color:%23ffffff\u00a0\u00bb google_fonts=\u00a0\u00bbfont_family:Open%20Sans%3A300%2Cregular%2C500%2C600%2C700%2C800%2C300italic%2Citalic%2C500italic%2C600italic%2C700italic%2C800italic|font_style:400%20regular%3A400%3Anormal\u00a0\u00bb fit_bg_text=\u00a0\u00bb0&Prime; link=\u00a0\u00bburl:https%3A%2F%2Fdanielgoyone.com%2Ffr%2Ffrenchkeys|||\u00a0\u00bb][\/vc_column_inner][\/vc_row_inner][vc_empty_space height=\u00a0\u00bb70px\u00a0\u00bb][\/vc_column][\/vc_row][vc_row iron_row_type=\u00a0\u00bbin_container\u00a0\u00bb iron_remove_padding_medium=\u00a0\u00bb\u00a0\u00bb iron_remove_padding_small=\u00a0\u00bb\u00a0\u00bb iron_overlay_pattern=\u00a0\u00bb\u00a0\u00bb iron_parallax=\u00a0\u00bb\u00a0\u00bb iron_bg_video=\u00a0\u00bb\u00a0\u00bb][vc_column][vc_empty_space height=\u00a0\u00bb70px\u00a0\u00bb][vc_row_inner iron_bg_video=\u00a0\u00bb\u00a0\u00bb][vc_column_inner width=\u00a0\u00bb1\/2&Prime;]\r\n\t<a target=\"_self\" data-hoverbg=\"#ffffff\" data-hoverborder=\"rgba(0,0,0,0.01)\" data-hovertext=\"#000000\"  class=\"button-widget center\" href=\"https:\/\/danielgoyone.com\/fr\/actu\/\" style=\"padding-left:40px; padding-right:40px; padding-top:px; padding-bottom:px; border-width:1px; border-radius:0px; border-color:rgba(0,0,0,0.01); background-color:#000000; color:#ffffff\"> Actu \u00bb<\/a><div class=\"clear button-clear\"><\/div>[vc_empty_space height=\u00a0\u00bb30px\u00a0\u00bb][\/vc_column_inner][vc_column_inner width=\u00a0\u00bb1\/2&Prime;]\r\n\t<a target=\"_blank\" data-hoverbg=\"#ffffff\" data-hoverborder=\"rgba(0,0,0,0.01)\" data-hovertext=\"#000000\"  class=\"button-widget center\" href=\"http:\/\/danielgoyone.com\/blog\/\" style=\"padding-left:40px; padding-right:40px; padding-top:px; padding-bottom:px; border-width:1px; border-radius:0px; border-color:rgba(0,0,0,0.01); background-color:#000000; color:#ffffff\">Blog \u00bb<\/a><div class=\"clear button-clear\"><\/div>[vc_empty_space height=\u00a0\u00bb30px\u00a0\u00bb][\/vc_column_inner][\/vc_row_inner][\/vc_column][\/vc_row]<\/p>\n","protected":false},"excerpt":{"rendered":"<p>[vc_row equal_height=\u00a0\u00bbyes\u00a0\u00bb content_placement=\u00a0\u00bbmiddle\u00a0\u00bb css_animation=\u00a0\u00bbtop-to-bottom\u00a0\u00bb iron_row_type=\u00a0\u00bbfull_width\u00a0\u00bb iron_remove_padding_medium=\u00a0\u00bb\u00a0\u00bb iron_remove_padding_small=\u00a0\u00bb\u00a0\u00bb iron_overlay_pattern=\u00a0\u00bb\u00a0\u00bb iron_parallax=\u00a0\u00bb\u00a0\u00bb iron_bg_video=\u00a0\u00bb\u00a0\u00bb iron_bg_video_poster=\u00a0\u00bb9&Prime; css=\u00a0\u00bb.vc_custom_1720338085481{border-top-width: 30px !important;border-bottom-width: 40px !important;border-left-width: px !important;background-color: #000000 !important;background-position: center !important;background-repeat: no-repeat !important;background-size: cover !important;}\u00a0\u00bb el_class=\u00a0\u00bbbg-align-right\u00a0\u00bb][vc_column css=\u00a0\u00bb.vc_custom_1679986865882{background-position: center !important;background-repeat: no-repeat !important;background-size: cover !important;}\u00a0\u00bb][vc_custom_heading text=\u00a0\u00bbBienvenue sur mon site\u00a0\u00bb font_container=\u00a0\u00bbtag:h5|font_size:20px|text_align:center|color:%23ffffff|line_height:47px\u00a0\u00bb google_fonts=\u00a0\u00bbfont_family:Lato%3A100%2C100italic%2C300%2C300italic%2Cregular%2Citalic%2C700%2C700italic%2C900%2C900italic|font_style:400%20italic%3A400%3Aitalic\u00a0\u00bb fit_bg_text=\u00a0\u00bb0&Prime; el_class=\u00a0\u00bb.costumespacing0&Prime; link=\u00a0\u00bb||target:%20_blank|\u00a0\u00bb][vc_empty_space height=\u00a0\u00bb15px\u00a0\u00bb][vc_row_inner iron_bg_video=\u00a0\u00bb\u00a0\u00bb][vc_column_inner width=\u00a0\u00bb1\/6&Prime;][\/vc_column_inner][vc_column_inner width=\u00a0\u00bb2\/3&Prime; css=\u00a0\u00bb.vc_custom_1741534222092{background-color: #000000 !important;}\u00a0\u00bb][vc_custom_heading text=\u00a0\u00bbJ\u2019y pr\u00e9sente mon travail de compositeur (et aussi pianiste et auteur de livres p\u00e9dagogiques). Je le m\u00e8ne depuis plus de 45 ans, avec le souhait de construire un univers musical [&hellip;]<\/p>\n","protected":false},"author":1,"featured_media":0,"parent":0,"menu_order":0,"comment_status":"closed","ping_status":"closed","template":"","meta":[],"_links":{"self":[{"href":"https:\/\/danielgoyone.com\/fr\/wp-json\/wp\/v2\/pages\/9059"}],"collection":[{"href":"https:\/\/danielgoyone.com\/fr\/wp-json\/wp\/v2\/pages"}],"about":[{"href":"https:\/\/danielgoyone.com\/fr\/wp-json\/wp\/v2\/types\/page"}],"author":[{"embeddable":true,"href":"https:\/\/danielgoyone.com\/fr\/wp-json\/wp\/v2\/users\/1"}],"replies":[{"embeddable":true,"href":"https:\/\/danielgoyone.com\/fr\/wp-json\/wp\/v2\/comments?post=9059"}],"version-history":[{"count":34,"href":"https:\/\/danielgoyone.com\/fr\/wp-json\/wp\/v2\/pages\/9059\/revisions"}],"predecessor-version":[{"id":9104,"href":"https:\/\/danielgoyone.com\/fr\/wp-json\/wp\/v2\/pages\/9059\/revisions\/9104"}],"wp:attachment":[{"href":"https:\/\/danielgoyone.com\/fr\/wp-json\/wp\/v2\/media?parent=9059"}],"curies":[{"name":"wp","href":"https:\/\/api.w.org\/{rel}","templated":true}]}}