{"id":6528,"date":"2018-10-08T14:30:24","date_gmt":"2018-10-08T12:30:24","guid":{"rendered":"http:\/\/danielgoyone.com\/?page_id=6528"},"modified":"2018-10-10T21:55:52","modified_gmt":"2018-10-10T19:55:52","slug":"bio","status":"publish","type":"page","link":"https:\/\/danielgoyone.com\/fr\/bio\/","title":{"rendered":"French keys bio"},"content":{"rendered":"<p>[vc_row iron_row_type=\u00a0\u00bbin_container\u00a0\u00bb iron_remove_padding_medium=\u00a0\u00bb\u00a0\u00bb iron_remove_padding_small=\u00a0\u00bb\u00a0\u00bb iron_overlay_pattern=\u00a0\u00bb\u00a0\u00bb iron_parallax=\u00a0\u00bb\u00a0\u00bb iron_bg_video=\u00a0\u00bb\u00a0\u00bb][vc_column][vc_column_text]<\/p>\n<div class=\"csRow\">\n<div class=\"csColumnGap\" style=\"margin: 0px; padding: 0px; float: left; width: 3.13%;\"><img src=\"http:\/\/danielgoyone.com\/wp-content\/plugins\/advanced-wp-columns\/assets\/js\/plugins\/views\/img\/1x1-pixel.png\" \/><\/div>\n<div class=\"csColumn\" style=\"margin: 0px; padding: 0px; float: left; width: 41.5%;\" data-csstartpoint=\"30.000004752929687\" data-csendpoint=\"428.00002001171873\" data-cswidth=\"41.5%\" data-csid=\"170c2c49-592a-c546-902c-415d4183b846\">\n<p>&nbsp;<\/p>\n<\/div>\n<div class=\"csColumnGap\" style=\"margin: 0px; padding: 0px; float: left; width: 8.65%;\"><img src=\"http:\/\/danielgoyone.com\/wp-content\/plugins\/advanced-wp-columns\/assets\/js\/plugins\/views\/img\/1x1-pixel.png\" \/><\/div>\n<div class=\"csColumn\" style=\"margin: 0px; padding: 0px; float: left; width: 40.8%;\" data-csstartpoint=\"511.00002001171873\" data-csendpoint=\"903.0000200117188\" data-cswidth=\"40.8%\" data-csid=\"d2a07023-84a6-6b65-9dd3-ed3135e273b5\">\n<p>&nbsp;<\/p>\n<\/div>\n<div class=\"csColumnGap\" style=\"margin: 0px; padding: 0px; float: left; width: 5.94%;\"><img src=\"http:\/\/danielgoyone.com\/wp-content\/plugins\/advanced-wp-columns\/assets\/js\/plugins\/views\/img\/1x1-pixel.png\" \/><\/div>\n<div style=\"clear: both; float: none; display: block; visibility: hidden; width: 0px; font-size: 0px; line-height: 0;\"><\/div>\n<\/div>\n<p><br class=\"nc\" \/>[\/vc_column_text][\/vc_column][\/vc_row][vc_row iron_row_type=\u00a0\u00bbfull_width\u00a0\u00bb iron_remove_padding_medium=\u00a0\u00bbtabletnopadding\u00a0\u00bb iron_remove_padding_small=\u00a0\u00bb\u00a0\u00bb iron_overlay_pattern=\u00a0\u00bb\u00a0\u00bb iron_parallax=\u00a0\u00bb\u00a0\u00bb iron_bg_video=\u00a0\u00bb\u00a0\u00bb][vc_column][vc_empty_space height=\u00a0\u00bb175px\u00a0\u00bb][vc_custom_heading text=\u00a0\u00bbFrenck keys<br \/>\n\u00a0\u00bb font_container=\u00a0\u00bbtag:h2|font_size:13px|text_align:center|color:%23e8b7a1|line_height:16px\u00a0\u00bb google_fonts=\u00a0\u00bbfont_family:Open%20Sans%3A300%2C300italic%2Cregular%2Citalic%2C600%2C600italic%2C700%2C700italic%2C800%2C800italic|font_style:400%20regular%3A400%3Anormal\u00a0\u00bb fit_bg_text=\u00a0\u00bb0&Prime; css=\u00a0\u00bb.vc_custom_1535278901947{margin-bottom: 50px !important;}\u00a0\u00bb][vc_custom_heading text=\u00a0\u00bbNouvel album\u00a0\u00bb font_container=\u00a0\u00bbtag:h3|text_align:center\u00a0\u00bb google_fonts=\u00a0\u00bbfont_family:Playfair%20Display%3Aregular%2Citalic%2C700%2C700italic%2C900%2C900italic|font_style:400%20regular%3A400%3Anormal\u00a0\u00bb fit_bg_text=\u00a0\u00bb0&Prime; css=\u00a0\u00bb.vc_custom_1535278918057{margin-bottom: -20px !important;}\u00a0\u00bb][vc_empty_space height=\u00a0\u00bb92px\u00a0\u00bb][\/vc_column][\/vc_row][vc_row iron_row_type=\u00a0\u00bbin_container\u00a0\u00bb iron_remove_padding_medium=\u00a0\u00bbtabletnopadding\u00a0\u00bb iron_remove_padding_small=\u00a0\u00bbmobilenopadding\u00a0\u00bb iron_overlay_pattern=\u00a0\u00bb\u00a0\u00bb iron_parallax=\u00a0\u00bb\u00a0\u00bb iron_bg_video=\u00a0\u00bb\u00a0\u00bb css=\u00a0\u00bb.vc_custom_1535279946487{padding-right: 8px !important;padding-left: 8px !important;}\u00a0\u00bb][vc_column][vc_empty_space height=\u00a0\u00bb50px\u00a0\u00bb][vc_tta_accordion][vc_tta_section title=\u00a0\u00bbBiographie\u00a0\u00bb tab_id=\u00a0\u00bb1535702179474-b99ea6ba-ff35&Prime;][\/vc_tta_section][vc_tta_section title=\u00a0\u00bbBio Daniel Goyone\u00a0\u00bb tab_id=\u00a0\u00bb1535382629392-ed17b08c-d440&Prime;][vc_column_text]<br \/>\nL\u2019\u00e9criture de Daniel Goyone t\u00e9moigne d\u2019un univers musical unique. On peut y trouver certains \u00e9chos de ses exp\u00e9riences de pianiste (jazz, musiques br\u00e9siliennes, cubaines, indiennes). Mais ce sont avant tout des id\u00e9es m\u00e9lodiques originales qui constituent le noyau de ses compositions. Sur cette base, se d\u00e9veloppe une \u00e9criture qui touche \u00e0 la musique de chambre pour les qualit\u00e9s d\u2019interpr\u00e9tation qu\u2019elle demande, au jazz et \u00e0 la musique indienne pour le d\u00e9veloppement rythmique, et aux musiques du monde pour son ouverture sur l\u2019univers modal.<\/p>\n<p>Dans sa carri\u00e8re de pianiste, Daniel Goyone a \u00e9t\u00e9 amen\u00e9 \u00e0 collaborer avec de grands noms du jazz . En t\u00e9moignent son premier disque, r\u00e9alis\u00e9 en collaboration avec le bassiste Bunny Brunel, et qui a b\u00e9n\u00e9fici\u00e9 de la participation de Chick Corea, ou bien ses nombreuses aventures musicales avec ses amis musiciens du Sud de la France comme Richard Galliano ou Andr\u00e9 Ceccarelli. Par la suite, sa complicit\u00e9 avec le percussionniste indien Trilok Gurtu l\u2019a amen\u00e9 \u00e0 se produire ou \u00e0 enregistrer aux c\u00f4t\u00e9s de musiciens comme Jan Garbarek, Pat Metheny, Nana Vasconcelos ou Miroslav Vitous.<\/p>\n<p>Toutefois la musique qu\u2019il joue ou enregistre sous son nom, depuis\u00a0 son premier disque paru en 1982,\u00a0 a toujours affirm\u00e9 une identit\u00e9 bien sp\u00e9cifique, \u00e0 l\u2019\u00e9cart de toutes ces r\u00e9f\u00e9rences. Ses compositions ont \u00e9t\u00e9 reprises par des interpr\u00e8tes tr\u00e8s divers (de Claude Nougaro \u00e0 l\u2019Orchestre National de Jazz, en passant par l\u2019Orchestre de chambre des concerts Lamoureux, l\u2019Ensemble de trompettes de Paris, les accord\u00e9onistes Daniel Mille et David Venitucci, les chanteurs David Linx, Erick de Armas ou Monica Passos, Elles ont \u00e9t\u00e9 diffus\u00e9es dans des contextes multiples (cin\u00e9ma, chanson, jazz, th\u00e9\u00e2tre, radio, cirque, musiques pour enfants).<\/p>\n<p>Sa collaboration avec le percussionniste Thierry Bonneaux (vibraphone\/batterie) donne de sa musique une image des plus abouties, \u00e0 l\u2019interpr\u00e9tation fid\u00e8le et travaill\u00e9e. French Keys (nom du duo) se veut une illustration d\u2019une tradition de musique fran\u00e7aise curieuse et ouverte sur le monde.<\/p>\n<p>En parall\u00e8le, Daniel Goyone a \u00e9crit de nombreux ouvrages p\u00e9dagogiques.<br \/>\n\u2013Le Langage de l\u2019Improvisation (Ed. Musicom 1978), premier ouvrage sur le sujet paru en langue fran\u00e7aise.<br \/>\n\u2014Rythmes (1999), et les Cahiers du Rythme (Ed. Outre Mesure 2008) destin\u00e9s \u00e0 aider le musicien \u00e0 organiser son travail dans le domaine du rythme.<br \/>\n\u2014Et plus r\u00e9cemment, Ab\u00e9c\u00e9daire de la Composition (Ed. Outre Mesure 2012) ouvrage qui fait un tour d\u2019horizon des probl\u00e9matiques relatives \u00e0 la composition.[\/vc_column_text][\/vc_tta_section][vc_tta_section title=\u00a0\u00bbBio Thierry Bonneaux\u00a0\u00bb tab_id=\u00a0\u00bb1535382725128-91a06299-8c21&Prime;][vc_column_text]Avec un profil qui joint des qualit\u00e9s de percussionniste classique (cr\u00e9ateur du Concerto pour percussions et orchestre de J.C. Cholet), de batteur (Big band de J.M. Machado, Zoomtop Orchestra de Bertrand Renaudin) et de sp\u00e9cialiste du vibraphone (cr\u00e9ateur d\u2019une paire de baguettes pour l\u2019instrument), il est l\u2019interpr\u00e8te id\u00e9al pour cette musique.<\/p>\n<p>Son instrumentation sp\u00e9cifique lui permet de penser vibraphone et batterie (jou\u00e9e debout) comme un seul instrument, ce qui lui permet de restituer l\u2019int\u00e9gralit\u00e9 de la musique en concert.<\/p>\n<p>Il exerce par ailleurs des activit\u00e9s p\u00e9dagogiques (coordinateur p\u00e9dagogique au Conservatoire de Saint-Dizier, anime de nombreuses master class en France et \u00e0 l\u2019\u00e9tranger)[\/vc_column_text][\/vc_tta_section][vc_tta_section title=\u00a0\u00bbRelations Presse\u00a0\u00bb tab_id=\u00a0\u00bb1535382380545-210d8d40-0b88&Prime;][vc_column_text]<\/p>\n<p style=\"text-align: center;\">Dominique Abdesselam<br \/>\nRelations Presse<br \/>\nTel. :06 88 74 92 74<br \/>\n<a href=\"mailto:dominique.abdesselam@gmail.com\">dominique.abdesselam@gmail.com<\/a><\/p>\n<p>[\/vc_column_text][\/vc_tta_section][\/vc_tta_accordion][vc_empty_space][\/vc_column][\/vc_row][vc_row iron_row_type=\u00a0\u00bbin_container\u00a0\u00bb iron_remove_padding_medium=\u00a0\u00bb\u00a0\u00bb iron_remove_padding_small=\u00a0\u00bb\u00a0\u00bb iron_overlay_pattern=\u00a0\u00bb\u00a0\u00bb iron_parallax=\u00a0\u00bb\u00a0\u00bb iron_bg_video=\u00a0\u00bb\u00a0\u00bb][vc_column][vc_empty_space height=\u00a0\u00bb70px\u00a0\u00bb][\/vc_column][\/vc_row]<\/p>\n","protected":false},"excerpt":{"rendered":"<p>[vc_row iron_row_type=\u00a0\u00bbin_container\u00a0\u00bb iron_remove_padding_medium=\u00a0\u00bb\u00a0\u00bb iron_remove_padding_small=\u00a0\u00bb\u00a0\u00bb iron_overlay_pattern=\u00a0\u00bb\u00a0\u00bb iron_parallax=\u00a0\u00bb\u00a0\u00bb iron_bg_video=\u00a0\u00bb\u00a0\u00bb][vc_column][vc_column_text] &nbsp; &nbsp; [\/vc_column_text][\/vc_column][\/vc_row][vc_row iron_row_type=\u00a0\u00bbfull_width\u00a0\u00bb iron_remove_padding_medium=\u00a0\u00bbtabletnopadding\u00a0\u00bb iron_remove_padding_small=\u00a0\u00bb\u00a0\u00bb iron_overlay_pattern=\u00a0\u00bb\u00a0\u00bb iron_parallax=\u00a0\u00bb\u00a0\u00bb iron_bg_video=\u00a0\u00bb\u00a0\u00bb][vc_column][vc_empty_space height=\u00a0\u00bb175px\u00a0\u00bb][vc_custom_heading text=\u00a0\u00bbFrenck keys \u00a0\u00bb font_container=\u00a0\u00bbtag:h2|font_size:13px|text_align:center|color:%23e8b7a1|line_height:16px\u00a0\u00bb google_fonts=\u00a0\u00bbfont_family:Open%20Sans%3A300%2C300italic%2Cregular%2Citalic%2C600%2C600italic%2C700%2C700italic%2C800%2C800italic|font_style:400%20regular%3A400%3Anormal\u00a0\u00bb fit_bg_text=\u00a0\u00bb0&Prime; css=\u00a0\u00bb.vc_custom_1535278901947{margin-bottom: 50px !important;}\u00a0\u00bb][vc_custom_heading text=\u00a0\u00bbNouvel album\u00a0\u00bb font_container=\u00a0\u00bbtag:h3|text_align:center\u00a0\u00bb google_fonts=\u00a0\u00bbfont_family:Playfair%20Display%3Aregular%2Citalic%2C700%2C700italic%2C900%2C900italic|font_style:400%20regular%3A400%3Anormal\u00a0\u00bb fit_bg_text=\u00a0\u00bb0&Prime; css=\u00a0\u00bb.vc_custom_1535278918057{margin-bottom: -20px !important;}\u00a0\u00bb][vc_empty_space height=\u00a0\u00bb92px\u00a0\u00bb][\/vc_column][\/vc_row][vc_row iron_row_type=\u00a0\u00bbin_container\u00a0\u00bb iron_remove_padding_medium=\u00a0\u00bbtabletnopadding\u00a0\u00bb iron_remove_padding_small=\u00a0\u00bbmobilenopadding\u00a0\u00bb iron_overlay_pattern=\u00a0\u00bb\u00a0\u00bb iron_parallax=\u00a0\u00bb\u00a0\u00bb iron_bg_video=\u00a0\u00bb\u00a0\u00bb css=\u00a0\u00bb.vc_custom_1535279946487{padding-right: 8px !important;padding-left: 8px !important;}\u00a0\u00bb][vc_column][vc_empty_space height=\u00a0\u00bb50px\u00a0\u00bb][vc_tta_accordion][vc_tta_section title=\u00a0\u00bbBiographie\u00a0\u00bb tab_id=\u00a0\u00bb1535702179474-b99ea6ba-ff35&Prime;][\/vc_tta_section][vc_tta_section title=\u00a0\u00bbBio Daniel Goyone\u00a0\u00bb tab_id=\u00a0\u00bb1535382629392-ed17b08c-d440&Prime;][vc_column_text] L\u2019\u00e9criture de Daniel Goyone t\u00e9moigne d\u2019un univers musical unique. On peut y trouver certains \u00e9chos de ses exp\u00e9riences de pianiste (jazz, musiques br\u00e9siliennes, cubaines, indiennes). Mais ce [&hellip;]<\/p>\n","protected":false},"author":1,"featured_media":0,"parent":0,"menu_order":0,"comment_status":"closed","ping_status":"closed","template":"","meta":[],"_links":{"self":[{"href":"https:\/\/danielgoyone.com\/fr\/wp-json\/wp\/v2\/pages\/6528"}],"collection":[{"href":"https:\/\/danielgoyone.com\/fr\/wp-json\/wp\/v2\/pages"}],"about":[{"href":"https:\/\/danielgoyone.com\/fr\/wp-json\/wp\/v2\/types\/page"}],"author":[{"embeddable":true,"href":"https:\/\/danielgoyone.com\/fr\/wp-json\/wp\/v2\/users\/1"}],"replies":[{"embeddable":true,"href":"https:\/\/danielgoyone.com\/fr\/wp-json\/wp\/v2\/comments?post=6528"}],"version-history":[{"count":4,"href":"https:\/\/danielgoyone.com\/fr\/wp-json\/wp\/v2\/pages\/6528\/revisions"}],"predecessor-version":[{"id":6538,"href":"https:\/\/danielgoyone.com\/fr\/wp-json\/wp\/v2\/pages\/6528\/revisions\/6538"}],"wp:attachment":[{"href":"https:\/\/danielgoyone.com\/fr\/wp-json\/wp\/v2\/media?parent=6528"}],"curies":[{"name":"wp","href":"https:\/\/api.w.org\/{rel}","templated":true}]}}