{"id":4977,"date":"2018-06-11T14:56:38","date_gmt":"2018-06-11T12:56:38","guid":{"rendered":"http:\/\/danielgoyone.com\/?page_id=4977"},"modified":"2021-05-04T09:05:48","modified_gmt":"2021-05-04T07:05:48","slug":"autresinterpretes","status":"publish","type":"page","link":"https:\/\/danielgoyone.com\/fr\/autresinterpretes\/","title":{"rendered":"Autres interpr\u00e8tes"},"content":{"rendered":"<p>[vc_row iron_row_type=\u00a0\u00bbfull_width\u00a0\u00bb iron_remove_padding_medium=\u00a0\u00bbtabletnopadding\u00a0\u00bb iron_remove_padding_small=\u00a0\u00bb\u00a0\u00bb iron_overlay_pattern=\u00a0\u00bb\u00a0\u00bb iron_parallax=\u00a0\u00bb\u00a0\u00bb iron_bg_video=\u00a0\u00bb\u00a0\u00bb css=\u00a0\u00bb.vc_custom_1535113950977{padding-top: 13% !important;padding-bottom: 13% !important;background-image: url(http:\/\/danielgoyone.com\/wp-content\/uploads\/2018\/08\/m2.jpg?id=6091) !important;}\u00a0\u00bb][vc_column offset=\u00a0\u00bbvc_hidden-xs\u00a0\u00bb][vc_custom_heading text=\u00a0\u00bbAutres interpr\u00e8tes\u00a0\u00bb font_container=\u00a0\u00bbtag:h3|font_size:14|text_align:center|color:%23ffffff\u00a0\u00bb google_fonts=\u00a0\u00bbfont_family:Playfair%20Display%3Aregular%2Citalic%2C700%2C700italic%2C900%2C900italic|font_style:400%20regular%3A400%3Anormal\u00a0\u00bb fit_bg_text=\u00a0\u00bb0&Prime;][\/vc_column][\/vc_row][vc_row gap=\u00a0\u00bb30&Prime; content_placement=\u00a0\u00bbmiddle\u00a0\u00bb iron_row_type=\u00a0\u00bbin_container\u00a0\u00bb iron_remove_padding_medium=\u00a0\u00bbtabletnopadding\u00a0\u00bb iron_remove_padding_small=\u00a0\u00bb\u00a0\u00bb iron_overlay_pattern=\u00a0\u00bb\u00a0\u00bb iron_parallax=\u00a0\u00bb\u00a0\u00bb iron_bg_video=\u00a0\u00bb\u00a0\u00bb css=\u00a0\u00bb.vc_custom_1620111739548{border-bottom-width: 50px !important;padding-top: 50px !important;background-color: #ffffff !important;}\u00a0\u00bb][vc_column width=\u00a0\u00bb1\/3&Prime;][vc_single_image image=\u00a0\u00bb6106&Prime; img_fullwidth=\u00a0\u00bb0&Prime; title=\u00a0\u00bbClaude Nougaro\u00a0\u00bb][\/vc_column][vc_column width=\u00a0\u00bb1\/3&Prime;][vc_column_text]<b><i>Nougayork<\/i><\/b> (WEA)<\/p>\n<p><b><i>Pacifique <\/i><\/b>(WEA)<\/p>\n<p><b><i>Live au Zenith<\/i><\/b> <b>(<\/b>WEA)<\/p>\n<p>[\/vc_column_text][\/vc_column][vc_column width=\u00a0\u00bb1\/3&Prime;][vc_column_text]<b><i>Une voix dix doigts <\/i><\/b>(Philips\/Phonogram)<\/p>\n<p><b><i>Chansongs<\/i><\/b> (Philips\/Phonogram)<\/p>\n<p><b><i>The best de sc\u00e8ne <\/i><\/b>(Philips\/Phonogram)<\/p>\n<p><b><i>La note bleue <\/i><\/b>(Blue Note)[\/vc_column_text][\/vc_column][\/vc_row][vc_row gap=\u00a0\u00bb30&Prime; content_placement=\u00a0\u00bbmiddle\u00a0\u00bb iron_row_type=\u00a0\u00bbin_container\u00a0\u00bb iron_remove_padding_medium=\u00a0\u00bbtabletnopadding\u00a0\u00bb iron_remove_padding_small=\u00a0\u00bb\u00a0\u00bb iron_overlay_pattern=\u00a0\u00bb\u00a0\u00bb iron_parallax=\u00a0\u00bb\u00a0\u00bb iron_bg_video=\u00a0\u00bb\u00a0\u00bb css=\u00a0\u00bb.vc_custom_1620111720812{border-bottom-width: 50px !important;padding-top: 50px !important;background-color: #ffffff !important;}\u00a0\u00bb][vc_column width=\u00a0\u00bb1\/3&Prime;][vc_single_image image=\u00a0\u00bb5237&Prime; img_fullwidth=\u00a0\u00bb0&Prime; title=\u00a0\u00bbTrilok Gurtu\u00a0\u00bb][\/vc_column][vc_column width=\u00a0\u00bb1\/3&Prime;][vc_column_text]<b><i>Usfret <\/i><\/b>(avec Shobha Gurtu, Ralph Towner, Don Cherry, Jonas Hellborg, Walter Quintus, Shankar, Daniel Goyone) (CMP33)<\/p>\n<p><b><i>Living Magic<\/i><\/b> (avec Jan Garbarek, Nana Vasconcelos, Nicolas Fiszman, Tunde Jegede, Shanthi Rao, Daniel Goyone) (CMP50)[\/vc_column_text][\/vc_column][vc_column width=\u00a0\u00bb1\/3&Prime;][vc_column_text]<b><i>Crazy Saints <\/i><\/b>(avec Shobha Gurtu, Pat Metheny, Louis Sclavis, Joe Zawinul, Daniel Goyone) (CMP66)<\/p>\n<p><b><i>Believe <\/i><\/b>(avec David Gilmore, Chris Minh Doky, Daniel Goyone) (CMP Records\/Night and Day)[\/vc_column_text][vc_column_text]<b><i>Crazy Saints Live <\/i><\/b>(Trilok Gurtu, Chris Minh Doky, Daniel Goyone) (MIG 80322\/2015)[\/vc_column_text][\/vc_column][\/vc_row][vc_row gap=\u00a0\u00bb30&Prime; content_placement=\u00a0\u00bbmiddle\u00a0\u00bb iron_row_type=\u00a0\u00bbin_container\u00a0\u00bb iron_remove_padding_medium=\u00a0\u00bbtabletnopadding\u00a0\u00bb iron_remove_padding_small=\u00a0\u00bb\u00a0\u00bb iron_overlay_pattern=\u00a0\u00bb\u00a0\u00bb iron_parallax=\u00a0\u00bb\u00a0\u00bb iron_bg_video=\u00a0\u00bb\u00a0\u00bb css=\u00a0\u00bb.vc_custom_1620111762886{border-bottom-width: 50px !important;padding-top: 50px !important;background-color: #ffffff !important;}\u00a0\u00bb][vc_column width=\u00a0\u00bb1\/3&Prime;][vc_single_image image=\u00a0\u00bb5238&Prime; img_fullwidth=\u00a0\u00bb0&Prime; title=\u00a0\u00bbBunny Brunel\u00a0\u00bb][\/vc_column][vc_column width=\u00a0\u00bb1\/3&Prime;][vc_column_text]<b><i>Touch<\/i><\/b> (avec Chick Corea, Andr\u00e9 Ceccarelli)<\/p>\n<p><b><i>Ivanho\u00e9 <\/i><\/b>(avec Chick Corea, Herbie Hancock, Tony Williams, Stanley Clark&#8230;) <b>(<\/b>CDMRP)<\/p>\n<p><b><i>Touch<\/i><\/b> r\u00e9\u00e9dit\u00e9 et remasteris\u00e9 en 2006 par Bunny Brunel[\/vc_column_text][\/vc_column][vc_column width=\u00a0\u00bb1\/3&Prime;][vc_column_text]\u00c0 l&rsquo;\u00e9coute sur <a href=\"https:\/\/youtu.be\/dri0LKaRUM0\" target=\"_blank\" rel=\"noopener\">Youtube (film\u00e9 lors du Festival de Jazz d&rsquo;Antibes, 1979)<\/a><\/p>\n<p>Le lien avec cette vid\u00e9o est l\u2019occasion d\u2019\u00e9voquer la m\u00e9moire de <strong>Chick Corea<\/strong>, r\u00e9cemment disparu.<br \/>\nAlors que nous \u00e9tions tr\u00e8s jeunes et peu connus, Bunny Brunel et moi, Chick n\u2019avait pas h\u00e9sit\u00e9 \u00e0 nous soutenir en participant \u00e0 notre concert au Festival d\u2019Antibes-Juan les Pins. Un geste qui m\u2019avait \u00e9norm\u00e9ment touch\u00e9 \u00e0 l\u2019\u00e9poque, et que je n\u2019oublierai pas.<\/p>\n<p>N.B : Les incrustations sur cette vid\u00e9o ont \u00e9t\u00e9 invers\u00e9es. C\u2019est Tom Grant qui joue les claviers et moi qui suis au piano.[\/vc_column_text][\/vc_column][\/vc_row][vc_row gap=\u00a0\u00bb30&Prime; content_placement=\u00a0\u00bbmiddle\u00a0\u00bb iron_row_type=\u00a0\u00bbin_container\u00a0\u00bb iron_remove_padding_medium=\u00a0\u00bbtabletnopadding\u00a0\u00bb iron_remove_padding_small=\u00a0\u00bb\u00a0\u00bb iron_overlay_pattern=\u00a0\u00bb\u00a0\u00bb iron_parallax=\u00a0\u00bb\u00a0\u00bb iron_bg_video=\u00a0\u00bb\u00a0\u00bb css=\u00a0\u00bb.vc_custom_1620111870131{border-bottom-width: 50px !important;padding-top: 50px !important;background-color: #ffffff !important;}\u00a0\u00bb][vc_column width=\u00a0\u00bb1\/3&Prime;][vc_single_image image=\u00a0\u00bb6108&Prime; img_fullwidth=\u00a0\u00bb0&Prime; title=\u00a0\u00bbDavid Linx\u00a0\u00bb][\/vc_column][vc_column width=\u00a0\u00bb1\/3&Prime;][vc_column_text]<em><strong>7000 miles <\/strong><\/em>(2018) avec Andr\u00e9 Ceccarelli, Pierre-Alain Goualch, Diego Imbert<\/p>\n<p>[\/vc_column_text][\/vc_column][vc_column width=\u00a0\u00bb1\/3&Prime;][vc_column_text]<b><i>Rock my Boat<\/i><\/b> (2012) avec Rhoda Scott, Andr\u00e9 Ceccarelli, Lenine, Paolo Fresu&#8230;) (Na\u00efve, NJ621311)<\/p>\n<p><b><i>L\u2019instant d\u2019apr\u00e8s<\/i><\/b> (Polydor\/Universal, 2001)[\/vc_column_text][\/vc_column][\/vc_row][vc_row gap=\u00a0\u00bb30&Prime; content_placement=\u00a0\u00bbmiddle\u00a0\u00bb iron_row_type=\u00a0\u00bbin_container\u00a0\u00bb iron_remove_padding_medium=\u00a0\u00bbtabletnopadding\u00a0\u00bb iron_remove_padding_small=\u00a0\u00bb\u00a0\u00bb iron_overlay_pattern=\u00a0\u00bb\u00a0\u00bb iron_parallax=\u00a0\u00bb\u00a0\u00bb iron_bg_video=\u00a0\u00bb\u00a0\u00bb css=\u00a0\u00bb.vc_custom_1620111885172{border-bottom-width: 50px !important;padding-top: 50px !important;background-color: #ffffff !important;}\u00a0\u00bb][vc_column width=\u00a0\u00bb1\/3&Prime;][vc_single_image image=\u00a0\u00bb5820&Prime; img_fullwidth=\u00a0\u00bb0&Prime; title=\u00a0\u00bbDaniel Mille\u00a0\u00bb][\/vc_column][vc_column width=\u00a0\u00bb1\/3&Prime;][vc_column_text]<b><i>L&rsquo;attente<\/i><\/b> (2009), <b><i>Apr\u00e8s la pluie<\/i><\/b> (2005), <b><i>Entre Chien et Loup<\/i><\/b> (2001), <b><i>Le Funambule <\/i><\/b>(1999)[\/vc_column_text][\/vc_column][\/vc_row][vc_row gap=\u00a0\u00bb30&Prime; content_placement=\u00a0\u00bbmiddle\u00a0\u00bb iron_row_type=\u00a0\u00bbin_container\u00a0\u00bb iron_remove_padding_medium=\u00a0\u00bbtabletnopadding\u00a0\u00bb iron_remove_padding_small=\u00a0\u00bb\u00a0\u00bb iron_overlay_pattern=\u00a0\u00bb\u00a0\u00bb iron_parallax=\u00a0\u00bb\u00a0\u00bb iron_bg_video=\u00a0\u00bb\u00a0\u00bb css=\u00a0\u00bb.vc_custom_1620111902765{border-bottom-width: 50px !important;padding-top: 50px !important;background-color: #ffffff !important;}\u00a0\u00bb][vc_column width=\u00a0\u00bb1\/3&Prime;][vc_single_image image=\u00a0\u00bb5811&Prime; img_fullwidth=\u00a0\u00bb0&Prime; title=\u00a0\u00bbSang et Or\u00a0\u00bb][\/vc_column][vc_column width=\u00a0\u00bb1\/3&Prime;][vc_column_text]<b><i> Sang et Or ,<\/i><\/b> cr\u00e9ation musicale pour vibraphone, xylophone, percussions, accord\u00e9on, saxophone, contrebasse.<\/p>\n<p>Musique du spectacle <strong><em>Sang et Or<\/em> <\/strong>du Cirque Zanzibar, 2007.<\/p>\n<p>Direction artistique : Thierry Bonneaux et Daniel Goyone.[\/vc_column_text][\/vc_column][vc_column width=\u00a0\u00bb1\/3&Prime;][vc_column_text]<strong>\u00c0 \u00e9couter sur youtube <span style=\"color: #ff6600;\">(Cliquer les liens ci-dessous)<\/span><br \/>\n<\/strong><\/p>\n<p><em><strong><a href=\"https:\/\/youtu.be\/oyawOLiezDY\" target=\"_blank\" rel=\"noopener\">Choral#1<\/a><\/strong><\/em><\/p>\n<p><em><strong><a href=\"https:\/\/youtu.be\/08HJOSrP7zI\" target=\"_blank\" rel=\"noopener\">Bouches d&rsquo;Or<\/a><\/strong><\/em><\/p>\n<p><em><strong><a href=\"https:\/\/youtu.be\/ydpFu70ZKfo\" target=\"_blank\" rel=\"noopener\">Jef et Chlo\u00e9<\/a><\/strong><\/em><\/p>\n<p><em><strong><a href=\"https:\/\/youtu.be\/zEcAPbNTD3I\" target=\"_blank\" rel=\"noopener\">Wiener Polka<\/a><\/strong><\/em><\/p>\n<p><a href=\"https:\/\/youtu.be\/Aq4gLHxfw_4\" target=\"_blank\" rel=\"noopener\"><em><strong>Yonbun No Go<\/strong><\/em><\/a>[\/vc_column_text][\/vc_column][\/vc_row][vc_row gap=\u00a0\u00bb30&Prime; content_placement=\u00a0\u00bbmiddle\u00a0\u00bb iron_row_type=\u00a0\u00bbin_container\u00a0\u00bb iron_remove_padding_medium=\u00a0\u00bbtabletnopadding\u00a0\u00bb iron_remove_padding_small=\u00a0\u00bb\u00a0\u00bb iron_overlay_pattern=\u00a0\u00bb\u00a0\u00bb iron_parallax=\u00a0\u00bb\u00a0\u00bb iron_bg_video=\u00a0\u00bb\u00a0\u00bb css=\u00a0\u00bb.vc_custom_1452103132850{border-bottom-width: 80px !important;padding-top: 80px !important;background-color: #ffffff !important;}\u00a0\u00bb][vc_column][vc_column_text]<b>Piwiz Trio : <\/b>Pirly Zurstrassen piano, compositeur, Barbara Wiernick, chant, Jacques Pirotton, guitare. (Home Records, mars 2009; www.homerecords.be)<\/p>\n<p><b>M\u00f4nica Passos :<\/b> <b><i>Casamento<\/i><\/b><\/p>\n<p><b>Erick de Armas :<\/b> <b><i>Alivio y recuerdo<\/i><\/b><\/p>\n<p><b>Fran\u00e7ois Du Bois :<\/b> <b><i>Entre deux mondes<\/i><\/b><\/p>\n<p><b>David Venitucci :<\/b> <b><i>Cascade<\/i><\/b><\/p>\n<p><b>Morton Feldman Jazz tributes<\/b> : (Villars edition \/ UK)<\/p>\n<p><b>Ivan Paduart : <\/b><b><i>My French Heart<\/i><\/b> , 2005 (Alone Red Records)<\/p>\n<p><b>Nicole Rieu <\/b>: <b><i>Ah Ah<\/i><\/b><\/p>\n<p><b>Orchestre National de Jazz :<\/b> <b><i>ONJ 87<\/i><\/b><\/p>\n<p><b>Jean-Pierre Alarcen :<\/b> <b><i>Tableau n\u00b01 <\/i><\/b>(1979) (\u00e0 \u00e9couter sur YouTube)<\/p>\n<p><b>Pierre Charial :<\/b> <b><i>Hors Gabarit<\/i><\/b><\/p>\n<p><b>La s\u00e9lection du chef :<\/b>\u00a0 chez Na\u00efve Enfants, 2006 (U318117)[\/vc_column_text][vc_empty_space][vc_custom_heading text=\u00a0\u00bbMusiques \u00e9crites en r\u00e9ponse \u00e0 des commandes \u00a0\u00bb font_container=\u00a0\u00bbtag:h2|font_size:30|text_align:left|color:%23000000&Prime; google_fonts=\u00a0\u00bbfont_family:Playfair%20Display%3Aregular%2Citalic%2C700%2C700italic%2C900%2C900italic|font_style:400%20regular%3A400%3Anormal\u00a0\u00bb fit_bg_text=\u00a0\u00bb0&Prime;]\t<div class=\"dividerwrap\" style=\"padding-top:px; padding-bottom:px;\">\r\n\t\t<div class=\"defaultdivider left\" style=\"background-color:#000000\"><\/div>\r\n\t\t<div class=\"clear\"><\/div>\r\n\t<\/div>[vc_column_text]<b><i>Sang et Or ,<\/i><\/b> cr\u00e9ation musicale pour<strong> spectacle de Cirque<\/strong> (Zanzibar). Pour vibraphone, xylophone, percussions, accord\u00e9on, saxophone, contrebasse.<\/p>\n<p><b><i>Chansons \u00e0 la vanille et au citron :<\/i><\/b> pour choeur d&rsquo;enfants, piano, fl\u00fbte et percussions, sur des textes de Victor Hugo, Verlaine, Charles Cros, Gabriel Vicaire,&#8230;; Th\u00e9\u00e2tre de Grasse, pour les \u00ab\u00a0Ecoles chantantes\u00a0\u00bb, 2006<\/p>\n<p><b><i>Couleurs du Monde<\/i><\/b>, indicatif pour France Musique, 2004<\/p>\n<p>Orchestre des <em><b>Concerts Lamoureux <\/b><\/em>: 3 musiques sur des textes de Jacques Pr\u00e9vert (\u00ab\u00a0Le Bouquet\u00a0\u00bb, \u00ab\u00a0Quartier Libre\u00a0\u00bb, \u00ab\u00a0<span style=\"font-family: Times New Roman, serif;\">\u00ca<\/span>tre \u00c2ne, c&rsquo;est <span style=\"font-family: Times New Roman, serif;\">\u00c9<\/span>trange\u00a0\u00bb), pour quintette \u00e0 cordes, fl\u00fbte, clarinette, hautbois et r\u00e9citant, 2004<\/p>\n<p>Trois pi\u00e8ces pour orchestre d&rsquo;harmonie : <b><i>Hookle Snookle,\u00a0 Carla&rsquo;s Song, Choro do Papaga\u00efo. <\/i><\/b>Commande de l&rsquo;Harmonie de Cosne-sur-Loire (2009)<\/p>\n<p><b><i>Choro do Papaga\u00efo<\/i><\/b> pour quintette \u00e0 cordes, fl\u00fbte, hautbois, clarinette, cor, guitare. Th\u00e9\u00e2tre de Rochefort (2007)<\/p>\n<p>Tam-Tam L&rsquo;Europe : <b><i>A la recherche du Tam-tam perdu <\/i><\/b>pour 10 batteries, 1991<\/p>\n<p>Orchestre National de Jazz : <b><i>The Slinker<\/i><\/b>, 1986<\/p>\n<p>Jazzog\u00e8ne Orchestra : <b><i>Black, White and Ochre,<\/i><\/b> pour big band de jazz, 1990[\/vc_column_text][vc_empty_space height=\u00a0\u00bb150px\u00a0\u00bb][\/vc_column][\/vc_row]<\/p>\n","protected":false},"excerpt":{"rendered":"<p>[vc_row iron_row_type=\u00a0\u00bbfull_width\u00a0\u00bb iron_remove_padding_medium=\u00a0\u00bbtabletnopadding\u00a0\u00bb iron_remove_padding_small=\u00a0\u00bb\u00a0\u00bb iron_overlay_pattern=\u00a0\u00bb\u00a0\u00bb iron_parallax=\u00a0\u00bb\u00a0\u00bb iron_bg_video=\u00a0\u00bb\u00a0\u00bb css=\u00a0\u00bb.vc_custom_1535113950977{padding-top: 13% !important;padding-bottom: 13% !important;background-image: url(http:\/\/danielgoyone.com\/wp-content\/uploads\/2018\/08\/m2.jpg?id=6091) !important;}\u00a0\u00bb][vc_column offset=\u00a0\u00bbvc_hidden-xs\u00a0\u00bb][vc_custom_heading text=\u00a0\u00bbAutres interpr\u00e8tes\u00a0\u00bb font_container=\u00a0\u00bbtag:h3|font_size:14|text_align:center|color:%23ffffff\u00a0\u00bb google_fonts=\u00a0\u00bbfont_family:Playfair%20Display%3Aregular%2Citalic%2C700%2C700italic%2C900%2C900italic|font_style:400%20regular%3A400%3Anormal\u00a0\u00bb fit_bg_text=\u00a0\u00bb0&Prime;][\/vc_column][\/vc_row][vc_row gap=\u00a0\u00bb30&Prime; content_placement=\u00a0\u00bbmiddle\u00a0\u00bb iron_row_type=\u00a0\u00bbin_container\u00a0\u00bb iron_remove_padding_medium=\u00a0\u00bbtabletnopadding\u00a0\u00bb iron_remove_padding_small=\u00a0\u00bb\u00a0\u00bb iron_overlay_pattern=\u00a0\u00bb\u00a0\u00bb iron_parallax=\u00a0\u00bb\u00a0\u00bb iron_bg_video=\u00a0\u00bb\u00a0\u00bb css=\u00a0\u00bb.vc_custom_1620111739548{border-bottom-width: 50px !important;padding-top: 50px !important;background-color: #ffffff !important;}\u00a0\u00bb][vc_column width=\u00a0\u00bb1\/3&Prime;][vc_single_image image=\u00a0\u00bb6106&Prime; img_fullwidth=\u00a0\u00bb0&Prime; title=\u00a0\u00bbClaude Nougaro\u00a0\u00bb][\/vc_column][vc_column width=\u00a0\u00bb1\/3&Prime;][vc_column_text]Nougayork (WEA) Pacifique (WEA) Live au Zenith (WEA) [\/vc_column_text][\/vc_column][vc_column width=\u00a0\u00bb1\/3&Prime;][vc_column_text]Une voix dix doigts (Philips\/Phonogram) Chansongs (Philips\/Phonogram) The best de sc\u00e8ne (Philips\/Phonogram) La note bleue (Blue Note)[\/vc_column_text][\/vc_column][\/vc_row][vc_row gap=\u00a0\u00bb30&Prime; content_placement=\u00a0\u00bbmiddle\u00a0\u00bb iron_row_type=\u00a0\u00bbin_container\u00a0\u00bb iron_remove_padding_medium=\u00a0\u00bbtabletnopadding\u00a0\u00bb iron_remove_padding_small=\u00a0\u00bb\u00a0\u00bb iron_overlay_pattern=\u00a0\u00bb\u00a0\u00bb iron_parallax=\u00a0\u00bb\u00a0\u00bb iron_bg_video=\u00a0\u00bb\u00a0\u00bb css=\u00a0\u00bb.vc_custom_1620111720812{border-bottom-width: 50px !important;padding-top: 50px !important;background-color: #ffffff [&hellip;]<\/p>\n","protected":false},"author":1,"featured_media":0,"parent":0,"menu_order":0,"comment_status":"closed","ping_status":"closed","template":"","meta":[],"_links":{"self":[{"href":"https:\/\/danielgoyone.com\/fr\/wp-json\/wp\/v2\/pages\/4977"}],"collection":[{"href":"https:\/\/danielgoyone.com\/fr\/wp-json\/wp\/v2\/pages"}],"about":[{"href":"https:\/\/danielgoyone.com\/fr\/wp-json\/wp\/v2\/types\/page"}],"author":[{"embeddable":true,"href":"https:\/\/danielgoyone.com\/fr\/wp-json\/wp\/v2\/users\/1"}],"replies":[{"embeddable":true,"href":"https:\/\/danielgoyone.com\/fr\/wp-json\/wp\/v2\/comments?post=4977"}],"version-history":[{"count":59,"href":"https:\/\/danielgoyone.com\/fr\/wp-json\/wp\/v2\/pages\/4977\/revisions"}],"predecessor-version":[{"id":7778,"href":"https:\/\/danielgoyone.com\/fr\/wp-json\/wp\/v2\/pages\/4977\/revisions\/7778"}],"wp:attachment":[{"href":"https:\/\/danielgoyone.com\/fr\/wp-json\/wp\/v2\/media?parent=4977"}],"curies":[{"name":"wp","href":"https:\/\/api.w.org\/{rel}","templated":true}]}}