{"id":4953,"date":"2018-06-08T15:18:31","date_gmt":"2018-06-08T13:18:31","guid":{"rendered":"http:\/\/danielgoyone.com\/?page_id=4953"},"modified":"2021-03-02T15:23:23","modified_gmt":"2021-03-02T14:23:23","slug":"pedagogie","status":"publish","type":"page","link":"https:\/\/danielgoyone.com\/fr\/pedagogie\/","title":{"rendered":"P\u00e9dagogie"},"content":{"rendered":"<p>[vc_row content_placement=\u00a0\u00bbmiddle\u00a0\u00bb iron_row_type=\u00a0\u00bbfull_width\u00a0\u00bb iron_remove_padding_medium=\u00a0\u00bb\u00a0\u00bb iron_remove_padding_small=\u00a0\u00bb\u00a0\u00bb iron_overlay_pattern=\u00a0\u00bb\u00a0\u00bb iron_parallax=\u00a0\u00bb\u00a0\u00bb iron_bg_video=\u00a0\u00bb\u00a0\u00bb css=\u00a0\u00bb.vc_custom_1535700868424{padding-top: 165px !important;padding-bottom: 165px !important;background-image: url(http:\/\/danielgoyone.com\/wp-content\/uploads\/2018\/08\/duo-concentre\u0301-en-contre-plonge\u0301e2_.jpg?id=6308) !important;}\u00a0\u00bb][vc_column][vc_custom_heading text=\u00a0\u00bbP\u00e9dagogie\u00a0\u00bb font_container=\u00a0\u00bbtag:h3|font_size:30px|text_align:center|color:%23000000|line_height:38px\u00a0\u00bb google_fonts=\u00a0\u00bbfont_family:Playfair%20Display%3Aregular%2Citalic%2C700%2C700italic%2C900%2C900italic|font_style:400%20regular%3A400%3Anormal\u00a0\u00bb fit_bg_text=\u00a0\u00bb1&Prime; css=\u00a0\u00bb.vc_custom_1535701705200{padding-top: 40px !important;padding-right: 40px !important;padding-bottom: 40px !important;padding-left: 40px !important;background-color: #ebebeb !important;}\u00a0\u00bb][\/vc_column][\/vc_row][vc_row iron_row_type=\u00a0\u00bbin_container\u00a0\u00bb iron_remove_padding_medium=\u00a0\u00bb\u00a0\u00bb iron_remove_padding_small=\u00a0\u00bb\u00a0\u00bb iron_overlay_pattern=\u00a0\u00bb\u00a0\u00bb iron_parallax=\u00a0\u00bb\u00a0\u00bb iron_bg_video=\u00a0\u00bb\u00a0\u00bb][vc_column][vc_empty_space][\/vc_column][\/vc_row][vc_row iron_row_type=\u00a0\u00bbin_container\u00a0\u00bb iron_remove_padding_medium=\u00a0\u00bbtabletnopadding\u00a0\u00bb iron_remove_padding_small=\u00a0\u00bbmobilenopadding\u00a0\u00bb iron_overlay_pattern=\u00a0\u00bb\u00a0\u00bb iron_parallax=\u00a0\u00bb\u00a0\u00bb iron_bg_video=\u00a0\u00bb\u00a0\u00bb css=\u00a0\u00bb.vc_custom_1432916017400{padding-right: 8px !important;padding-left: 8px !important;}\u00a0\u00bb][vc_column][vc_empty_space height=\u00a0\u00bb120px\u00a0\u00bb][vc_column_text css=\u00a0\u00bb.vc_custom_1535276205204{padding-right: 5% !important;padding-left: 5% !important;}\u00a0\u00bb]<\/p>\n<p style=\"text-align: center;\">En compl\u00e9ment des ouvrages disponibles <a href=\"http:\/\/www.danielgoyone.com\/bibliographie\" target=\"_blank\" rel=\"noopener\">(voir Bibliographie)<\/a>, voici quelques th\u00e8mes de perfectionnement de la pratique.<\/p>\n<p style=\"text-align: center;\">Les plus curieux peuvent aussi consulter les th\u00e8mes abord\u00e9s dans <a href=\"http:\/\/www.danielgoyone.com\/blog\" target=\"_blank\" rel=\"noopener\">le blog<\/a>.<\/p>\n<p>[\/vc_column_text][\/vc_column][\/vc_row][vc_row gap=\u00a0\u00bb25&Prime; iron_row_type=\u00a0\u00bbin_container\u00a0\u00bb iron_remove_padding_medium=\u00a0\u00bb\u00a0\u00bb iron_remove_padding_small=\u00a0\u00bb\u00a0\u00bb iron_overlay_pattern=\u00a0\u00bb\u00a0\u00bb iron_parallax=\u00a0\u00bb\u00a0\u00bb iron_bg_video=\u00a0\u00bb\u00a0\u00bb][vc_column width=\u00a0\u00bb1\/2&Prime;][vc_empty_space height=\u00a0\u00bb110px\u00a0\u00bb][vc_custom_heading text=\u00a0\u00bbL&rsquo;improvisation musicale, mode d&#8217;emploi<br \/>\n\u00a0\u00bb font_container=\u00a0\u00bbtag:h4|font_size:13px|text_align:center|color:%23111b38|line_height:12px\u00a0\u00bb google_fonts=\u00a0\u00bbfont_family:Lato%3A100%2C100italic%2C300%2C300italic%2Cregular%2Citalic%2C700%2C700italic%2C900%2C900italic|font_style:900%20bold%20regular%3A900%3Anormal\u00a0\u00bb fit_bg_text=\u00a0\u00bb0&Prime; el_class=\u00a0\u00bb.costumespacing1&Prime; css=\u00a0\u00bb.vc_custom_1613575422705{margin-bottom: -15px !important;}\u00a0\u00bb][vc_empty_space height=\u00a0\u00bb35px\u00a0\u00bb][vc_column_text css=\u00a0\u00bb.vc_custom_1613575533412{padding-right: 5% !important;padding-left: 5% !important;}\u00a0\u00bb]<\/p>\n<p>Il y a mille fa\u00e7ons d\u2019aborder l\u2019improvisation.<\/p>\n<p>Voici quelques conseils pour se diriger au mieux dans ce domaine.<\/p>\n<p>[\/vc_column_text][vc_empty_space height=\u00a0\u00bb58px\u00a0\u00bb][vc_column_text]<a href=\"https:\/\/danielgoyone.com\/wp-content\/uploads\/2021\/01\/123.pdf\" class=\"pdfemb-viewer\" style=\"\" data-width=\"max\" data-height=\"max\" data-mobile-width=\"500\"  data-scrollbar=\"none\" data-download=\"on\" data-tracking=\"on\" data-newwindow=\"on\" data-pagetextbox=\"off\" data-scrolltotop=\"off\" data-startzoom=\"100\" data-startfpzoom=\"100\" data-toolbar=\"bottom\" data-toolbar-fixed=\"off\">123<br\/><\/a>[\/vc_column_text][\/vc_column][vc_column width=\u00a0\u00bb1\/2&Prime;][vc_empty_space height=\u00a0\u00bb110px\u00a0\u00bb][vc_custom_heading text=\u00a0\u00bbD\u00e9velopper l\u2019ind\u00e9pendance rythmique<br \/>\n\u00a0\u00bb font_container=\u00a0\u00bbtag:h4|font_size:13px|text_align:center|color:%23111b38|line_height:12px\u00a0\u00bb google_fonts=\u00a0\u00bbfont_family:Lato%3A100%2C100italic%2C300%2C300italic%2Cregular%2Citalic%2C700%2C700italic%2C900%2C900italic|font_style:900%20bold%20regular%3A900%3Anormal\u00a0\u00bb fit_bg_text=\u00a0\u00bb0&Prime; el_class=\u00a0\u00bb.costumespacing1&Prime; css=\u00a0\u00bb.vc_custom_1529918849635{margin-bottom: -15px !important;}\u00a0\u00bb][vc_empty_space height=\u00a0\u00bb35px\u00a0\u00bb][vc_column_text css=\u00a0\u00bb.vc_custom_1535276000509{padding-right: 5% !important;padding-left: 5% !important;}\u00a0\u00bb]<\/p>\n<p>D\u00e9velopper l\u2019ind\u00e9pendance suppose un travail r\u00e9gulier et soutenu. Mais c&rsquo;est moins difficile qu\u2019il ne para\u00eet si l\u2019on en conna\u00eet certains principes et si l\u2019on sait organiser son travail.<\/p>\n<p>[\/vc_column_text][vc_empty_space height=\u00a0\u00bb45px\u00a0\u00bb][vc_column_text]<a href=\"https:\/\/danielgoyone.com\/wp-content\/uploads\/2018\/06\/ind_C3_A9pendance_20rythmique_20d_C3_A9c_2016.pdf\" class=\"pdfemb-viewer\" style=\"\" data-width=\"max\" data-height=\"max\" data-mobile-width=\"500\"  data-scrollbar=\"none\" data-download=\"on\" data-tracking=\"on\" data-newwindow=\"on\" data-pagetextbox=\"off\" data-scrolltotop=\"off\" data-startzoom=\"100\" data-startfpzoom=\"100\" data-toolbar=\"bottom\" data-toolbar-fixed=\"off\">ind_C3_A9pendance_20rythmique_20d_C3_A9c_2016<br\/><\/a>[\/vc_column_text][\/vc_column][\/vc_row][vc_row gap=\u00a0\u00bb25&Prime; iron_row_type=\u00a0\u00bbin_container\u00a0\u00bb iron_remove_padding_medium=\u00a0\u00bbtabletnopadding\u00a0\u00bb iron_remove_padding_small=\u00a0\u00bbmobilenopadding\u00a0\u00bb iron_overlay_pattern=\u00a0\u00bb\u00a0\u00bb iron_parallax=\u00a0\u00bb\u00a0\u00bb iron_bg_video=\u00a0\u00bb\u00a0\u00bb css=\u00a0\u00bb.vc_custom_1614694382021{padding-right: 8px !important;padding-left: 8px !important;}\u00a0\u00bb][vc_column width=\u00a0\u00bb1\/2&Prime;][vc_empty_space height=\u00a0\u00bb80px\u00a0\u00bb][vc_custom_heading text=\u00a0\u00bbHarmonie : Conduite accompagn\u00e9e<\/p>\n<p>\u00a0\u00bb font_container=\u00a0\u00bbtag:h4|font_size:13px|text_align:center|color:%23111b38|line_height:12px\u00a0\u00bb google_fonts=\u00a0\u00bbfont_family:Lato%3A100%2C100italic%2C300%2C300italic%2Cregular%2Citalic%2C700%2C700italic%2C900%2C900italic|font_style:900%20bold%20regular%3A900%3Anormal\u00a0\u00bb fit_bg_text=\u00a0\u00bb0&Prime; el_class=\u00a0\u00bb.costumespacing1&Prime; css=\u00a0\u00bb.vc_custom_1529922096328{margin-bottom: -15px !important;}\u00a0\u00bb][vc_empty_space height=\u00a0\u00bb35px\u00a0\u00bb][vc_column_text css=\u00a0\u00bb.vc_custom_1535031169410{padding-right: 5% !important;padding-left: 5% !important;}\u00a0\u00bb]Quelques conseils pour la conduite de voix, dans les cycles de quintes.<\/p>\n<p>Et plus pr\u00e9cis\u00e9ment, quelques arch\u00e9types de r\u00e9alisations harmoniques, \u00e0 partir desquels on peut harmoniser ces cycles de quintes, ainsi que des bases pour explorer ces progressions et cr\u00e9er soi-m\u00eame diverses applications ou de nombreux exercices.<\/p>\n<p>[\/vc_column_text][vc_empty_space height=\u00a0\u00bb78px\u00a0\u00bb][vc_column_text]<a href=\"https:\/\/danielgoyone.com\/wp-content\/uploads\/2018\/06\/conduite_20accompagn_C3_A9e.pdf\" class=\"pdfemb-viewer\" style=\"\" data-width=\"max\" data-height=\"max\" data-mobile-width=\"500\"  data-scrollbar=\"none\" data-download=\"on\" data-tracking=\"on\" data-newwindow=\"on\" data-pagetextbox=\"off\" data-scrolltotop=\"off\" data-startzoom=\"100\" data-startfpzoom=\"100\" data-toolbar=\"bottom\" data-toolbar-fixed=\"off\">Harmonie : Conduite accompagn\u00e9e<br\/><\/a>[\/vc_column_text][\/vc_column][vc_column width=\u00a0\u00bb1\/2&Prime;][vc_empty_space height=\u00a0\u00bb80px\u00a0\u00bb][vc_custom_heading text=\u00a0\u00bbImproviser sur une mesure impaire<br \/>\n\u00a0\u00bb font_container=\u00a0\u00bbtag:h4|font_size:13px|text_align:center|color:%23111b38|line_height:12px\u00a0\u00bb google_fonts=\u00a0\u00bbfont_family:Lato%3A100%2C100italic%2C300%2C300italic%2Cregular%2Citalic%2C700%2C700italic%2C900%2C900italic|font_style:900%20bold%20regular%3A900%3Anormal\u00a0\u00bb fit_bg_text=\u00a0\u00bb0&Prime; el_class=\u00a0\u00bb.costumespacing1&Prime; css=\u00a0\u00bb.vc_custom_1529927352889{margin-bottom: -15px !important;}\u00a0\u00bb][vc_empty_space height=\u00a0\u00bb35px\u00a0\u00bb][vc_column_text css=\u00a0\u00bb.vc_custom_1535356391149{padding-right: 5% !important;padding-left: 5% !important;}\u00a0\u00bb]Pour r\u00e9pondre \u00e0 une question souvent pos\u00e9e, voici quelques conseils de base pour organiser son travail afin d&rsquo;\u00eatre \u00e0 l&rsquo;aise sur une mesure impaire.<\/p>\n<p>Un site d\u00e9di\u00e9 &#8211; en acc\u00e8s libre &#8211; pr\u00e9sente \u00e0 travers des exemples audio et vid\u00e9o, <strong><a href=\"http:\/\/outremesure.lfi.fr\/cahiersdurythme\/C1.html\" target=\"_blank\" rel=\"noopener\">une s\u00e9lection d&rsquo;exercices<\/a><\/strong> extraits des Volumes 1, 2 et 3 des <em><strong>Cahiers du Rythme<\/strong><\/em>\u00a0 (<span style=\"font-family: Times New Roman, serif;\">\u00c9<\/span>ditions Outre Mesure). Ces exercices s&rsquo;adressent \u00e0 tous les musiciens, quel que soit l&rsquo;instrument pratiqu\u00e9.[\/vc_column_text][vc_empty_space height=\u00a0\u00bb74px\u00a0\u00bb][vc_column_text]<a href=\"https:\/\/danielgoyone.com\/wp-content\/uploads\/2018\/06\/impro_20sur_20impaire.pdf\" class=\"pdfemb-viewer\" style=\"\" data-width=\"max\" data-height=\"max\" data-mobile-width=\"500\"  data-scrollbar=\"none\" data-download=\"on\" data-tracking=\"on\" data-newwindow=\"on\" data-pagetextbox=\"off\" data-scrolltotop=\"off\" data-startzoom=\"100\" data-startfpzoom=\"100\" data-toolbar=\"bottom\" data-toolbar-fixed=\"off\">impro_20sur_20impaire<br\/><\/a>[\/vc_column_text][\/vc_column][\/vc_row][vc_row gap=\u00a0\u00bb35&Prime; iron_row_type=\u00a0\u00bbin_container\u00a0\u00bb iron_remove_padding_medium=\u00a0\u00bbtabletnopadding\u00a0\u00bb iron_remove_padding_small=\u00a0\u00bbmobilenopadding\u00a0\u00bb iron_overlay_pattern=\u00a0\u00bb\u00a0\u00bb iron_parallax=\u00a0\u00bb\u00a0\u00bb iron_bg_video=\u00a0\u00bb\u00a0\u00bb css=\u00a0\u00bb.vc_custom_1612174588616{padding-right: 8px !important;padding-left: 8px !important;}\u00a0\u00bb][vc_column width=\u00a0\u00bb1\/2&Prime;][vc_empty_space height=\u00a0\u00bb50px\u00a0\u00bb][vc_custom_heading text=\u00a0\u00bbRythme, les principales causes de probl\u00e8me.<\/p>\n<p>\u00a0\u00bb font_container=\u00a0\u00bbtag:h4|font_size:13px|text_align:center|color:%23111b38|line_height:12px\u00a0\u00bb google_fonts=\u00a0\u00bbfont_family:Lato%3A100%2C100italic%2C300%2C300italic%2Cregular%2Citalic%2C700%2C700italic%2C900%2C900italic|font_style:900%20bold%20regular%3A900%3Anormal\u00a0\u00bb fit_bg_text=\u00a0\u00bb0&Prime; el_class=\u00a0\u00bb.costumespacing1&Prime; css=\u00a0\u00bb.vc_custom_1529927406522{margin-bottom: -15px !important;}\u00a0\u00bb][vc_empty_space height=\u00a0\u00bb62px\u00a0\u00bb][vc_column_text css=\u00a0\u00bb.vc_custom_1535356426420{padding-right: 5% !important;padding-left: 5% !important;}\u00a0\u00bb]Comment surmonter ces difficult\u00e9s? Deux pages en compl\u00e9ment des <b><i>Cahiers du Rythme. <\/i><\/b><\/p>\n<p>Et pour aller plus loin, en acc\u00e8s libre, sur le site <a href=\"http:\/\/outremesure.lfi.fr\/achat\/produit_details.php?id=97&amp;catid=Goyone%2C%20Daniel\">\u00a0<\/a><a href=\"http:\/\/outremesure.lfi.fr\/cahiersdurythme\/C3.html\" target=\"_blank\" rel=\"noopener\"><i>Les cahiers du Rythme<\/i><\/a><\/p>\n<p><a href=\"http:\/\/outremesure.lfi.fr\/cahiersdurythme\/C1.html\" target=\"_blank\" rel=\"noopener\"><b>une s\u00e9rie d&rsquo;exercices audio et video<\/b> <\/a><b><i><\/i><\/b>[\/vc_column_text][vc_empty_space height=\u00a0\u00bb70px\u00a0\u00bb][vc_column_text]<a href=\"https:\/\/danielgoyone.com\/wp-content\/uploads\/2018\/06\/Rythmes_20Les_20principales_20causes_20de_20probl_C3_A8mes.pdf\" class=\"pdfemb-viewer\" style=\"\" data-width=\"max\" data-height=\"max\" data-mobile-width=\"500\"  data-scrollbar=\"none\" data-download=\"on\" data-tracking=\"on\" data-newwindow=\"on\" data-pagetextbox=\"off\" data-scrolltotop=\"off\" data-startzoom=\"100\" data-startfpzoom=\"100\" data-toolbar=\"bottom\" data-toolbar-fixed=\"off\">Rythmes_20Les_20principales_20causes_20de_20probl_C3_A8mes<br\/><\/a>[\/vc_column_text][vc_empty_space height=\u00a0\u00bb110px\u00a0\u00bb][\/vc_column][\/vc_row]<\/p>\n","protected":false},"excerpt":{"rendered":"<p>[vc_row content_placement=\u00a0\u00bbmiddle\u00a0\u00bb iron_row_type=\u00a0\u00bbfull_width\u00a0\u00bb iron_remove_padding_medium=\u00a0\u00bb\u00a0\u00bb iron_remove_padding_small=\u00a0\u00bb\u00a0\u00bb iron_overlay_pattern=\u00a0\u00bb\u00a0\u00bb iron_parallax=\u00a0\u00bb\u00a0\u00bb iron_bg_video=\u00a0\u00bb\u00a0\u00bb css=\u00a0\u00bb.vc_custom_1535700868424{padding-top: 165px !important;padding-bottom: 165px !important;background-image: url(http:\/\/danielgoyone.com\/wp-content\/uploads\/2018\/08\/duo-concentre\u0301-en-contre-plonge\u0301e2_.jpg?id=6308) !important;}\u00a0\u00bb][vc_column][vc_custom_heading text=\u00a0\u00bbP\u00e9dagogie\u00a0\u00bb font_container=\u00a0\u00bbtag:h3|font_size:30px|text_align:center|color:%23000000|line_height:38px\u00a0\u00bb google_fonts=\u00a0\u00bbfont_family:Playfair%20Display%3Aregular%2Citalic%2C700%2C700italic%2C900%2C900italic|font_style:400%20regular%3A400%3Anormal\u00a0\u00bb fit_bg_text=\u00a0\u00bb1&Prime; css=\u00a0\u00bb.vc_custom_1535701705200{padding-top: 40px !important;padding-right: 40px !important;padding-bottom: 40px !important;padding-left: 40px !important;background-color: #ebebeb !important;}\u00a0\u00bb][\/vc_column][\/vc_row][vc_row iron_row_type=\u00a0\u00bbin_container\u00a0\u00bb iron_remove_padding_medium=\u00a0\u00bb\u00a0\u00bb iron_remove_padding_small=\u00a0\u00bb\u00a0\u00bb iron_overlay_pattern=\u00a0\u00bb\u00a0\u00bb iron_parallax=\u00a0\u00bb\u00a0\u00bb iron_bg_video=\u00a0\u00bb\u00a0\u00bb][vc_column][vc_empty_space][\/vc_column][\/vc_row][vc_row iron_row_type=\u00a0\u00bbin_container\u00a0\u00bb iron_remove_padding_medium=\u00a0\u00bbtabletnopadding\u00a0\u00bb iron_remove_padding_small=\u00a0\u00bbmobilenopadding\u00a0\u00bb iron_overlay_pattern=\u00a0\u00bb\u00a0\u00bb iron_parallax=\u00a0\u00bb\u00a0\u00bb iron_bg_video=\u00a0\u00bb\u00a0\u00bb css=\u00a0\u00bb.vc_custom_1432916017400{padding-right: 8px !important;padding-left: 8px !important;}\u00a0\u00bb][vc_column][vc_empty_space height=\u00a0\u00bb120px\u00a0\u00bb][vc_column_text css=\u00a0\u00bb.vc_custom_1535276205204{padding-right: 5% !important;padding-left: 5% !important;}\u00a0\u00bb] En compl\u00e9ment des ouvrages disponibles (voir Bibliographie), voici quelques th\u00e8mes de perfectionnement de la pratique. Les plus curieux peuvent aussi consulter les th\u00e8mes abord\u00e9s dans le blog. [&hellip;]<\/p>\n","protected":false},"author":1,"featured_media":0,"parent":0,"menu_order":0,"comment_status":"closed","ping_status":"closed","template":"","meta":[],"_links":{"self":[{"href":"https:\/\/danielgoyone.com\/fr\/wp-json\/wp\/v2\/pages\/4953"}],"collection":[{"href":"https:\/\/danielgoyone.com\/fr\/wp-json\/wp\/v2\/pages"}],"about":[{"href":"https:\/\/danielgoyone.com\/fr\/wp-json\/wp\/v2\/types\/page"}],"author":[{"embeddable":true,"href":"https:\/\/danielgoyone.com\/fr\/wp-json\/wp\/v2\/users\/1"}],"replies":[{"embeddable":true,"href":"https:\/\/danielgoyone.com\/fr\/wp-json\/wp\/v2\/comments?post=4953"}],"version-history":[{"count":71,"href":"https:\/\/danielgoyone.com\/fr\/wp-json\/wp\/v2\/pages\/4953\/revisions"}],"predecessor-version":[{"id":7666,"href":"https:\/\/danielgoyone.com\/fr\/wp-json\/wp\/v2\/pages\/4953\/revisions\/7666"}],"wp:attachment":[{"href":"https:\/\/danielgoyone.com\/fr\/wp-json\/wp\/v2\/media?parent=4953"}],"curies":[{"name":"wp","href":"https:\/\/api.w.org\/{rel}","templated":true}]}}