{"id":47,"date":"2015-04-13T13:28:56","date_gmt":"2015-04-13T13:28:56","guid":{"rendered":"http:\/\/fwrd.irontemplates.com\/thevoice\/?page_id=47"},"modified":"2023-05-15T13:54:10","modified_gmt":"2023-05-15T11:54:10","slug":"jeunes-lunes-2","status":"publish","type":"page","link":"https:\/\/danielgoyone.com\/fr\/jeunes-lunes-2\/","title":{"rendered":"jeunes lunes"},"content":{"rendered":"<p>[vc_row content_placement=\u00a0\u00bbmiddle\u00a0\u00bb iron_row_type=\u00a0\u00bbfull_width\u00a0\u00bb iron_remove_padding_medium=\u00a0\u00bbtabletnopadding\u00a0\u00bb iron_remove_padding_small=\u00a0\u00bb\u00a0\u00bb iron_overlay_pattern=\u00a0\u00bb\u00a0\u00bb iron_parallax=\u00a0\u00bb\u00a0\u00bb iron_bg_video=\u00a0\u00bb\u00a0\u00bb css=\u00a0\u00bb.vc_custom_1679833192084{padding-top: 10% !important;padding-bottom: 10% !important;background-image: url(https:\/\/danielgoyone.com\/wp-content\/uploads\/2023\/03\/event.jpg?id=8448) !important;}\u00a0\u00bb][vc_column][vc_empty_space height=\u00a0\u00bb17px\u00a0\u00bb][vc_row_inner iron_bg_video=\u00a0\u00bb\u00a0\u00bb][vc_column_inner width=\u00a0\u00bb1\/2&Prime;][vc_single_image image=\u00a0\u00bb8331&Prime; img_size=\u00a0\u00bbmedium\u00a0\u00bb img_fullwidth=\u00a0\u00bb0&Prime;][\/vc_column_inner][vc_column_inner width=\u00a0\u00bb1\/2&Prime;][vc_empty_space height=\u00a0\u00bb80px\u00a0\u00bb][vc_custom_heading text=\u00a0\u00bb\u00ab\u00a0Ces Jeunes Lunes<br \/>\nont \u00e9t\u00e9 con\u00e7ues<br \/>\ncomme des graines de r\u00eave.<br \/>\nAvec toute la fragilit\u00e9 des r\u00eaves<br \/>\net toute la force de vie<br \/>\nenclose dans une graine.\u00ab\u00a0\u00a0\u00bb font_container=\u00a0\u00bbtag:h4|font_size:19px|text_align:center|color:%23f4f4f4|line_height:1&Prime; google_fonts=\u00a0\u00bbfont_family:Bodoni%20Moda%3Aregular%2C500%2C600%2C700%2C800%2C900%2Citalic%2C500italic%2C600italic%2C700italic%2C800italic%2C900italic|font_style:500%20italic%3A500%3Aitalic\u00a0\u00bb fit_bg_text=\u00a0\u00bb0&Prime;]\t<div class=\"dividerwrap\" style=\"padding-top:50px; padding-bottom:px;\">\r\n\t\t<div class=\"imagedivider center\">\r\n\t\t<img src=\"https:\/\/danielgoyone.com\/wp-content\/uploads\/2015\/05\/icon_divider_1_square3.png\" class=\"imagedividerpic\" alt=\"divider\">\r\n\t\t<\/div>\r\n\t\t<div class=\"clear\"><\/div>\r\n\t<\/div>[vc_empty_space height=\u00a0\u00bb25px\u00a0\u00bb][vc_btn title=\u00a0\u00bbAcheter le CD\u00a0\u00bb shape=\u00a0\u00bbsquare\u00a0\u00bb color=\u00a0\u00bbblack\u00a0\u00bb align=\u00a0\u00bbcenter\u00a0\u00bb link=\u00a0\u00bburl:https%3A%2F%2Fdanielgoyone.com%2Ffr%2Fboutique%2F|title:Boutique|target:%20_blank|\u00a0\u00bb][vc_btn title=\u00a0\u00bbT\u00e9l\u00e9charger\u00a0\u00bb shape=\u00a0\u00bbsquare\u00a0\u00bb color=\u00a0\u00bbblack\u00a0\u00bb align=\u00a0\u00bbcenter\u00a0\u00bb link=\u00a0\u00bburl:https%3A%2F%2Fmusicbox.ffm.to%2Fjeuneslunes.owe|title:commander%20le%20CD%20pour%20la%20distribution%20digitale%20|target:%20_blank|\u00a0\u00bb][\/vc_column_inner][\/vc_row_inner][vc_row_inner iron_bg_video=\u00a0\u00bb\u00a0\u00bb][vc_column_inner width=\u00a0\u00bb1\/2&Prime;][vc_empty_space height=\u00a0\u00bb17px\u00a0\u00bb][vc_video link=\u00a0\u00bbhttps:\/\/youtu.be\/Xxd7Z6Wl6VE\u00a0\u00bb][vc_empty_space height=\u00a0\u00bb17px\u00a0\u00bb][vc_video link=\u00a0\u00bbhttps:\/\/youtu.be\/K9OZSkl3Xok\u00a0\u00bb][vc_empty_space height=\u00a0\u00bb17px\u00a0\u00bb][\/vc_column_inner][vc_column_inner width=\u00a0\u00bb1\/2&Prime;][vc_empty_space height=\u00a0\u00bb17px\u00a0\u00bb][vc_video link=\u00a0\u00bbhttps:\/\/youtu.be\/jLFFpdc7SO4&Prime; align=\u00a0\u00bbright\u00a0\u00bb][vc_empty_space height=\u00a0\u00bb17px\u00a0\u00bb][vc_video link=\u00a0\u00bbhttps:\/\/youtu.be\/0aH9nZcLaSY\u00a0\u00bb align=\u00a0\u00bbright\u00a0\u00bb][vc_empty_space height=\u00a0\u00bb17px\u00a0\u00bb][\/vc_column_inner][\/vc_row_inner][\/vc_column][\/vc_row][vc_row iron_row_type=\u00a0\u00bbin_container\u00a0\u00bb iron_remove_padding_medium=\u00a0\u00bb\u00a0\u00bb iron_remove_padding_small=\u00a0\u00bb\u00a0\u00bb iron_overlay_pattern=\u00a0\u00bb\u00a0\u00bb iron_parallax=\u00a0\u00bb\u00a0\u00bb iron_bg_video=\u00a0\u00bb\u00a0\u00bb][vc_column][vc_empty_space height=\u00a0\u00bb60px\u00a0\u00bb][\/vc_column][\/vc_row][vc_row iron_row_type=\u00a0\u00bbin_container\u00a0\u00bb iron_remove_padding_medium=\u00a0\u00bb\u00a0\u00bb iron_remove_padding_small=\u00a0\u00bb\u00a0\u00bb iron_overlay_pattern=\u00a0\u00bb\u00a0\u00bb iron_parallax=\u00a0\u00bb\u00a0\u00bb iron_bg_video=\u00a0\u00bb\u00a0\u00bb][vc_column][vc_row_inner iron_bg_video=\u00a0\u00bb\u00a0\u00bb][vc_column_inner width=\u00a0\u00bb1\/4&Prime;][vc_single_image image=\u00a0\u00bb8358&Prime; img_size=\u00a0\u00bbmedium\u00a0\u00bb img_fullwidth=\u00a0\u00bb0&Prime;][vc_empty_space height=\u00a0\u00bb3px\u00a0\u00bb][vc_single_image image=\u00a0\u00bb8350&Prime; img_size=\u00a0\u00bbmedium\u00a0\u00bb img_fullwidth=\u00a0\u00bb0&Prime;][\/vc_column_inner][vc_column_inner width=\u00a0\u00bb1\/4&Prime;][vc_single_image image=\u00a0\u00bb8356&Prime; img_size=\u00a0\u00bbmedium\u00a0\u00bb img_fullwidth=\u00a0\u00bb0&Prime;][vc_empty_space height=\u00a0\u00bb3px\u00a0\u00bb][vc_single_image image=\u00a0\u00bb8348&Prime; img_size=\u00a0\u00bbmedium\u00a0\u00bb img_fullwidth=\u00a0\u00bb0&Prime;][\/vc_column_inner][vc_column_inner width=\u00a0\u00bb1\/4&Prime;][vc_single_image image=\u00a0\u00bb8354&Prime; img_size=\u00a0\u00bbmedium\u00a0\u00bb img_fullwidth=\u00a0\u00bb0&Prime;][vc_empty_space height=\u00a0\u00bb3px\u00a0\u00bb][vc_single_image image=\u00a0\u00bb8346&Prime; img_size=\u00a0\u00bbmedium\u00a0\u00bb img_fullwidth=\u00a0\u00bb0&Prime;][\/vc_column_inner][vc_column_inner width=\u00a0\u00bb1\/4&Prime;][vc_single_image image=\u00a0\u00bb8352&Prime; img_size=\u00a0\u00bbmedium\u00a0\u00bb img_fullwidth=\u00a0\u00bb0&Prime;][vc_empty_space height=\u00a0\u00bb3px\u00a0\u00bb][vc_single_image image=\u00a0\u00bb8342&Prime; img_size=\u00a0\u00bbmedium\u00a0\u00bb img_fullwidth=\u00a0\u00bb0&Prime;][\/vc_column_inner][\/vc_row_inner][vc_row_inner iron_bg_video=\u00a0\u00bb\u00a0\u00bb][vc_column_inner width=\u00a0\u00bb1\/2&Prime;][vc_empty_space height=\u00a0\u00bb17px\u00a0\u00bb][vc_video link=\u00a0\u00bbhttps:\/\/youtu.be\/TfkPI0k_Tiw \u00ab\u00a0][vc_empty_space height=\u00a0\u00bb17px\u00a0\u00bb][vc_video link=\u00a0\u00bb https:\/\/youtu.be\/tk2fJJlaD0M \u00ab\u00a0][vc_empty_space height=\u00a0\u00bb17px\u00a0\u00bb][vc_video link=\u00a0\u00bbhttps:\/\/youtu.be\/XOYdXPMYykk\u00a0\u00bb][vc_empty_space height=\u00a0\u00bb17px\u00a0\u00bb][vc_video link=\u00a0\u00bbhttps:\/\/youtu.be\/9EKw1_sAhYA\u00a0\u00bb][vc_empty_space height=\u00a0\u00bb17px\u00a0\u00bb][vc_video link=\u00a0\u00bbhttps:\/\/youtu.be\/lJbEM13Z-Qw\u00a0\u00bb][vc_empty_space height=\u00a0\u00bb17px\u00a0\u00bb][vc_video link=\u00a0\u00bbhttps:\/\/youtu.be\/afXchdedxXc\u00a0\u00bb][\/vc_column_inner][vc_column_inner width=\u00a0\u00bb1\/2&Prime;][vc_empty_space height=\u00a0\u00bb17px\u00a0\u00bb][vc_video link=\u00a0\u00bbhttps:\/\/youtu.be\/0Yx-4DI6taA\u00a0\u00bb align=\u00a0\u00bbright\u00a0\u00bb][vc_empty_space height=\u00a0\u00bb17px\u00a0\u00bb][vc_video link=\u00a0\u00bb https:\/\/youtu.be\/nIt935ZPjlk \u00a0\u00bb align=\u00a0\u00bbright\u00a0\u00bb][vc_empty_space height=\u00a0\u00bb17px\u00a0\u00bb][vc_video link=\u00a0\u00bbhttps:\/\/youtu.be\/aey1f6a_WM0&Prime; align=\u00a0\u00bbright\u00a0\u00bb][vc_empty_space height=\u00a0\u00bb17px\u00a0\u00bb][vc_video link=\u00a0\u00bbhttps:\/\/youtu.be\/5_cXiFsDDZw\u00a0\u00bb align=\u00a0\u00bbright\u00a0\u00bb][vc_empty_space height=\u00a0\u00bb17px\u00a0\u00bb][vc_video link=\u00a0\u00bbhttps:\/\/youtu.be\/f-0-Vr_e0Iw\u00a0\u00bb align=\u00a0\u00bbright\u00a0\u00bb][vc_empty_space height=\u00a0\u00bb17px\u00a0\u00bb][vc_video link=\u00a0\u00bbhttps:\/\/youtu.be\/cS5iMIUfMVc\u00a0\u00bb align=\u00a0\u00bbright\u00a0\u00bb][\/vc_column_inner][\/vc_row_inner][\/vc_column][\/vc_row][vc_row iron_row_type=\u00a0\u00bbin_container\u00a0\u00bb iron_remove_padding_medium=\u00a0\u00bb\u00a0\u00bb iron_remove_padding_small=\u00a0\u00bb\u00a0\u00bb iron_overlay_pattern=\u00a0\u00bb\u00a0\u00bb iron_parallax=\u00a0\u00bb\u00a0\u00bb iron_bg_video=\u00a0\u00bb\u00a0\u00bb][vc_column][vc_empty_space height=\u00a0\u00bb60px\u00a0\u00bb][\/vc_column][\/vc_row]<\/p>\n","protected":false},"excerpt":{"rendered":"<p>[vc_row content_placement=\u00a0\u00bbmiddle\u00a0\u00bb iron_row_type=\u00a0\u00bbfull_width\u00a0\u00bb iron_remove_padding_medium=\u00a0\u00bbtabletnopadding\u00a0\u00bb iron_remove_padding_small=\u00a0\u00bb\u00a0\u00bb iron_overlay_pattern=\u00a0\u00bb\u00a0\u00bb iron_parallax=\u00a0\u00bb\u00a0\u00bb iron_bg_video=\u00a0\u00bb\u00a0\u00bb css=\u00a0\u00bb.vc_custom_1679833192084{padding-top: 10% !important;padding-bottom: 10% !important;background-image: url(https:\/\/danielgoyone.com\/wp-content\/uploads\/2023\/03\/event.jpg?id=8448) !important;}\u00a0\u00bb][vc_column][vc_empty_space height=\u00a0\u00bb17px\u00a0\u00bb][vc_row_inner iron_bg_video=\u00a0\u00bb\u00a0\u00bb][vc_column_inner width=\u00a0\u00bb1\/2&Prime;][vc_single_image image=\u00a0\u00bb8331&Prime; img_size=\u00a0\u00bbmedium\u00a0\u00bb img_fullwidth=\u00a0\u00bb0&Prime;][\/vc_column_inner][vc_column_inner width=\u00a0\u00bb1\/2&Prime;][vc_empty_space height=\u00a0\u00bb80px\u00a0\u00bb][vc_custom_heading text=\u00a0\u00bb\u00ab\u00a0Ces Jeunes Lunes ont \u00e9t\u00e9 con\u00e7ues comme des graines de r\u00eave. Avec toute la fragilit\u00e9 des r\u00eaves et toute la force de vie enclose dans une graine.\u00ab\u00a0\u00a0\u00bb font_container=\u00a0\u00bbtag:h4|font_size:19px|text_align:center|color:%23f4f4f4|line_height:1&Prime; google_fonts=\u00a0\u00bbfont_family:Bodoni%20Moda%3Aregular%2C500%2C600%2C700%2C800%2C900%2Citalic%2C500italic%2C600italic%2C700italic%2C800italic%2C900italic|font_style:500%20italic%3A500%3Aitalic\u00a0\u00bb fit_bg_text=\u00a0\u00bb0&Prime;][vc_empty_space height=\u00a0\u00bb25px\u00a0\u00bb][vc_btn title=\u00a0\u00bbAcheter le CD\u00a0\u00bb shape=\u00a0\u00bbsquare\u00a0\u00bb color=\u00a0\u00bbblack\u00a0\u00bb align=\u00a0\u00bbcenter\u00a0\u00bb link=\u00a0\u00bburl:https%3A%2F%2Fdanielgoyone.com%2Ffr%2Fboutique%2F|title:Boutique|target:%20_blank|\u00a0\u00bb][vc_btn title=\u00a0\u00bbT\u00e9l\u00e9charger\u00a0\u00bb shape=\u00a0\u00bbsquare\u00a0\u00bb color=\u00a0\u00bbblack\u00a0\u00bb align=\u00a0\u00bbcenter\u00a0\u00bb link=\u00a0\u00bburl:https%3A%2F%2Fmusicbox.ffm.to%2Fjeuneslunes.owe|title:commander%20le%20CD%20pour%20la%20distribution%20digitale%20|target:%20_blank|\u00a0\u00bb][\/vc_column_inner][\/vc_row_inner][vc_row_inner iron_bg_video=\u00a0\u00bb\u00a0\u00bb][vc_column_inner width=\u00a0\u00bb1\/2&Prime;][vc_empty_space height=\u00a0\u00bb17px\u00a0\u00bb][vc_video link=\u00a0\u00bbhttps:\/\/youtu.be\/Xxd7Z6Wl6VE\u00a0\u00bb][vc_empty_space height=\u00a0\u00bb17px\u00a0\u00bb][vc_video link=\u00a0\u00bbhttps:\/\/youtu.be\/K9OZSkl3Xok\u00a0\u00bb][vc_empty_space height=\u00a0\u00bb17px\u00a0\u00bb][\/vc_column_inner][vc_column_inner width=\u00a0\u00bb1\/2&Prime;][vc_empty_space height=\u00a0\u00bb17px\u00a0\u00bb][vc_video link=\u00a0\u00bbhttps:\/\/youtu.be\/jLFFpdc7SO4&Prime; align=\u00a0\u00bbright\u00a0\u00bb][vc_empty_space height=\u00a0\u00bb17px\u00a0\u00bb][vc_video link=\u00a0\u00bbhttps:\/\/youtu.be\/0aH9nZcLaSY\u00a0\u00bb align=\u00a0\u00bbright\u00a0\u00bb][vc_empty_space [&hellip;]<\/p>\n","protected":false},"author":1,"featured_media":0,"parent":0,"menu_order":6,"comment_status":"closed","ping_status":"closed","template":"","meta":[],"_links":{"self":[{"href":"https:\/\/danielgoyone.com\/fr\/wp-json\/wp\/v2\/pages\/47"}],"collection":[{"href":"https:\/\/danielgoyone.com\/fr\/wp-json\/wp\/v2\/pages"}],"about":[{"href":"https:\/\/danielgoyone.com\/fr\/wp-json\/wp\/v2\/types\/page"}],"author":[{"embeddable":true,"href":"https:\/\/danielgoyone.com\/fr\/wp-json\/wp\/v2\/users\/1"}],"replies":[{"embeddable":true,"href":"https:\/\/danielgoyone.com\/fr\/wp-json\/wp\/v2\/comments?post=47"}],"version-history":[{"count":52,"href":"https:\/\/danielgoyone.com\/fr\/wp-json\/wp\/v2\/pages\/47\/revisions"}],"predecessor-version":[{"id":8508,"href":"https:\/\/danielgoyone.com\/fr\/wp-json\/wp\/v2\/pages\/47\/revisions\/8508"}],"wp:attachment":[{"href":"https:\/\/danielgoyone.com\/fr\/wp-json\/wp\/v2\/media?parent=47"}],"curies":[{"name":"wp","href":"https:\/\/api.w.org\/{rel}","templated":true}]}}