{"id":8577,"date":"2023-03-23T14:13:24","date_gmt":"2023-04-03T08:32:04","guid":{"rendered":"https:\/\/danielgoyone.com\/product\/jeunes-lunes\/"},"modified":"2023-04-03T10:32:04","modified_gmt":"2023-04-03T08:32:04","slug":"jeunes-lunes-2","status":"publish","type":"product","link":"https:\/\/danielgoyone.com\/en\/product\/jeunes-lunes-2\/","title":{"rendered":"JEUNES LUNES"},"content":{"rendered":"","protected":false},"excerpt":{"rendered":"<p><b>JEUNES LUNES <\/b><\/p>\n<p>\u2117 2023 Daniel Goyone<\/p>\n<p>\u00a9 2023 Music Box Publishing<\/p>\n<p>&nbsp;<\/p>\n<p><b>Daniel Goyone<\/b> : piano<\/p>\n<p><b>Thierry Bonneaux<\/b> : vibraphone \/ percussions<\/p>\n<p><b>Nicolas Marty<\/b> : contrebasse<\/p>\n<p>&nbsp;<\/p>\n<p><b>Invit\u00e9s<\/b><\/p>\n<p><b>Chris Hayward<\/b> : fl\u00fbtes<\/p>\n<p><b>Jacky Lignon <\/b>: accord\u00e9on \/ accordina<\/p>\n<p>&nbsp;<\/p>\n<p>Le titre <b><i>Jeunes Lunes<\/i><\/b><i> <\/i>\u00e9voque le d\u00e9but d\u2019un nouveau cycle pour l\u2018imaginaire<i>. <\/i>Pour le jardinier, la p\u00e9riode de <i>Jeune Lune <\/i>est particuli\u00e8rement favorable pour semer. En l\u2019occurrence ce sont des graines de r\u00eave qui sont propos\u00e9es ici aux auditeurs.<\/p>\n<p>&nbsp;<\/p>\n<p>Autour de seize compositions originales, ces r\u00eaves visitent mes contr\u00e9es musicales de pr\u00e9dilection : le jazz, la musique classique fran\u00e7aise, la musique br\u00e9silienne, ainsi que d\u2019autres lieux purement imaginaires.<\/p>\n<p>&nbsp;<\/p>\n<p>Servie par des musiciens capables de naviguer avec aisance dans mon univers musical, la musique de <i>Jeunes Lunes<\/i> repose sur un \u00e9quilibre abouti entre une interpr\u00e9tation travaill\u00e9e, un lyrisme naturel et la vitalit\u00e9 rythmique du jazz et des musiques latines.<\/p>\n<p>&nbsp;<\/p>\n<p>*********<\/p>\n<p>&nbsp;<\/p>\n<p>Thirteen Steps to the Sun, Contes de Perroquet, La Lec\u0327on de Piano, Pierre de Lune, L&#8217;Art de la Fuite, Her Song, Ouro Preto, Jardins de Pluie, Valsa pra Tavinho Moura, Valsa pra Chico Buarque, Ubi Sunt, Alice en Mars, Jeunes Lunes, La Colombe et le Funambule, Le Coq et le Coucou, Choral #3<\/p>\n<p>&nbsp;<\/p>\n","protected":false},"featured_media":8374,"template":"","meta":[],"product_cat":[194],"product_tag":[],"_links":{"self":[{"href":"https:\/\/danielgoyone.com\/en\/wp-json\/wp\/v2\/product\/8577"}],"collection":[{"href":"https:\/\/danielgoyone.com\/en\/wp-json\/wp\/v2\/product"}],"about":[{"href":"https:\/\/danielgoyone.com\/en\/wp-json\/wp\/v2\/types\/product"}],"wp:featuredmedia":[{"embeddable":true,"href":"https:\/\/danielgoyone.com\/en\/wp-json\/wp\/v2\/media\/8374"}],"wp:attachment":[{"href":"https:\/\/danielgoyone.com\/en\/wp-json\/wp\/v2\/media?parent=8577"}],"wp:term":[{"taxonomy":"product_cat","embeddable":true,"href":"https:\/\/danielgoyone.com\/en\/wp-json\/wp\/v2\/product_cat?post=8577"},{"taxonomy":"product_tag","embeddable":true,"href":"https:\/\/danielgoyone.com\/en\/wp-json\/wp\/v2\/product_tag?post=8577"}],"curies":[{"name":"wp","href":"https:\/\/api.w.org\/{rel}","templated":true}]}}