{"id":8137,"date":"2022-07-24T16:32:10","date_gmt":"2022-07-27T07:56:25","guid":{"rendered":"https:\/\/danielgoyone.com\/product\/goyone-blues\/"},"modified":"2022-07-27T10:00:43","modified_gmt":"2022-07-27T08:00:43","slug":"goyone-blues-2","status":"publish","type":"product","link":"https:\/\/danielgoyone.com\/en\/product\/goyone-blues-2\/","title":{"rendered":"Goyone Blues"},"content":{"rendered":"","protected":false},"excerpt":{"rendered":"<p>&nbsp;<\/p>\n<div><big><strong>GOYONE BLUES<br \/>\n<\/strong><\/big><\/div>\n<p>&nbsp;<\/p>\n<p>Goyone Blues (Hevhetia HV 0078-2-331) 2014<\/p>\n<p><strong>Daniel Goyone<\/strong> : piano<br \/>\n<strong>David Linx<\/strong> : vocal (4, 9, 19)<br \/>\n<strong>Nguy\u00ean L\u00ea<\/strong> : guitar (2, 12, 19)<br \/>\n<strong>Ibrahim Maalouf<\/strong> : trumpet (4, 10)<br \/>\n<strong>Thierry Bonneaux<\/strong> : percussion (4, 7, 9, 18)<\/p>\n<p>Une mosa\u00efque de courtes compositions &#8211; dans lesquelles se retrouvent parfois des \u00e9chos de la musique classique fran\u00e7aise &#8211; qui conjugue recherche m\u00e9lodique et utilisation de modes ou de cycles rythmiques inhabituels.<\/p>\n<p>Avec une approche plut\u00f4t minimaliste, les morceaux qui constituent ce disque ont \u00e9t\u00e9 enregistr\u00e9s en piano solo, tels qu\u2019ils ont \u00e9t\u00e9 con\u00e7us \u00e0 l\u2019origine, avant l\u2019ajout de quelques touches par des musiciens prestigieux.<\/p>\n<p>&nbsp;<\/p>\n<p><em>Dix-neuf miniatures se succ\u00e8dent pour prendre d\u00e9licatement la tangente \u00e0 partir d&#8217;une id\u00e9e ou d&#8217;un th\u00e8me de d\u00e9part, parfois emprunt\u00e9, parfois original. On y retrouve \u00e0 chaque fois l&#8217;univers personnel du pianiste fait de cycles rythmiques savoureux color\u00e9s par un ma\u00eetrise achev\u00e9e de la dissonance. Parsem\u00e9 de duos ou trios non moins d\u00e9licats&#8230; Un r\u00e9gal. <\/em>&#8211; <strong>Jazz Magazine, mai 2015<\/strong><\/p>\n<p>**********************<\/p>\n<p>Thelonioso, Goyone Blues, Gymnossienne #2, Upside Down Blues, Diatom\u00e9e, Paris XVIII\u00e8, DodgSong, I Can See Myself Again, Maiden Voyage, Very Early, Zinzolin, For Morton Feldman, Perce-Pierres, Ainsi Soient \u00celes, I Love you Porgy, Canop\u00e9e, La Baleine et la Ballerine, Japanese Flower<\/p>\n<p>&nbsp;<\/p>\n","protected":false},"featured_media":7389,"template":"","meta":[],"product_cat":[194],"product_tag":[],"_links":{"self":[{"href":"https:\/\/danielgoyone.com\/en\/wp-json\/wp\/v2\/product\/8137"}],"collection":[{"href":"https:\/\/danielgoyone.com\/en\/wp-json\/wp\/v2\/product"}],"about":[{"href":"https:\/\/danielgoyone.com\/en\/wp-json\/wp\/v2\/types\/product"}],"wp:featuredmedia":[{"embeddable":true,"href":"https:\/\/danielgoyone.com\/en\/wp-json\/wp\/v2\/media\/7389"}],"wp:attachment":[{"href":"https:\/\/danielgoyone.com\/en\/wp-json\/wp\/v2\/media?parent=8137"}],"wp:term":[{"taxonomy":"product_cat","embeddable":true,"href":"https:\/\/danielgoyone.com\/en\/wp-json\/wp\/v2\/product_cat?post=8137"},{"taxonomy":"product_tag","embeddable":true,"href":"https:\/\/danielgoyone.com\/en\/wp-json\/wp\/v2\/product_tag?post=8137"}],"curies":[{"name":"wp","href":"https:\/\/api.w.org\/{rel}","templated":true}]}}