{"id":8136,"date":"2022-07-06T14:07:22","date_gmt":"2022-07-27T07:51:00","guid":{"rendered":"https:\/\/danielgoyone.com\/product\/french-keys-recueil-de-partitions\/"},"modified":"2022-07-27T10:01:22","modified_gmt":"2022-07-27T08:01:22","slug":"recueil-fk-scores-finalise-24-juin","status":"publish","type":"product","link":"https:\/\/danielgoyone.com\/en\/product\/recueil-fk-scores-finalise-24-juin\/","title":{"rendered":"French Keys : Recueil de partitions"},"content":{"rendered":"","protected":false},"excerpt":{"rendered":"<p>&nbsp;<\/p>\n<h2><big><strong>FRENCH KEYS <\/strong><\/big><\/h2>\n<h6><big><strong><span style=\"color: #008080;\">(\u00c0 t\u00e9l\u00e9charger\/ Download)<\/span><br \/>\n<\/strong><\/big><\/h6>\n<p>&nbsp;<\/p>\n<div><strong>Partitions<\/strong> pour Piano et Vibraphone (ou marimba) extraites du CD <em>French Keys<\/em> (Inou\u00efe Distribution A 442).<\/div>\n<p>Contient les titres<em> Eda Garden<\/em>, <em>Chit Chat<\/em>, <em>Sept de C\u0153ur, Ainsi Soient \u00celes<\/em>, <em>Jeu d\u2019Enfant<\/em>, <em>Vert Mer<\/em>, <em>Baba Rumba<\/em>, <em>Lignes de Fuite<\/em>, <em>Evi-Danse ; <\/em><\/p>\n<div>avec commentaires du compositeur. Textes fran\u00e7ais \/ anglais<\/div>\n<div><\/div>\n<div><strong>2 volumes :<\/strong><\/div>\n<p style=\"color: #b00000;\">\u2014 scores (74 pages)<\/p>\n<p style=\"color: #003399;\">\u2014 parties piano et vibraphone (80 pages)<\/p>\n<p>******<\/p>\n<div><strong>Collection of Scores<\/strong> for Piano and Vibraphone (or marimba) from the CD French Keys (Inou\u00efe Distribution A 442).<\/div>\n<p>Contains the titles <em>Eda Garden, Chit Chat, Sept de Coeur, Ainsi Soient \u00celes, Jeu d\u2019Enfant, Vert Mer, Baba Rumba, Lignes de Fuite, Evi-Danse ; <\/em><\/p>\n<div>commented by the composer. French \/ English texts<\/div>\n<div><\/div>\n<div><strong>2 volumes :<\/strong><\/div>\n<p style=\"color: #b00000;\">\u2014 scores (74 pages)<\/p>\n<p style=\"color: #003399;\">&#8211; piano and vibraphone parts (80 pages)<\/p>\n","protected":false},"featured_media":8064,"template":"","meta":[],"product_cat":[196],"product_tag":[],"_links":{"self":[{"href":"https:\/\/danielgoyone.com\/en\/wp-json\/wp\/v2\/product\/8136"}],"collection":[{"href":"https:\/\/danielgoyone.com\/en\/wp-json\/wp\/v2\/product"}],"about":[{"href":"https:\/\/danielgoyone.com\/en\/wp-json\/wp\/v2\/types\/product"}],"wp:featuredmedia":[{"embeddable":true,"href":"https:\/\/danielgoyone.com\/en\/wp-json\/wp\/v2\/media\/8064"}],"wp:attachment":[{"href":"https:\/\/danielgoyone.com\/en\/wp-json\/wp\/v2\/media?parent=8136"}],"wp:term":[{"taxonomy":"product_cat","embeddable":true,"href":"https:\/\/danielgoyone.com\/en\/wp-json\/wp\/v2\/product_cat?post=8136"},{"taxonomy":"product_tag","embeddable":true,"href":"https:\/\/danielgoyone.com\/en\/wp-json\/wp\/v2\/product_tag?post=8136"}],"curies":[{"name":"wp","href":"https:\/\/api.w.org\/{rel}","templated":true}]}}