{"id":8087,"date":"2022-07-25T12:19:30","date_gmt":"2022-07-25T10:19:30","guid":{"rendered":"https:\/\/danielgoyone.com\/product\/etranges-maneges\/"},"modified":"2023-04-03T18:21:23","modified_gmt":"2023-04-03T16:21:23","slug":"etranges-maneges","status":"publish","type":"product","link":"https:\/\/danielgoyone.com\/en\/product\/etranges-maneges\/","title":{"rendered":"\u00c9tranges Man\u00e8ges"},"content":{"rendered":"","protected":false},"excerpt":{"rendered":"<p>&nbsp;<\/p>\n<div><big><strong>Etranges Man\u00e8ges (CC Production 98731) 2004<\/strong><\/big><\/div>\n<p>&nbsp;<\/p>\n<p><strong>Daniel Goyone<\/strong> : piano<\/p>\n<p><strong>Thierry Bonneaux :<\/strong> vibraphone, marimba, percussions<\/p>\n<p><strong>Chris Hayward :<\/strong> fl\u00fbtes<\/p>\n<p>&nbsp;<\/p>\n<p><strong><i>\u00c9trange Man\u00e8ge : <\/i><\/strong>v\u00e9hicule emprunt\u00e9 par un compositeur pour se rendre dans le domaine de l\u2019imaginaire. Il peut prendre des formes vari\u00e9es et souvent impr\u00e9visibles.<\/p>\n<p>&nbsp;<\/p>\n<p><em>Quelquefois, on le rencontre par hasard, quelquefois on le construit, plus ou moins laborieusement, en m\u00ealant les raisonnements les plus abstraits au bricolage le plus empirique.<\/em><\/p>\n<p><em>En pr\u00e9sence d\u2019un \u00c9trange Man\u00e8ge, il ne reste plus au musicien, comme \u00e0 l\u2019auditeur, qu\u2019\u00e0 se laisser porter, tout en murmurant: \u00ab Silence, on tourne! \u00bb<\/em><\/p>\n<p>&#8220;<i>Une exigence extr\u00eame au niveau de la conception, associ\u00e9e \u00e0 une fluidit\u00e9 d&#8217;ex\u00e9cution totale, d&#8217;o\u00f9 naissent un charme et une \u00e9motion uniques<\/i>&#8221;<\/p>\n<p>Coup de c\u0153ur Piano Magazine, Mai-Juin 2004<\/p>\n<p>**********************<\/p>\n<p>Titlu, Haute Marne, Introduction \u00e0 Douda\u00ef Dance, Douda\u00ef Dance, For Morton Feldman, Her Song, Riding on the Wind, Demi-Teintes, Cincando, Tournelune, \u00c9tranges Man\u00e8ges, Boules et Billes, La Ronde, Danse #13, Yellow Circle<\/p>\n","protected":false},"featured_media":7912,"template":"","meta":[],"product_cat":[194],"product_tag":[],"_links":{"self":[{"href":"https:\/\/danielgoyone.com\/en\/wp-json\/wp\/v2\/product\/8087"}],"collection":[{"href":"https:\/\/danielgoyone.com\/en\/wp-json\/wp\/v2\/product"}],"about":[{"href":"https:\/\/danielgoyone.com\/en\/wp-json\/wp\/v2\/types\/product"}],"wp:featuredmedia":[{"embeddable":true,"href":"https:\/\/danielgoyone.com\/en\/wp-json\/wp\/v2\/media\/7912"}],"wp:attachment":[{"href":"https:\/\/danielgoyone.com\/en\/wp-json\/wp\/v2\/media?parent=8087"}],"wp:term":[{"taxonomy":"product_cat","embeddable":true,"href":"https:\/\/danielgoyone.com\/en\/wp-json\/wp\/v2\/product_cat?post=8087"},{"taxonomy":"product_tag","embeddable":true,"href":"https:\/\/danielgoyone.com\/en\/wp-json\/wp\/v2\/product_tag?post=8087"}],"curies":[{"name":"wp","href":"https:\/\/api.w.org\/{rel}","templated":true}]}}