{"id":8505,"date":"2015-04-13T13:28:56","date_gmt":"2015-04-13T13:28:56","guid":{"rendered":"https:\/\/danielgoyone.com\/jeunes-lunes-2\/"},"modified":"2023-05-15T13:54:11","modified_gmt":"2023-05-15T11:54:11","slug":"jeunes-lunes-2","status":"publish","type":"page","link":"https:\/\/danielgoyone.com\/en\/jeunes-lunes-2\/","title":{"rendered":"jeunes lunes"},"content":{"rendered":"<p>[vc_row content_placement=&#8221;middle&#8221; iron_row_type=&#8221;full_width&#8221; iron_remove_padding_medium=&#8221;tabletnopadding&#8221; iron_remove_padding_small=&#8221;&#8221; iron_overlay_pattern=&#8221;&#8221; iron_parallax=&#8221;&#8221; iron_bg_video=&#8221;&#8221; css=&#8221;.vc_custom_1679833192084{padding-top: 10% !important;padding-bottom: 10% !important;background-image: url(https:\/\/danielgoyone.com\/wp-content\/uploads\/2023\/03\/event.jpg?id=8448) !important;}&#8221;][vc_column][vc_empty_space height=&#8221;17px&#8221;][vc_row_inner iron_bg_video=&#8221;&#8221;][vc_column_inner width=&#8221;1\/2&#8243;][vc_single_image image=&#8221;8331&#8243; img_size=&#8221;medium&#8221; img_fullwidth=&#8221;0&#8243;][\/vc_column_inner][vc_column_inner width=&#8221;1\/2&#8243;][vc_empty_space height=&#8221;80px&#8221;][vc_custom_heading text=&#8221;&#8220;Ces Jeunes Lunes<br \/>\nont \u00e9t\u00e9 con\u00e7ues<br \/>\ncomme des graines de r\u00eave.<br \/>\nAvec toute la fragilit\u00e9 des r\u00eaves<br \/>\net toute la force de vie<br \/>\nenclose dans une graine.&#8220;&#8221; font_container=&#8221;tag:h4|font_size:19px|text_align:center|color:%23f4f4f4|line_height:1&#8243; google_fonts=&#8221;font_family:Bodoni%20Moda%3Aregular%2C500%2C600%2C700%2C800%2C900%2Citalic%2C500italic%2C600italic%2C700italic%2C800italic%2C900italic|font_style:500%20italic%3A500%3Aitalic&#8221; fit_bg_text=&#8221;0&#8243;]\t<div class=\"dividerwrap\" style=\"padding-top:50px; padding-bottom:px;\">\r\n\t\t<div class=\"imagedivider center\">\r\n\t\t<img src=\"https:\/\/danielgoyone.com\/wp-content\/uploads\/2015\/05\/icon_divider_1_square3.png\" class=\"imagedividerpic\" alt=\"divider\">\r\n\t\t<\/div>\r\n\t\t<div class=\"clear\"><\/div>\r\n\t<\/div>[vc_empty_space height=&#8221;25px&#8221;][vc_btn title=&#8221;Acheter le CD&#8221; shape=&#8221;square&#8221; color=&#8221;black&#8221; align=&#8221;center&#8221; link=&#8221;url:https%3A%2F%2Fdanielgoyone.com%2Ffr%2Fboutique%2F|title:Boutique|target:%20_blank|&#8221;][vc_btn title=&#8221;T\u00e9l\u00e9charger&#8221; shape=&#8221;square&#8221; color=&#8221;black&#8221; align=&#8221;center&#8221; link=&#8221;url:https%3A%2F%2Fmusicbox.ffm.to%2Fjeuneslunes.owe|title:commander%20le%20CD%20pour%20la%20distribution%20digitale%20|target:%20_blank|&#8221;][\/vc_column_inner][\/vc_row_inner][vc_row_inner iron_bg_video=&#8221;&#8221;][vc_column_inner width=&#8221;1\/2&#8243;][vc_empty_space height=&#8221;17px&#8221;][vc_video link=&#8221;https:\/\/youtu.be\/Xxd7Z6Wl6VE&#8221;][vc_empty_space height=&#8221;17px&#8221;][vc_video link=&#8221;https:\/\/youtu.be\/K9OZSkl3Xok&#8221;][vc_empty_space height=&#8221;17px&#8221;][\/vc_column_inner][vc_column_inner width=&#8221;1\/2&#8243;][vc_empty_space height=&#8221;17px&#8221;][vc_video link=&#8221;https:\/\/youtu.be\/jLFFpdc7SO4&#8243; align=&#8221;right&#8221;][vc_empty_space height=&#8221;17px&#8221;][vc_video link=&#8221;https:\/\/youtu.be\/0aH9nZcLaSY&#8221; align=&#8221;right&#8221;][vc_empty_space height=&#8221;17px&#8221;][\/vc_column_inner][\/vc_row_inner][\/vc_column][\/vc_row][vc_row iron_row_type=&#8221;in_container&#8221; iron_remove_padding_medium=&#8221;&#8221; iron_remove_padding_small=&#8221;&#8221; iron_overlay_pattern=&#8221;&#8221; iron_parallax=&#8221;&#8221; iron_bg_video=&#8221;&#8221;][vc_column][vc_empty_space height=&#8221;60px&#8221;][\/vc_column][\/vc_row][vc_row iron_row_type=&#8221;in_container&#8221; iron_remove_padding_medium=&#8221;&#8221; iron_remove_padding_small=&#8221;&#8221; iron_overlay_pattern=&#8221;&#8221; iron_parallax=&#8221;&#8221; iron_bg_video=&#8221;&#8221;][vc_column][vc_row_inner iron_bg_video=&#8221;&#8221;][vc_column_inner width=&#8221;1\/4&#8243;][vc_single_image image=&#8221;8358&#8243; img_size=&#8221;medium&#8221; img_fullwidth=&#8221;0&#8243;][vc_empty_space height=&#8221;3px&#8221;][vc_single_image image=&#8221;8350&#8243; img_size=&#8221;medium&#8221; img_fullwidth=&#8221;0&#8243;][\/vc_column_inner][vc_column_inner width=&#8221;1\/4&#8243;][vc_single_image image=&#8221;8356&#8243; img_size=&#8221;medium&#8221; img_fullwidth=&#8221;0&#8243;][vc_empty_space height=&#8221;3px&#8221;][vc_single_image image=&#8221;8348&#8243; img_size=&#8221;medium&#8221; img_fullwidth=&#8221;0&#8243;][\/vc_column_inner][vc_column_inner width=&#8221;1\/4&#8243;][vc_single_image image=&#8221;8354&#8243; img_size=&#8221;medium&#8221; img_fullwidth=&#8221;0&#8243;][vc_empty_space height=&#8221;3px&#8221;][vc_single_image image=&#8221;8346&#8243; img_size=&#8221;medium&#8221; img_fullwidth=&#8221;0&#8243;][\/vc_column_inner][vc_column_inner width=&#8221;1\/4&#8243;][vc_single_image image=&#8221;8352&#8243; img_size=&#8221;medium&#8221; img_fullwidth=&#8221;0&#8243;][vc_empty_space height=&#8221;3px&#8221;][vc_single_image image=&#8221;8342&#8243; img_size=&#8221;medium&#8221; img_fullwidth=&#8221;0&#8243;][\/vc_column_inner][\/vc_row_inner][vc_row_inner iron_bg_video=&#8221;&#8221;][vc_column_inner width=&#8221;1\/2&#8243;][vc_empty_space height=&#8221;17px&#8221;][vc_video link=&#8221;https:\/\/youtu.be\/TfkPI0k_Tiw &#8220;][vc_empty_space height=&#8221;17px&#8221;][vc_video link=&#8221; https:\/\/youtu.be\/tk2fJJlaD0M &#8220;][vc_empty_space height=&#8221;17px&#8221;][vc_video link=&#8221;https:\/\/youtu.be\/XOYdXPMYykk&#8221;][vc_empty_space height=&#8221;17px&#8221;][vc_video link=&#8221;https:\/\/youtu.be\/9EKw1_sAhYA&#8221;][vc_empty_space height=&#8221;17px&#8221;][vc_video link=&#8221;https:\/\/youtu.be\/lJbEM13Z-Qw&#8221;][vc_empty_space height=&#8221;17px&#8221;][vc_video link=&#8221;https:\/\/youtu.be\/afXchdedxXc&#8221;][\/vc_column_inner][vc_column_inner width=&#8221;1\/2&#8243;][vc_empty_space height=&#8221;17px&#8221;][vc_video link=&#8221;https:\/\/youtu.be\/0Yx-4DI6taA&#8221; align=&#8221;right&#8221;][vc_empty_space height=&#8221;17px&#8221;][vc_video link=&#8221; https:\/\/youtu.be\/nIt935ZPjlk &#8221; align=&#8221;right&#8221;][vc_empty_space height=&#8221;17px&#8221;][vc_video link=&#8221;https:\/\/youtu.be\/aey1f6a_WM0&#8243; align=&#8221;right&#8221;][vc_empty_space height=&#8221;17px&#8221;][vc_video link=&#8221;https:\/\/youtu.be\/5_cXiFsDDZw&#8221; align=&#8221;right&#8221;][vc_empty_space height=&#8221;17px&#8221;][vc_video link=&#8221;https:\/\/youtu.be\/f-0-Vr_e0Iw&#8221; align=&#8221;right&#8221;][vc_empty_space height=&#8221;17px&#8221;][vc_video link=&#8221;https:\/\/youtu.be\/cS5iMIUfMVc&#8221; align=&#8221;right&#8221;][\/vc_column_inner][\/vc_row_inner][\/vc_column][\/vc_row][vc_row iron_row_type=&#8221;in_container&#8221; iron_remove_padding_medium=&#8221;&#8221; iron_remove_padding_small=&#8221;&#8221; iron_overlay_pattern=&#8221;&#8221; iron_parallax=&#8221;&#8221; iron_bg_video=&#8221;&#8221;][vc_column][vc_empty_space height=&#8221;60px&#8221;][\/vc_column][\/vc_row]<\/p>\n","protected":false},"excerpt":{"rendered":"<p>[vc_row content_placement=&#8221;middle&#8221; iron_row_type=&#8221;full_width&#8221; iron_remove_padding_medium=&#8221;tabletnopadding&#8221; iron_remove_padding_small=&#8221;&#8221; iron_overlay_pattern=&#8221;&#8221; iron_parallax=&#8221;&#8221; iron_bg_video=&#8221;&#8221; css=&#8221;.vc_custom_1679833192084{padding-top: 10% !important;padding-bottom: 10% !important;background-image: url(https:\/\/danielgoyone.com\/wp-content\/uploads\/2023\/03\/event.jpg?id=8448) !important;}&#8221;][vc_column][vc_empty_space height=&#8221;17px&#8221;][vc_row_inner iron_bg_video=&#8221;&#8221;][vc_column_inner width=&#8221;1\/2&#8243;][vc_single_image image=&#8221;8331&#8243; img_size=&#8221;medium&#8221; img_fullwidth=&#8221;0&#8243;][\/vc_column_inner][vc_column_inner width=&#8221;1\/2&#8243;][vc_empty_space height=&#8221;80px&#8221;][vc_custom_heading text=&#8221;&#8220;Ces Jeunes Lunes ont \u00e9t\u00e9 con\u00e7ues comme des graines de r\u00eave. Avec toute la fragilit\u00e9 des r\u00eaves et toute la force de vie enclose dans une graine.&#8220;&#8221; font_container=&#8221;tag:h4|font_size:19px|text_align:center|color:%23f4f4f4|line_height:1&#8243; google_fonts=&#8221;font_family:Bodoni%20Moda%3Aregular%2C500%2C600%2C700%2C800%2C900%2Citalic%2C500italic%2C600italic%2C700italic%2C800italic%2C900italic|font_style:500%20italic%3A500%3Aitalic&#8221; fit_bg_text=&#8221;0&#8243;][vc_empty_space height=&#8221;25px&#8221;][vc_btn title=&#8221;Acheter le CD&#8221; shape=&#8221;square&#8221; color=&#8221;black&#8221; align=&#8221;center&#8221; link=&#8221;url:https%3A%2F%2Fdanielgoyone.com%2Ffr%2Fboutique%2F|title:Boutique|target:%20_blank|&#8221;][vc_btn title=&#8221;T\u00e9l\u00e9charger&#8221; shape=&#8221;square&#8221; color=&#8221;black&#8221; align=&#8221;center&#8221; link=&#8221;url:https%3A%2F%2Fmusicbox.ffm.to%2Fjeuneslunes.owe|title:commander%20le%20CD%20pour%20la%20distribution%20digitale%20|target:%20_blank|&#8221;][\/vc_column_inner][\/vc_row_inner][vc_row_inner iron_bg_video=&#8221;&#8221;][vc_column_inner width=&#8221;1\/2&#8243;][vc_empty_space height=&#8221;17px&#8221;][vc_video link=&#8221;https:\/\/youtu.be\/Xxd7Z6Wl6VE&#8221;][vc_empty_space height=&#8221;17px&#8221;][vc_video link=&#8221;https:\/\/youtu.be\/K9OZSkl3Xok&#8221;][vc_empty_space height=&#8221;17px&#8221;][\/vc_column_inner][vc_column_inner width=&#8221;1\/2&#8243;][vc_empty_space height=&#8221;17px&#8221;][vc_video link=&#8221;https:\/\/youtu.be\/jLFFpdc7SO4&#8243; align=&#8221;right&#8221;][vc_empty_space height=&#8221;17px&#8221;][vc_video link=&#8221;https:\/\/youtu.be\/0aH9nZcLaSY&#8221; align=&#8221;right&#8221;][vc_empty_space [&hellip;]<\/p>\n","protected":false},"author":1,"featured_media":0,"parent":0,"menu_order":6,"comment_status":"closed","ping_status":"closed","template":"","meta":[],"_links":{"self":[{"href":"https:\/\/danielgoyone.com\/en\/wp-json\/wp\/v2\/pages\/8505"}],"collection":[{"href":"https:\/\/danielgoyone.com\/en\/wp-json\/wp\/v2\/pages"}],"about":[{"href":"https:\/\/danielgoyone.com\/en\/wp-json\/wp\/v2\/types\/page"}],"author":[{"embeddable":true,"href":"https:\/\/danielgoyone.com\/en\/wp-json\/wp\/v2\/users\/1"}],"replies":[{"embeddable":true,"href":"https:\/\/danielgoyone.com\/en\/wp-json\/wp\/v2\/comments?post=8505"}],"version-history":[{"count":12,"href":"https:\/\/danielgoyone.com\/en\/wp-json\/wp\/v2\/pages\/8505\/revisions"}],"predecessor-version":[{"id":8613,"href":"https:\/\/danielgoyone.com\/en\/wp-json\/wp\/v2\/pages\/8505\/revisions\/8613"}],"wp:attachment":[{"href":"https:\/\/danielgoyone.com\/en\/wp-json\/wp\/v2\/media?parent=8505"}],"curies":[{"name":"wp","href":"https:\/\/api.w.org\/{rel}","templated":true}]}}