{"id":6653,"date":"2018-11-16T17:13:05","date_gmt":"2018-11-16T16:13:05","guid":{"rendered":"http:\/\/danielgoyone.com\/?page_id=6653"},"modified":"2020-06-27T13:55:01","modified_gmt":"2020-06-27T11:55:01","slug":"recordings-with-other-artists","status":"publish","type":"page","link":"https:\/\/danielgoyone.com\/en\/recordings-with-other-artists\/","title":{"rendered":"Recordings with other artists"},"content":{"rendered":"<p>[vc_row iron_row_type=&#8221;full_width&#8221; iron_remove_padding_medium=&#8221;tabletnopadding&#8221; iron_remove_padding_small=&#8221;&#8221; iron_overlay_pattern=&#8221;&#8221; iron_parallax=&#8221;&#8221; iron_bg_video=&#8221;&#8221; css=&#8221;.vc_custom_1535113950977{padding-top: 13% !important;padding-bottom: 13% !important;background-image: url(http:\/\/danielgoyone.com\/wp-content\/uploads\/2018\/08\/m2.jpg?id=6091) !important;}&#8221;][vc_column offset=&#8221;vc_hidden-xs&#8221;][vc_custom_heading text=&#8221;Recordings with other artists&#8221; font_container=&#8221;tag:h3|font_size:14|text_align:center|color:%23ffffff&#8221; google_fonts=&#8221;font_family:Playfair%20Display%3Aregular%2Citalic%2C700%2C700italic%2C900%2C900italic|font_style:400%20regular%3A400%3Anormal&#8221; fit_bg_text=&#8221;0&#8243;][\/vc_column][\/vc_row][vc_row gap=&#8221;30&#8243; content_placement=&#8221;middle&#8221; iron_row_type=&#8221;in_container&#8221; iron_remove_padding_medium=&#8221;tabletnopadding&#8221; iron_remove_padding_small=&#8221;&#8221; iron_overlay_pattern=&#8221;&#8221; iron_parallax=&#8221;&#8221; iron_bg_video=&#8221;&#8221; css=&#8221;.vc_custom_1452103132850{border-bottom-width: 80px !important;padding-top: 80px !important;background-color: #ffffff !important;}&#8221;][vc_column width=&#8221;1\/3&#8243;][vc_single_image image=&#8221;6106&#8243; img_fullwidth=&#8221;0&#8243; title=&#8221;Claude Nougaro&#8221;][\/vc_column][vc_column width=&#8221;1\/3&#8243;][vc_column_text]<b><i>Nougayork<\/i><\/b> (WEA)<\/p>\n<p><b><i>Pacifique <\/i><\/b>(WEA)<\/p>\n<p><b><i>Live au Zenith<\/i><\/b> <b>(<\/b>WEA)<\/p>\n<p>[\/vc_column_text][\/vc_column][vc_column width=&#8221;1\/3&#8243;][vc_column_text]<b><i>Une voix dix doigts <\/i><\/b>(Philips\/Phonogram)<\/p>\n<p><b><i>Chansongs<\/i><\/b> (Philips\/Phonogram)<\/p>\n<p><b><i>The best de sc\u00e8ne <\/i><\/b>(Philips\/Phonogram)<\/p>\n<p><b><i>La note bleue <\/i><\/b>(Blue Note)[\/vc_column_text][\/vc_column][\/vc_row][vc_row gap=&#8221;30&#8243; content_placement=&#8221;middle&#8221; iron_row_type=&#8221;in_container&#8221; iron_remove_padding_medium=&#8221;tabletnopadding&#8221; iron_remove_padding_small=&#8221;&#8221; iron_overlay_pattern=&#8221;&#8221; iron_parallax=&#8221;&#8221; iron_bg_video=&#8221;&#8221; css=&#8221;.vc_custom_1452103132850{border-bottom-width: 80px !important;padding-top: 80px !important;background-color: #ffffff !important;}&#8221;][vc_column width=&#8221;1\/3&#8243;][vc_single_image image=&#8221;5237&#8243; img_fullwidth=&#8221;0&#8243; title=&#8221;Trilok Gurtu&#8221;][\/vc_column][vc_column width=&#8221;1\/3&#8243;][vc_column_text]<b><i>Usfret <\/i><\/b>(avec Shobha Gurtu, Ralph Towner, Don Cherry, Jonas Hellborg, Walter Quintus, Shankar, Daniel Goyone) (CMP33)<\/p>\n<p><b><i>Living Magic<\/i><\/b> (avec Jan Garbarek, Nana Vasconcelos, Nicolas Fiszman, Tunde Jegede, Shanthi Rao, Daniel Goyone) (CMP50)[\/vc_column_text][\/vc_column][vc_column width=&#8221;1\/3&#8243;][vc_column_text]<b><i>Crazy Saints <\/i><\/b>(avec Shobha Gurtu, Pat Metheny, Louis Sclavis, Joe Zawinul, Daniel Goyone) (CMP66)<\/p>\n<p><b><i>Believe <\/i><\/b>(avec David Gilmore, Chris Minh Doky, Daniel Goyone) (CMP Records\/Night and Day)[\/vc_column_text][vc_column_text]<b><i>Crazy Saints Live <\/i><\/b>(Trilok Gurtu, Chris Minh Doky, Daniel Goyone) (MIG 80322\/2015)[\/vc_column_text][\/vc_column][\/vc_row][vc_row gap=&#8221;30&#8243; content_placement=&#8221;middle&#8221; iron_row_type=&#8221;in_container&#8221; iron_remove_padding_medium=&#8221;tabletnopadding&#8221; iron_remove_padding_small=&#8221;&#8221; iron_overlay_pattern=&#8221;&#8221; iron_parallax=&#8221;&#8221; iron_bg_video=&#8221;&#8221; css=&#8221;.vc_custom_1452103132850{border-bottom-width: 80px !important;padding-top: 80px !important;background-color: #ffffff !important;}&#8221;][vc_column width=&#8221;1\/3&#8243;][vc_single_image image=&#8221;5238&#8243; img_fullwidth=&#8221;0&#8243; title=&#8221;Bunny Brunel&#8221;][\/vc_column][vc_column width=&#8221;1\/3&#8243;][vc_column_text]<b><i>Touch<\/i><\/b> (avec Chick Corea, Andr\u00e9 Ceccarelli)<\/p>\n<p><b><i>Ivanho\u00e9 <\/i><\/b>(avec Chick Corea, Herbie Hancock, Tony Williams, Stanley Clark&#8230;) <b>(<\/b>CDMRP)<\/p>\n<p>[\/vc_column_text][\/vc_column][vc_column width=&#8221;1\/3&#8243;][vc_column_text]<b><i>Touch<\/i><\/b> r\u00e9\u00e9dit\u00e9 et remasteris\u00e9 en 2006 par Bunny Brunel[\/vc_column_text][\/vc_column][\/vc_row][vc_row gap=&#8221;30&#8243; content_placement=&#8221;middle&#8221; iron_row_type=&#8221;in_container&#8221; iron_remove_padding_medium=&#8221;tabletnopadding&#8221; iron_remove_padding_small=&#8221;&#8221; iron_overlay_pattern=&#8221;&#8221; iron_parallax=&#8221;&#8221; iron_bg_video=&#8221;&#8221; css=&#8221;.vc_custom_1452103132850{border-bottom-width: 80px !important;padding-top: 80px !important;background-color: #ffffff !important;}&#8221;][vc_column width=&#8221;1\/3&#8243;][vc_single_image image=&#8221;6108&#8243; img_fullwidth=&#8221;0&#8243; title=&#8221;David Linx&#8221;][\/vc_column][vc_column width=&#8221;1\/3&#8243;][vc_column_text]<em><strong>7000 miles <\/strong><\/em>(2018) avec Andr\u00e9 Ceccarelli, Pierre-Alain Goualch, Diego Imbert<\/p>\n<p>[\/vc_column_text][\/vc_column][vc_column width=&#8221;1\/3&#8243;][vc_column_text]<b><i>Rock my Boat<\/i><\/b> (2012) avec Rhoda Scott, Andr\u00e9 Ceccarelli, Lenine, Paolo Fresu&#8230;) (Na\u00efve, NJ621311)<\/p>\n<p><b><i>L\u2019instant d\u2019apr\u00e8s<\/i><\/b> (Polydor\/Universal, 2001)[\/vc_column_text][\/vc_column][\/vc_row][vc_row gap=&#8221;30&#8243; content_placement=&#8221;middle&#8221; iron_row_type=&#8221;in_container&#8221; iron_remove_padding_medium=&#8221;tabletnopadding&#8221; iron_remove_padding_small=&#8221;&#8221; iron_overlay_pattern=&#8221;&#8221; iron_parallax=&#8221;&#8221; iron_bg_video=&#8221;&#8221; css=&#8221;.vc_custom_1452103132850{border-bottom-width: 80px !important;padding-top: 80px !important;background-color: #ffffff !important;}&#8221;][vc_column width=&#8221;1\/3&#8243;][vc_single_image image=&#8221;5820&#8243; img_fullwidth=&#8221;0&#8243; title=&#8221;Daniel Mille&#8221;][\/vc_column][vc_column width=&#8221;1\/3&#8243;][vc_column_text]<b><i>L&#8217;attente<\/i><\/b> (2009), <b><i>Apr\u00e8s la pluie<\/i><\/b> (2005), <b><i>Entre Chien et Loup<\/i><\/b> (2001), <b><i>Le Funambule <\/i><\/b>(1999)[\/vc_column_text][\/vc_column][\/vc_row][vc_row gap=&#8221;30&#8243; content_placement=&#8221;middle&#8221; iron_row_type=&#8221;in_container&#8221; iron_remove_padding_medium=&#8221;tabletnopadding&#8221; iron_remove_padding_small=&#8221;&#8221; iron_overlay_pattern=&#8221;&#8221; iron_parallax=&#8221;&#8221; iron_bg_video=&#8221;&#8221; css=&#8221;.vc_custom_1452103132850{border-bottom-width: 80px !important;padding-top: 80px !important;background-color: #ffffff !important;}&#8221;][vc_column][vc_column_text]<img loading=\"lazy\" class=\"alignnone wp-image-5811 size-thumbnail\" src=\"http:\/\/danielgoyone.com\/wp-content\/uploads\/2018\/08\/sang-et-or-CD-150x150.jpg\" alt=\"\" width=\"150\" height=\"150\" srcset=\"https:\/\/danielgoyone.com\/wp-content\/uploads\/2018\/08\/sang-et-or-CD-150x150.jpg 150w, https:\/\/danielgoyone.com\/wp-content\/uploads\/2018\/08\/sang-et-or-CD-100x100.jpg 100w, https:\/\/danielgoyone.com\/wp-content\/uploads\/2018\/08\/sang-et-or-CD.jpg 300w\" sizes=\"(max-width: 150px) 100vw, 150px\" \/><b><i> Sang et Or ,<\/i><\/b> cr\u00e9ation musicale pour vibraphone, xylophone, percussions, accord\u00e9on, saxophone, contrebasse.<\/p>\n<p>&nbsp;<\/p>\n<p><b>Piwiz Trio : <\/b>Pirly Zurstrassen piano, compositeur, Barbara Wiernick, chant, Jacques Pirotton, guitare. (Home Records, mars 2009; www.homerecords.be)<\/p>\n<p><b>M\u00f4nica Passos :<\/b> <b><i>Casamento<\/i><\/b><\/p>\n<p><b>Erick de Armas :<\/b> <b><i>Alivio y recuerdo<\/i><\/b><\/p>\n<p><b>Fran\u00e7ois Du Bois :<\/b> <b><i>Entre deux mondes<\/i><\/b><\/p>\n<p><b>David Venitucci :<\/b> <b><i>Cascade<\/i><\/b><\/p>\n<p><b>Morton Feldman Jazz tributes<\/b> : (Villars edition \/ UK)<\/p>\n<p><b>Ivan Paduart : <\/b><b><i>My French Heart<\/i><\/b> , 2005 (Alone Red Records)<\/p>\n<p><b>Nicole Rieu <\/b>: <b><i>Ah Ah<\/i><\/b><\/p>\n<p><b>Orchestre National de Jazz :<\/b> <b><i>ONJ 87<\/i><\/b><\/p>\n<p><b>Jean-Pierre Alarcen :<\/b> <b><i>Tableau n\u00b01 <\/i><\/b>(1979) (\u00e0 \u00e9couter sur YouTube)<\/p>\n<p><b>Pierre Charial :<\/b> <b><i>Hors Gabarit<\/i><\/b><\/p>\n<p><b>La s\u00e9lection du chef :<\/b>\u00a0 chez Na\u00efve Enfants, 2006 (U318117)[\/vc_column_text][vc_empty_space][vc_custom_heading text=&#8221;Commissioned Works&#8221; font_container=&#8221;tag:h2|font_size:30|text_align:left|color:%23000000&#8243; google_fonts=&#8221;font_family:Playfair%20Display%3Aregular%2Citalic%2C700%2C700italic%2C900%2C900italic|font_style:400%20regular%3A400%3Anormal&#8221; fit_bg_text=&#8221;0&#8243;]\t<div class=\"dividerwrap\" style=\"padding-top:px; padding-bottom:px;\">\r\n\t\t<div class=\"defaultdivider left\" style=\"background-color:#000000\"><\/div>\r\n\t\t<div class=\"clear\"><\/div>\r\n\t<\/div>[vc_column_text]<b><i>Sang et Or ,<\/i><\/b> cr\u00e9ation musicale pour<strong> spectacle de Cirque<\/strong> (Zanzibar). Pour vibraphone, xylophone, percussions, accord\u00e9on, saxophone, contrebasse.<\/p>\n<p><b><i>Chansons \u00e0 la vanille et au citron :<\/i><\/b> pour choeur d&#8217;enfants, piano, fl\u00fbte et percussions, sur des textes de Victor Hugo, Verlaine, Charles Cros, Gabriel Vicaire,&#8230;; Th\u00e9\u00e2tre de Grasse, pour les &#8220;Ecoles chantantes&#8221;, 2006<\/p>\n<p><b><i>Couleurs du Monde<\/i><\/b>, indicatif pour France Musique, 2004<\/p>\n<p>Orchestre des <em><b>Concerts Lamoureux <\/b><\/em>: 3 musiques sur des textes de Jacques Pr\u00e9vert (&#8220;Le Bouquet&#8221;, &#8220;Quartier Libre&#8221;, &#8220;\u00catre \u00c2ne, c&#8217;est \u00c9trange&#8221;), pour quintette \u00e0 cordes, fl\u00fbte, clarinette, hautbois et r\u00e9citant, 2004<\/p>\n<p>Trois pi\u00e8ces pour orchestre d&#8217;harmonie : <b><i>Hookle Snookle,\u00a0 Carla&#8217;s Song, Choro do Papaga\u00efo. <\/i><\/b>Commande de l&#8217;Harmonie de Cosne-sur-Loire (2009)<\/p>\n<p><b><i>Choro do Papaga\u00efo<\/i><\/b> pour quintette \u00e0 cordes, fl\u00fbte, hautbois, clarinette, cor, guitare. Th\u00e9\u00e2tre de Rochefort (2007)<\/p>\n<p>Tam-Tam L&#8217;Europe : <b><i>A la recherche du Tam-tam perdu <\/i><\/b>pour 10 batteries, 1991<\/p>\n<p>Orchestre National de Jazz : <b><i>The Slinker<\/i><\/b>, 1986<\/p>\n<p>Jazzog\u00e8ne Orchestra : <b><i>Black, White and Ochre,<\/i><\/b> pour big band de jazz, 1990[\/vc_column_text][vc_empty_space height=&#8221;150px&#8221;][\/vc_column][\/vc_row]<\/p>\n","protected":false},"excerpt":{"rendered":"<p>[vc_row iron_row_type=&#8221;full_width&#8221; iron_remove_padding_medium=&#8221;tabletnopadding&#8221; iron_remove_padding_small=&#8221;&#8221; iron_overlay_pattern=&#8221;&#8221; iron_parallax=&#8221;&#8221; iron_bg_video=&#8221;&#8221; css=&#8221;.vc_custom_1535113950977{padding-top: 13% !important;padding-bottom: 13% !important;background-image: url(http:\/\/danielgoyone.com\/wp-content\/uploads\/2018\/08\/m2.jpg?id=6091) !important;}&#8221;][vc_column offset=&#8221;vc_hidden-xs&#8221;][vc_custom_heading text=&#8221;Recordings with other artists&#8221; font_container=&#8221;tag:h3|font_size:14|text_align:center|color:%23ffffff&#8221; google_fonts=&#8221;font_family:Playfair%20Display%3Aregular%2Citalic%2C700%2C700italic%2C900%2C900italic|font_style:400%20regular%3A400%3Anormal&#8221; fit_bg_text=&#8221;0&#8243;][\/vc_column][\/vc_row][vc_row gap=&#8221;30&#8243; content_placement=&#8221;middle&#8221; iron_row_type=&#8221;in_container&#8221; iron_remove_padding_medium=&#8221;tabletnopadding&#8221; iron_remove_padding_small=&#8221;&#8221; iron_overlay_pattern=&#8221;&#8221; iron_parallax=&#8221;&#8221; iron_bg_video=&#8221;&#8221; css=&#8221;.vc_custom_1452103132850{border-bottom-width: 80px !important;padding-top: 80px !important;background-color: #ffffff !important;}&#8221;][vc_column width=&#8221;1\/3&#8243;][vc_single_image image=&#8221;6106&#8243; img_fullwidth=&#8221;0&#8243; title=&#8221;Claude Nougaro&#8221;][\/vc_column][vc_column width=&#8221;1\/3&#8243;][vc_column_text]Nougayork (WEA) Pacifique (WEA) Live au Zenith (WEA) [\/vc_column_text][\/vc_column][vc_column width=&#8221;1\/3&#8243;][vc_column_text]Une voix dix doigts (Philips\/Phonogram) Chansongs (Philips\/Phonogram) The best de sc\u00e8ne (Philips\/Phonogram) La note bleue (Blue Note)[\/vc_column_text][\/vc_column][\/vc_row][vc_row gap=&#8221;30&#8243; content_placement=&#8221;middle&#8221; iron_row_type=&#8221;in_container&#8221; iron_remove_padding_medium=&#8221;tabletnopadding&#8221; iron_remove_padding_small=&#8221;&#8221; iron_overlay_pattern=&#8221;&#8221; iron_parallax=&#8221;&#8221; iron_bg_video=&#8221;&#8221; css=&#8221;.vc_custom_1452103132850{border-bottom-width: 80px !important;padding-top: 80px [&hellip;]<\/p>\n","protected":false},"author":1,"featured_media":0,"parent":0,"menu_order":0,"comment_status":"closed","ping_status":"closed","template":"","meta":[],"_links":{"self":[{"href":"https:\/\/danielgoyone.com\/en\/wp-json\/wp\/v2\/pages\/6653"}],"collection":[{"href":"https:\/\/danielgoyone.com\/en\/wp-json\/wp\/v2\/pages"}],"about":[{"href":"https:\/\/danielgoyone.com\/en\/wp-json\/wp\/v2\/types\/page"}],"author":[{"embeddable":true,"href":"https:\/\/danielgoyone.com\/en\/wp-json\/wp\/v2\/users\/1"}],"replies":[{"embeddable":true,"href":"https:\/\/danielgoyone.com\/en\/wp-json\/wp\/v2\/comments?post=6653"}],"version-history":[{"count":4,"href":"https:\/\/danielgoyone.com\/en\/wp-json\/wp\/v2\/pages\/6653\/revisions"}],"predecessor-version":[{"id":6722,"href":"https:\/\/danielgoyone.com\/en\/wp-json\/wp\/v2\/pages\/6653\/revisions\/6722"}],"wp:attachment":[{"href":"https:\/\/danielgoyone.com\/en\/wp-json\/wp\/v2\/media?parent=6653"}],"curies":[{"name":"wp","href":"https:\/\/api.w.org\/{rel}","templated":true}]}}