{"id":6590,"date":"2018-11-16T10:09:02","date_gmt":"2018-11-16T09:09:02","guid":{"rendered":"http:\/\/danielgoyone.com\/?page_id=6590"},"modified":"2020-06-26T17:31:21","modified_gmt":"2020-06-26T15:31:21","slug":"biography","status":"publish","type":"page","link":"https:\/\/danielgoyone.com\/en\/biography\/","title":{"rendered":"Biography"},"content":{"rendered":"<p>[vc_row content_placement=&#8221;middle&#8221; iron_row_type=&#8221;full_width&#8221; iron_remove_padding_medium=&#8221;&#8221; iron_remove_padding_small=&#8221;&#8221; iron_overlay_pattern=&#8221;&#8221; iron_parallax=&#8221;parallax&#8221; iron_bg_video=&#8221;&#8221; css=&#8221;.vc_custom_1532355321985{padding-top: 165px !important;padding-bottom: 165px !important;background-position: center !important;background-repeat: no-repeat !important;background-size: cover !important;}&#8221;][vc_column][\/vc_column][\/vc_row][vc_row iron_row_type=&#8221;full_width&#8221; iron_remove_padding_medium=&#8221;tabletnopadding&#8221; iron_remove_padding_small=&#8221;&#8221; iron_overlay_pattern=&#8221;&#8221; iron_parallax=&#8221;&#8221; iron_bg_video=&#8221;&#8221; css=&#8221;.vc_custom_1452106591529{padding-right: 10px !important;padding-left: 10px !important;}&#8221;][vc_column][vc_row_inner iron_bg_video=&#8221;&#8221; css=&#8221;.vc_custom_1532356283196{background-color: #000000 !important;}&#8221;][vc_column_inner width=&#8221;1\/2&#8243;][vc_custom_heading text=&#8221;Daniel Goyone<br \/>\n&#8221; font_container=&#8221;tag:h4|font_size:18px|text_align:justify|color:%23dddddd|line_height:11px&#8221; google_fonts=&#8221;font_family:Lato%3A100%2C100italic%2C300%2C300italic%2Cregular%2Citalic%2C700%2C700italic%2C900%2C900italic|font_style:900%20bold%20regular%3A900%3Anormal&#8221; fit_bg_text=&#8221;0&#8243; el_class=&#8221;.costumespacing1&#8243; css=&#8221;.vc_custom_1542382726033{margin-bottom: -15px !important;}&#8221;][vc_empty_space height=&#8221;30px&#8221;][vc_column_text css=&#8221;.vc_custom_1542626143284{margin-right: 4px !important;}&#8221;]<\/p>\n<p style=\"text-align: left;\"><span style=\"color: #f0ebeb;\"><em>Since 35 years, Daniel Goyone has developed a very personal composer&#8217;s universe, far removed from the usual musical classifications.\u00a0<\/em><\/span><\/p>\n<p style=\"text-align: left;\"><span style=\"color: #f0ebeb;\"><em>As a pianist coming from the jazz world (records with Bunny Brunel with the participation of Chick Corea among others), with Latin American (Cuban and Brazilian) and Indian (a long collaboration with the percussionist Trilok Gurtu) influences, Daniel Goyone&#8217;s music owes much to melody, writing and a thorough study of modal and rhythmic cycles.<\/em><\/span><\/p>\n<p style=\"text-align: left;\"><span style=\"color: #f0ebeb;\"><em>The particular nature of this music explains why it has been widely interpreted by singers such as Claude Nougaro, jazz bands like the Orchestre National de Jazz, or Chamber Orchestras.<\/em><\/span><\/p>\n<p style=\"text-align: left;\"><span style=\"color: #f0ebeb;\"><em>It has frequently featured in radio and television jingles, in movies and in the theatre.<\/em><\/span><\/p>\n<p style=\"text-align: left;\"><span style=\"color: #f0ebeb;\"><em>Daniel Goyone is also recognized as a pioneer of teaching methods by extending jazz education to other fields as practice of rhythm, use of modes and scales and composing.<\/em><\/span><\/p>\n<p>[\/vc_column_text][\/vc_column_inner][vc_column_inner width=&#8221;1\/2&#8243;][vc_single_image image=&#8221;5602&#8243; img_size=&#8221;full&#8221; img_fullwidth=&#8221;0&#8243;][\/vc_column_inner][\/vc_row_inner][\/vc_column][\/vc_row][vc_row iron_row_type=&#8221;in_container&#8221; iron_remove_padding_medium=&#8221;tabletnopadding&#8221; iron_remove_padding_small=&#8221;mobilenopadding&#8221; iron_overlay_pattern=&#8221;&#8221; iron_parallax=&#8221;&#8221; iron_bg_video=&#8221;&#8221; css=&#8221;.vc_custom_1432916017400{padding-right: 8px !important;padding-left: 8px !important;}&#8221;][vc_column width=&#8221;1\/2&#8243;][vc_empty_space height=&#8221;30px&#8221;][vc_custom_heading text=&#8221;Recordings<br \/>\n&#8221; font_container=&#8221;tag:h4|font_size:18px|text_align:left|color:%23dddddd|line_height:12px&#8221; google_fonts=&#8221;font_family:Lato%3A100%2C100italic%2C300%2C300italic%2Cregular%2Citalic%2C700%2C700italic%2C900%2C900italic|font_style:900%20bold%20regular%3A900%3Anormal&#8221; fit_bg_text=&#8221;0&#8243; el_class=&#8221;.costumespacing1&#8243; css=&#8221;.vc_custom_1542359699742{margin-bottom: -15px !important;}&#8221;][vc_empty_space height=&#8221;50px&#8221;][vc_column_text]<\/p>\n<p style=\"text-align: left;\"><span style=\"color: #f0ebeb;\"><em> Daniel Goyone (Cream records 1982)<\/em><\/span><\/p>\n<p style=\"text-align: left;\"><span style=\"color: #f0ebeb;\"><em>Goyone 2 ( Label Bleu 1986)<\/em><\/span><\/p>\n<p style=\"text-align: left;\"><span style=\"color: #f0ebeb;\"><em>Third Time ( Label Bleu 1989)<\/em><\/span><\/p>\n<p style=\"text-align: left;\"><span style=\"color: #f0ebeb;\"><em>Lueurs Bleues ( Label Bleu 1993)<\/em><\/span><\/p>\n<p style=\"text-align: left;\"><span style=\"color: #f0ebeb;\"><em>Il y a de l\u2019Orange dans le Bleu ( Label Bleu 1995)<\/em><\/span><\/p>\n<p style=\"text-align: left;\"><span style=\"color: #f0ebeb;\"><em>Haute Mer ( Label Bleu 1999)<\/em><\/span><\/p>\n<p style=\"text-align: left;\"><span style=\"color: #f0ebeb;\"><em>Etranges Man\u00e8ges (CC Production 2004)<\/em><\/span><\/p>\n<p style=\"text-align: left;\"><span style=\"color: #ffffff;\"><em>Goyone Blues ( Hevhetia 2014)<\/em><\/span><\/p>\n<p style=\"text-align: left;\"><span style=\"color: #f0ebeb;\"><em>French Keys (InOu\u00efe 2018)<\/em><\/span><\/p>\n<p>[\/vc_column_text][\/vc_column][vc_column width=&#8221;1\/2&#8243;][vc_single_image image=&#8221;6679&#8243; img_size=&#8221;medium&#8221; alignment=&#8221;right&#8221; style=&#8221;vc_box_shadow&#8221; css_animation=&#8221;appear&#8221; img_fullwidth=&#8221;0&#8243;][\/vc_column][\/vc_row][vc_row iron_row_type=&#8221;in_container&#8221; iron_remove_padding_medium=&#8221;&#8221; iron_remove_padding_small=&#8221;&#8221; iron_overlay_pattern=&#8221;&#8221; iron_parallax=&#8221;&#8221; iron_bg_video=&#8221;&#8221;][vc_column width=&#8221;2\/3&#8243;][vc_empty_space height=&#8221;50px&#8221;][vc_custom_heading text=&#8221;In the Press<br \/>\n&#8221; font_container=&#8221;tag:h4|font_size:18px|text_align:left|color:%23dddddd|line_height:12px&#8221; google_fonts=&#8221;font_family:Lato%3A100%2C100italic%2C300%2C300italic%2Cregular%2Citalic%2C700%2C700italic%2C900%2C900italic|font_style:900%20bold%20regular%3A900%3Anormal&#8221; fit_bg_text=&#8221;0&#8243; el_class=&#8221;.costumespacing1&#8243; css=&#8221;.vc_custom_1542382762374{margin-bottom: -15px !important;}&#8221;][vc_empty_space height=&#8221;50px&#8221;][vc_column_text css=&#8221;.vc_custom_1542626222365{margin-right: 4px !important;}&#8221;]<span style=\"color: #999999;\"><em>Il est un paradoxe savoureux dans l&#8217;art de Daniel Goyone: l&#8217;on se prend \u00e0 vouloir fredonner ses m\u00e9lodies, en d\u00e9pit d&#8217;une complexit\u00e9 r\u00e9elle. <\/em><strong>(Jazz Hot)<\/strong><\/span><\/p>\n<p align=\"JUSTIFY\"><span style=\"color: #ffffff;\"><span style=\"font-family: Arial;\"><span style=\"font-size: medium;\">&#8220;There is a delicious paradox in Daniel Goyone&#8217;s art : We find ourselves wanting to hum his melodies despite their obvious complexity.&#8221; (Jazz Hot)<\/span><\/span><\/span><\/p>\n<p><span style=\"color: #999999;\"><em>Une musique r\u00eaveuse et nostalgique, comme tendue vers un r\u00eave de r\u00e9conciliation: le jazz et le classique fran\u00e7ais, l&#8217;outrance intellectuelle et la na\u00efvet\u00e9 romantique, le populaire et l&#8217;\u00e9litiste. <\/em><strong>(Le Figaro)<\/strong><\/span><\/p>\n<p align=\"JUSTIFY\"><span style=\"font-family: Arial; color: #f0ebeb;\"><span style=\"font-size: medium;\">&#8220;A nostalgic and dreamy music aiming to reconcile opposing forces: jazz and French classical music, overwhelming intellectualism and romantic naivety, the popular and the elite.&#8221; (Le Fig<\/span><\/span><span style=\"color: #ffffff;\"><span style=\"font-family: Arial;\"><span style=\"font-size: medium;\">aro)<\/span><\/span><\/span><\/p>\n<p><span style=\"color: #999999;\"><em>Une exigence extr\u00eame au niveau de la conception associ\u00e9e \u00e0 une fluidit\u00e9 d&#8217;ex\u00e9cution totale.<\/em> <strong>(Piano Magazine)<\/strong><\/span><\/p>\n<p align=\"JUSTIFY\"><span style=\"color: #f0ebeb;\"><span style=\"font-family: Arial;\"><span style=\"font-size: medium;\">&#8220;Extremely demanding on a conceptual level &#8211; seamlessly executed.<\/span><\/span><span style=\"font-family: Arial;\"><span style=\"font-size: medium;\">\u00a0(Piano Magazine)<\/span><\/span><\/span><\/p>\n<p align=\"JUSTIFY\"><span style=\"color: #999999;\"><em>S&#8217;il fallait r\u00e9sumer mon approche de la composition : harmoniser les rythmes et rythmer les harmonies pour susciter des m\u00e9lodies originales (Daniel Goyone)<\/em><\/span><\/p>\n<p align=\"JUSTIFY\"><span style=\"color: #ffffff;\"><span style=\"font-family: Arial;\"><span style=\"font-size: medium;\">&#8220;<span style=\"color: #f0ebeb;\">If I were to summarise my idea of a composer: harmonize the rhythms and rhythm the harmonies to stimulate melodic inspiration.&#8221; (Daniel Goyone)<\/span><\/span><\/span><\/span><\/p>\n<p>[\/vc_column_text][vc_empty_space height=&#8221;50px&#8221;][\/vc_column][vc_column width=&#8221;1\/3&#8243;][vc_single_image image=&#8221;6611&#8243; img_size=&#8221;full&#8221; img_fullwidth=&#8221;0&#8243;][\/vc_column][\/vc_row][vc_row iron_row_type=&#8221;in_container&#8221; iron_remove_padding_medium=&#8221;&#8221; iron_remove_padding_small=&#8221;&#8221; iron_overlay_pattern=&#8221;&#8221; iron_parallax=&#8221;&#8221; iron_bg_video=&#8221;&#8221;][vc_column width=&#8221;2\/3&#8243;][vc_empty_space height=&#8221;50px&#8221;][vc_custom_heading text=&#8221;Books<br \/>\n&#8221; font_container=&#8221;tag:h4|font_size:18px|text_align:left|color:%23dddddd|line_height:12px&#8221; google_fonts=&#8221;font_family:Lato%3A100%2C100italic%2C300%2C300italic%2Cregular%2Citalic%2C700%2C700italic%2C900%2C900italic|font_style:900%20bold%20regular%3A900%3Anormal&#8221; fit_bg_text=&#8221;0&#8243; el_class=&#8221;.costumespacing1&#8243; css=&#8221;.vc_custom_1542383606124{margin-bottom: -15px !important;}&#8221;][vc_empty_space height=&#8221;50px&#8221;][vc_column_text css=&#8221;.vc_custom_1542884691579{margin-right: 4px !important;}&#8221;]<\/p>\n<p style=\"text-align: left;\"><span style=\"color: #ffffff;\"><em>\u2014 Le langage de l\u2019Improvisation (french text),\u00a0 Musicom 1993 \/ 1999<\/em><\/span><\/p>\n<p style=\"text-align: left;\"><span style=\"color: #ffffff;\"><em>\u2014 Rythmes (french text), Editions Outre Mesure 1999 \/ 2002 \/ 2007<\/em><\/span><\/p>\n<p style=\"text-align: left;\"><span style=\"color: #ffffff;\"><em>\u2014 Les Cahiers du Rythme Vol. 1, 2 &amp; 3 (french text), Editions Outre Mesure 2008<\/em><\/span><\/p>\n<p style=\"text-align: left;\"><em><span style=\"color: #ffffff;\">\u2014 Ab\u00e9c\u00e9daire de la Composition (french text), Editions Outre Mesure 2012<\/span><\/em><\/p>\n<p>[\/vc_column_text][vc_empty_space height=&#8221;30px&#8221;][vc_custom_heading text=&#8221;Sheet Music<br \/>\n&#8221; font_container=&#8221;tag:h4|font_size:18px|text_align:left|color:%23dddddd|line_height:12px&#8221; google_fonts=&#8221;font_family:Lato%3A100%2C100italic%2C300%2C300italic%2Cregular%2Citalic%2C700%2C700italic%2C900%2C900italic|font_style:900%20bold%20regular%3A900%3Anormal&#8221; fit_bg_text=&#8221;0&#8243; el_class=&#8221;.costumespacing1&#8243; css=&#8221;.vc_custom_1542383477035{margin-bottom: -15px !important;}&#8221;][vc_empty_space height=&#8221;50px&#8221;][vc_column_text css=&#8221;.vc_custom_1542626249044{margin-right: 4px !important;}&#8221;]<\/p>\n<p style=\"text-align: left;\"><span style=\"color: #f0ebeb;\"><em>\u2014 S\u00e9lection de Compositions pour piano (Label Bleu)<\/em><\/span><\/p>\n<p style=\"text-align: left;\"><span style=\"color: #f0ebeb;\"><em>\u2014 Mermaids (for 2 marimbas) : Editions Dhalmann 2010<\/em><\/span><\/p>\n<p style=\"text-align: left;\"><em><span style=\"color: #ffffff;\"><span style=\"color: #f0ebeb;\">\u2014 Goyone Blues : dowload at <\/span><a style=\"color: #ffffff;\" href=\"https:\/\/www.planetepartitions.com\/fr\/\" target=\"_blank\" rel=\"noopener noreferrer\" data-saferedirecturl=\"https:\/\/www.google.com\/url?q=https:\/\/www.planetepartitions.com\/fr\/&amp;source=gmail&amp;ust=1542444283010000&amp;usg=AFQjCNFtm7vaCNfMe3qd2esWyfg0Rs9Sjw\"><span style=\"color: #f0ebeb;\">https:\/\/ww<\/span>w.planetepartitions.<wbr \/>com\/fr\/<\/a><\/span><\/em><\/p>\n<p>[\/vc_column_text][vc_empty_space height=&#8221;50px&#8221;][\/vc_column][vc_column width=&#8221;1\/3&#8243;][vc_empty_space height=&#8221;50px&#8221;][vc_single_image image=&#8221;5532&#8243; img_size=&#8221;full&#8221; img_fullwidth=&#8221;0&#8243;][\/vc_column][\/vc_row][vc_row iron_row_type=&#8221;in_container&#8221; iron_remove_padding_medium=&#8221;&#8221; iron_remove_padding_small=&#8221;&#8221; iron_overlay_pattern=&#8221;&#8221; iron_parallax=&#8221;&#8221; iron_bg_video=&#8221;&#8221;][vc_column][vc_empty_space height=&#8221;75px&#8221;][\/vc_column][\/vc_row]<\/p>\n","protected":false},"excerpt":{"rendered":"<p>[vc_row content_placement=&#8221;middle&#8221; iron_row_type=&#8221;full_width&#8221; iron_remove_padding_medium=&#8221;&#8221; iron_remove_padding_small=&#8221;&#8221; iron_overlay_pattern=&#8221;&#8221; iron_parallax=&#8221;parallax&#8221; iron_bg_video=&#8221;&#8221; css=&#8221;.vc_custom_1532355321985{padding-top: 165px !important;padding-bottom: 165px !important;background-position: center !important;background-repeat: no-repeat !important;background-size: cover !important;}&#8221;][vc_column][\/vc_column][\/vc_row][vc_row iron_row_type=&#8221;full_width&#8221; iron_remove_padding_medium=&#8221;tabletnopadding&#8221; iron_remove_padding_small=&#8221;&#8221; iron_overlay_pattern=&#8221;&#8221; iron_parallax=&#8221;&#8221; iron_bg_video=&#8221;&#8221; css=&#8221;.vc_custom_1452106591529{padding-right: 10px !important;padding-left: 10px !important;}&#8221;][vc_column][vc_row_inner iron_bg_video=&#8221;&#8221; css=&#8221;.vc_custom_1532356283196{background-color: #000000 !important;}&#8221;][vc_column_inner width=&#8221;1\/2&#8243;][vc_custom_heading text=&#8221;Daniel Goyone &#8221; font_container=&#8221;tag:h4|font_size:18px|text_align:justify|color:%23dddddd|line_height:11px&#8221; google_fonts=&#8221;font_family:Lato%3A100%2C100italic%2C300%2C300italic%2Cregular%2Citalic%2C700%2C700italic%2C900%2C900italic|font_style:900%20bold%20regular%3A900%3Anormal&#8221; fit_bg_text=&#8221;0&#8243; el_class=&#8221;.costumespacing1&#8243; css=&#8221;.vc_custom_1542382726033{margin-bottom: -15px !important;}&#8221;][vc_empty_space height=&#8221;30px&#8221;][vc_column_text css=&#8221;.vc_custom_1542626143284{margin-right: 4px !important;}&#8221;] Since 35 years, Daniel Goyone has developed a very personal composer&#8217;s universe, far removed from the usual musical classifications.\u00a0 As a pianist coming from the jazz world (records with Bunny Brunel [&hellip;]<\/p>\n","protected":false},"author":1,"featured_media":0,"parent":0,"menu_order":0,"comment_status":"closed","ping_status":"closed","template":"","meta":[],"_links":{"self":[{"href":"https:\/\/danielgoyone.com\/en\/wp-json\/wp\/v2\/pages\/6590"}],"collection":[{"href":"https:\/\/danielgoyone.com\/en\/wp-json\/wp\/v2\/pages"}],"about":[{"href":"https:\/\/danielgoyone.com\/en\/wp-json\/wp\/v2\/types\/page"}],"author":[{"embeddable":true,"href":"https:\/\/danielgoyone.com\/en\/wp-json\/wp\/v2\/users\/1"}],"replies":[{"embeddable":true,"href":"https:\/\/danielgoyone.com\/en\/wp-json\/wp\/v2\/comments?post=6590"}],"version-history":[{"count":29,"href":"https:\/\/danielgoyone.com\/en\/wp-json\/wp\/v2\/pages\/6590\/revisions"}],"predecessor-version":[{"id":7378,"href":"https:\/\/danielgoyone.com\/en\/wp-json\/wp\/v2\/pages\/6590\/revisions\/7378"}],"wp:attachment":[{"href":"https:\/\/danielgoyone.com\/en\/wp-json\/wp\/v2\/media?parent=6590"}],"curies":[{"name":"wp","href":"https:\/\/api.w.org\/{rel}","templated":true}]}}